{"id":3,"date":"2020-11-30T11:12:39","date_gmt":"2020-11-30T11:12:39","guid":{"rendered":"https:\/\/canbopet.com\/?page_id=3"},"modified":"2026-01-27T19:38:57","modified_gmt":"2026-01-28T03:38:57","slug":"privacy-policy","status":"publish","type":"page","link":"https:\/\/canbopet.com\/de\/privacy-policy\/","title":{"rendered":"Datenschutzbestimmungen"},"content":{"rendered":"<style>.elementor-3 .elementor-element.elementor-element-7ec1c6c1{--display:flex;--gap:40px 40px;--row-gap:40px;--column-gap:40px;--margin-top:150px;--margin-bottom:0px;--margin-left:0px;--margin-right:0px;--padding-top:10px;--padding-bottom:10px;--padding-left:20px;--padding-right:20px;}.elementor-3 .elementor-element.elementor-element-64404b6{text-align:center;}.elementor-3 .elementor-element.elementor-element-64404b6 .elementor-heading-title{font-family:\"Jost\", Sans-serif;font-size:50px;}.elementor-3 .elementor-element.elementor-element-6f224d78{font-family:\"Jost\", Sans-serif;font-size:20px;line-height:40px;}:root{--page-title-display:none;}body.elementor-page-3{margin:0px 0px 0px 0px;}@media(max-width:767px){.elementor-3 .elementor-element.elementor-element-64404b6 .elementor-heading-title{font-size:30px;}.elementor-3 .elementor-element.elementor-element-6f224d78{font-size:18px;}}<\/style>\t\t<div data-elementor-type=\"wp-page\" data-elementor-id=\"3\" class=\"elementor elementor-3\" data-elementor-post-type=\"page\">\n\t\t\t\t<div class=\"elementor-element elementor-element-7ec1c6c1 e-flex e-con-boxed elementor-repeater-item-default_padding elementor-repeater-item-none elementor-repeater-item-none_hover e-con e-parent\" data-id=\"7ec1c6c1\" data-element_type=\"container\" data-e-type=\"container\" data-settings=\"{&quot;ang_container_spacing_size&quot;:&quot;default_padding&quot;}\">\n\t\t\t\t\t<div class=\"e-con-inner\">\n\t\t\t\t<div class=\"elementor-element elementor-element-64404b6 elementor-repeater-item-none elementor-repeater-item-none_hover elementor-widget elementor-widget-heading\" data-id=\"64404b6\" data-element_type=\"widget\" data-e-type=\"widget\" data-widget_type=\"heading.default\">\n\t\t\t\t<div class=\"elementor-widget-container\">\n\t\t\t\t\t<h2 class=\"elementor-heading-title elementor-size-default\">Datenschutzbestimmungen<\/h2>\t\t\t\t<\/div>\n\t\t\t\t<\/div>\n\t\t\t\t<div class=\"elementor-element elementor-element-6f224d78 elementor-repeater-item-none elementor-repeater-item-none_hover elementor-widget elementor-widget-text-editor\" data-id=\"6f224d78\" data-element_type=\"widget\" data-e-type=\"widget\" data-widget_type=\"text-editor.default\">\n\t\t\t\t<div class=\"elementor-widget-container\">\n\t\t\t\t\t\t\t\t\t\n<p>Ihre Privatsph\u00e4re ist uns wichtig. Es geh\u00f6rt zur Unternehmenspolitik von Changzhou Canbo Travel Products Co., LTD, Ihre Privatsph\u00e4re zu respektieren und alle geltenden Gesetze und Vorschriften in Bezug auf personenbezogene Daten, die wir \u00fcber Sie erheben, einzuhalten, einschlie\u00dflich auf unserer Website., <a href=\"https:\/\/canbopet.com\/de\/\">https:\/\/canbopet.com<\/a>, und andere Websites, die wir besitzen und betreiben.<\/p>\n\n<p>Diese Richtlinie tritt am 20. August 2024 in Kraft und wurde zuletzt am 20. August 2024 aktualisiert.<\/p>\n\n<p><strong>Informationen, die wir sammeln<\/strong><\/p>\n\n<p>Zu den von uns erfassten Daten geh\u00f6ren sowohl Informationen, die Sie uns bewusst und aktiv bei der Nutzung oder Teilnahme an unseren Diensten und Werbeaktionen zur Verf\u00fcgung stellen, als auch alle Informationen, die von Ihren Ger\u00e4ten beim Zugriff auf unsere Produkte und Dienste automatisch \u00fcbermittelt werden.<\/p>\n\n<p><strong>Protokolldaten<\/strong><\/p>\n\n<p>Wenn Sie unsere Website besuchen, protokollieren unsere Server m\u00f6glicherweise automatisch die von Ihrem Webbrowser bereitgestellten Standarddaten. Dazu k\u00f6nnen die IP-Adresse Ihres Ger\u00e4ts, Ihr Browsertyp und Ihre Browserversion, die von Ihnen besuchten Seiten, Uhrzeit und Datum Ihres Besuchs, die auf jeder Seite verbrachte Zeit, weitere Details zu Ihrem Besuch sowie technische Details im Zusammenhang mit eventuell aufgetretenen Fehlern geh\u00f6ren.<\/p>\n\n<p>Bitte beachten Sie, dass diese Informationen zwar f\u00fcr sich genommen keine R\u00fcckschl\u00fcsse auf die Identit\u00e4t einer Person zulassen, jedoch m\u00f6glicherweise mit anderen Daten kombiniert werden k\u00f6nnen, um einzelne Personen zu identifizieren.<\/p>\n\n<p><strong>Pers\u00f6nliche Daten<\/strong><\/p>\n\n<p>Wir k\u00f6nnen nach pers\u00f6nlichen Informationen fragen, die eine oder mehrere der folgenden Informationen umfassen k\u00f6nnen:<\/p>\n\n<ul class=\"wp-block-list\">\n<li>Name<\/li>\n\n<li>E-Mail Adresse<\/li>\n<\/ul>\n\n<p><strong>Legitime Gr\u00fcnde f\u00fcr die Verarbeitung Ihrer personenbezogenen Daten<\/strong><\/p>\n\n<p>Wir erfassen und verwenden Ihre personenbezogenen Daten nur, wenn wir einen legitimen Grund daf\u00fcr haben. In solchen F\u00e4llen erfassen wir nur personenbezogene Daten, die f\u00fcr die Erbringung unserer Dienstleistungen f\u00fcr Sie erforderlich sind.<\/p>\n\n<p><strong>Erhebung und Verwendung von Informationen<\/strong><\/p>\n\n<p>Wir k\u00f6nnen personenbezogene Daten von Ihnen erfassen, wenn Sie auf unserer Website eine der folgenden Aktionen durchf\u00fchren:<\/p>\n\n<ul class=\"wp-block-list\">\n<li>Verwenden Sie ein mobiles Ger\u00e4t oder einen Webbrowser, um auf unsere Inhalte zuzugreifen.<\/li>\n\n<li>Kontaktieren Sie uns per E-Mail, \u00fcber soziale Medien oder andere \u00e4hnliche Technologien.<\/li>\n\n<li>Erw\u00e4hnen Sie uns in den sozialen Medien<\/li>\n<\/ul>\n\n<p>Wir k\u00f6nnen Informationen f\u00fcr die folgenden Zwecke sammeln, speichern, verwenden und weitergeben, wobei personenbezogene Daten nicht in einer Weise weiterverarbeitet werden, die mit diesen Zwecken unvereinbar ist:<\/p>\n\n<ul class=\"wp-block-list\">\n<li>Damit Sie Ihre Nutzung unserer Website individuell anpassen oder personalisieren k\u00f6nnen.<\/li>\n\n<li>F\u00fcr Analysen, Marktforschung und Gesch\u00e4ftsentwicklung, einschlie\u00dflich des Betriebs und der Verbesserung unserer Website, der zugeh\u00f6rigen Anwendungen und der zugeh\u00f6rigen Social-Media-Plattformen<\/li>\n<\/ul>\n\n<p>Bitte beachten Sie, dass wir die \u00fcber Sie erhobenen Daten mit allgemeinen Informationen oder Forschungsdaten kombinieren k\u00f6nnen, die wir aus anderen vertrauensw\u00fcrdigen Quellen erhalten.<\/p>\n\n<p><strong>Sicherheit Ihrer pers\u00f6nlichen Daten<\/strong><\/p>\n\n<p>Wenn wir personenbezogene Daten erheben und verarbeiten und w\u00e4hrend wir diese Daten speichern, sch\u00fctzen wir sie mit wirtschaftlich vertretbaren Mitteln, um Verlust und Diebstahl sowie unbefugten Zugriff, Offenlegung, Kopieren, Verwendung oder \u00c4nderung zu verhindern.<\/p>\n\n<p>Obwohl wir unser Bestes tun, um die von Ihnen bereitgestellten personenbezogenen Daten zu sch\u00fctzen, weisen wir darauf hin, dass keine Methode der elektronischen \u00dcbertragung oder Speicherung zu 100 % sicher ist und niemand absolute Datensicherheit garantieren kann. Wir werden die f\u00fcr uns geltenden Gesetze in Bezug auf Datenverst\u00f6\u00dfe einhalten.<\/p>\n\n<p>Sie sind f\u00fcr die Auswahl Ihres Passworts und dessen allgemeine Sicherheitsst\u00e4rke verantwortlich und m\u00fcssen die Sicherheit Ihrer eigenen Daten im Rahmen unserer Dienste gew\u00e4hrleisten.<\/p>\n\n<p><strong>Wie lange bewahren wir Ihre pers\u00f6nlichen Informationen auf?<\/strong><\/p>\n\n<p>Wir speichern Ihre personenbezogenen Daten nur so lange, wie wir sie ben\u00f6tigen. Dieser Zeitraum kann davon abh\u00e4ngen, wof\u00fcr wir Ihre Daten gem\u00e4\u00df dieser Datenschutzerkl\u00e4rung verwenden. Wenn Ihre personenbezogenen Daten nicht mehr ben\u00f6tigt werden, l\u00f6schen wir sie oder anonymisieren sie, indem wir alle Details entfernen, die R\u00fcckschl\u00fcsse auf Ihre Person zulassen.<\/p>\n\n<p>Bei Bedarf k\u00f6nnen wir Ihre personenbezogenen Daten jedoch zur Erf\u00fcllung gesetzlicher, buchhalterischer oder Berichtspflichten oder zu Archivierungszwecken im \u00f6ffentlichen Interesse, zu wissenschaftlichen oder historischen Forschungszwecken oder zu statistischen Zwecken aufbewahren.<\/p>\n\n<p><strong>Datenschutz f\u00fcr Kinder<\/strong><\/p>\n\n<p>Wir richten keines unserer Produkte oder Dienstleistungen direkt an Kinder unter 13 Jahren und sammeln wissentlich keine personenbezogenen Daten von Kindern unter 13 Jahren.<\/p>\n\n<p><strong>Internationale \u00dcbermittlung personenbezogener Daten<\/strong><\/p>\n\n<p>Die von uns erfassten personenbezogenen Daten werden dort gespeichert und\/oder verarbeitet, wo wir oder unsere Partner, verbundenen Unternehmen und Drittanbieter Einrichtungen unterhalten. Bitte beachten Sie, dass die Orte, an denen wir Ihre personenbezogenen Daten speichern, verarbeiten oder \u00fcbertragen, m\u00f6glicherweise nicht denselben Datenschutzgesetzen unterliegen wie das Land, in dem Sie die Daten urspr\u00fcnglich bereitgestellt haben. Wenn wir Ihre personenbezogenen Daten an Dritte in anderen L\u00e4ndern weitergeben: (1) f\u00fchren wir diese \u00dcbertragungen in \u00dcbereinstimmung mit den Anforderungen des geltenden Rechts durch; und (2) sch\u00fctzen wir die \u00fcbertragenen personenbezogenen Daten in \u00dcbereinstimmung mit dieser Datenschutzrichtlinie.<\/p>\n\n<p><strong>Ihre Rechte und die Kontrolle Ihrer personenbezogenen Daten<\/strong><\/p>\n\n<p>Sie haben jederzeit das Recht, uns personenbezogene Daten vorzuenthalten, wobei Ihnen bewusst sein muss, dass dies Ihre Nutzung unserer Website beeintr\u00e4chtigen kann. Wir werden Sie nicht diskriminieren, wenn Sie Ihre Rechte in Bezug auf Ihre personenbezogenen Daten aus\u00fcben. Wenn Sie uns personenbezogene Daten zur Verf\u00fcgung stellen, erkl\u00e4ren Sie sich damit einverstanden, dass wir diese gem\u00e4\u00df dieser Datenschutzerkl\u00e4rung erheben, speichern, verwenden und weitergeben. Sie haben das Recht, Auskunft \u00fcber alle personenbezogenen Daten zu verlangen, die wir \u00fcber Sie gespeichert haben.<\/p>\n\n<p>Wenn wir personenbezogene Daten \u00fcber Sie von einem Dritten erhalten, werden wir diese gem\u00e4\u00df dieser Datenschutzerkl\u00e4rung sch\u00fctzen. Wenn Sie als Dritter personenbezogene Daten \u00fcber eine andere Person bereitstellen, versichern und garantieren Sie, dass Sie die Zustimmung dieser Person zur Weitergabe der personenbezogenen Daten an uns haben.<\/p>\n\n<p>Wenn Sie zuvor zugestimmt haben, dass wir Ihre personenbezogenen Daten f\u00fcr Direktmarketingzwecke verwenden, k\u00f6nnen Sie Ihre Meinung jederzeit \u00e4ndern. Wir bieten Ihnen die M\u00f6glichkeit, sich aus unserer E-Mail-Datenbank auszutragen oder sich von Mitteilungen abzumelden. Bitte beachten Sie, dass wir unter Umst\u00e4nden bestimmte Informationen von Ihnen anfordern m\u00fcssen, um Ihre Identit\u00e4t zu best\u00e4tigen.<\/p>\n\n<p>Wenn Sie der Meinung sind, dass die von uns \u00fcber Sie gespeicherten Daten unrichtig, veraltet, unvollst\u00e4ndig, irrelevant oder irref\u00fchrend sind, kontaktieren Sie uns bitte unter Verwendung der in dieser Datenschutzerkl\u00e4rung angegebenen Kontaktdaten. Wir werden angemessene Ma\u00dfnahmen ergreifen, um alle Daten zu korrigieren, die sich als unrichtig, unvollst\u00e4ndig, irref\u00fchrend oder veraltet herausstellen.<\/p>\n\n<p>Wenn Sie der Meinung sind, dass wir gegen ein relevantes Datenschutzgesetz versto\u00dfen haben, und eine Beschwerde einreichen m\u00f6chten, kontaktieren Sie uns bitte unter Verwendung der unten angegebenen Kontaktdaten und teilen Sie uns alle Einzelheiten des mutma\u00dflichen Versto\u00dfes mit. Wir werden Ihre Beschwerde umgehend untersuchen und Ihnen schriftlich antworten, wobei wir Ihnen das Ergebnis unserer Untersuchung und die Ma\u00dfnahmen, die wir zur Bearbeitung Ihrer Beschwerde ergreifen werden, darlegen. Sie haben auch das Recht, sich bez\u00fcglich Ihrer Beschwerde an eine Aufsichtsbeh\u00f6rde oder Datenschutzbeh\u00f6rde zu wenden.<\/p>\n\n<p><strong>Verwendung von Cookies<\/strong><\/p>\n\n<p>Wir verwenden \u201cCookies\u201d, um Informationen \u00fcber Sie und Ihre Aktivit\u00e4ten auf unserer Website zu sammeln. Ein Cookie ist ein kleiner Datensatz, den unsere Website auf Ihrem Computer speichert und bei jedem Besuch abruft, damit wir verstehen k\u00f6nnen, wie Sie unsere Website nutzen. Dies hilft uns, Ihnen Inhalte auf der Grundlage der von Ihnen angegebenen Pr\u00e4ferenzen anzubieten.<\/p>\n\n<p><strong>Grenzen unserer Politik<\/strong><\/p>\n\n<p>Unsere Website kann Links zu externen Websites enthalten, die nicht von uns betrieben werden. Bitte beachten Sie, dass wir keinen Einfluss auf die Inhalte und Richtlinien dieser Websites haben und keine Verantwortung oder Haftung f\u00fcr deren jeweilige Datenschutzpraktiken \u00fcbernehmen k\u00f6nnen.<\/p>\n\n<p><strong>\u00c4nderungen dieser Richtlinie<\/strong><\/p>\n\n<p>Wir behalten uns das Recht vor, unsere Datenschutzerkl\u00e4rung zu \u00e4ndern, um Aktualisierungen unserer Gesch\u00e4ftsprozesse, derzeit akzeptierte Praktiken oder gesetzliche oder beh\u00f6rdliche \u00c4nderungen zu ber\u00fccksichtigen. Wenn wir uns entscheiden, diese Datenschutzerkl\u00e4rung zu \u00e4ndern, werden wir die \u00c4nderungen hier unter demselben Link ver\u00f6ffentlichen, \u00fcber den Sie auf diese Datenschutzerkl\u00e4rung zugreifen.<\/p>\n\n<p>Wenn dies gesetzlich vorgeschrieben ist, holen wir Ihre Erlaubnis ein oder geben Ihnen die M\u00f6glichkeit, sich f\u00fcr oder gegen eine neue Verwendung Ihrer personenbezogenen Daten zu entscheiden.<\/p>\n\n<p><strong>Kontakt<\/strong><\/p>\n\n<p>Bei Fragen oder Bedenken zum Datenschutz k\u00f6nnen Sie sich unter folgenden Kontaktdaten an uns wenden:<\/p>\n\n<p>Changzhou Canbo Reiseartikel GmbH<br \/><a href=\"https:\/\/canbopet.com\/de\/\">https:\/\/canbopet.com<\/a><\/p>\n\t\t\t\t\t\t\t\t<\/div>\n\t\t\t\t<\/div>\n\t\t\t\t\t<\/div>\n\t\t\t\t<\/div>\n\t\t\t\t<\/div>","protected":false},"excerpt":{"rendered":"<p>Privacy Policy Your privacy is important to us. It is Changzhou Canbo Travel Products Co., LTD&#8217;s policy to respect your privacy and comply with any applicable law and regulation regarding any personal information we may collect about you, including across our website, https:\/\/canbopet.com, and other sites we own and operate. This policy is effective as&#8230;<\/p>","protected":false},"author":1,"featured_media":0,"parent":0,"menu_order":0,"comment_status":"closed","ping_status":"open","template":"","meta":{"_seopress_robots_primary_cat":"","_seopress_titles_title":"","_seopress_titles_desc":"","_seopress_robots_index":"","footnotes":""},"class_list":["post-3","page","type-page","status-publish"],"meta_box":[],"_links":{"self":[{"href":"https:\/\/canbopet.com\/de\/wp-json\/wp\/v2\/pages\/3","targetHints":{"allow":["GET"]}}],"collection":[{"href":"https:\/\/canbopet.com\/de\/wp-json\/wp\/v2\/pages"}],"about":[{"href":"https:\/\/canbopet.com\/de\/wp-json\/wp\/v2\/types\/page"}],"author":[{"embeddable":true,"href":"https:\/\/canbopet.com\/de\/wp-json\/wp\/v2\/users\/1"}],"replies":[{"embeddable":true,"href":"https:\/\/canbopet.com\/de\/wp-json\/wp\/v2\/comments?post=3"}],"version-history":[{"count":0,"href":"https:\/\/canbopet.com\/de\/wp-json\/wp\/v2\/pages\/3\/revisions"}],"wp:attachment":[{"href":"https:\/\/canbopet.com\/de\/wp-json\/wp\/v2\/media?parent=3"}],"curies":[{"name":"wp","href":"https:\/\/api.w.org\/{rel}","templated":true}]}}