{"id":3319,"date":"2024-08-20T04:51:11","date_gmt":"2024-08-20T12:51:11","guid":{"rendered":"https:\/\/canbopet.com\/?page_id=3319"},"modified":"2024-08-20T05:10:41","modified_gmt":"2024-08-20T13:10:41","slug":"terms-of-services","status":"publish","type":"page","link":"https:\/\/canbopet.com\/de\/terms-of-services\/","title":{"rendered":"Bedingungen und Konditionen"},"content":{"rendered":"<p>Willkommen bei Changzhou Canbo Travel Products Co., LTD!<\/p>\n\n\n\n<p>Diese Bedingungen beschreiben die Regeln und Vorschriften f\u00fcr die Nutzung der Website von Changzhou Canbo Travel Products Co., LTD, die sich unter folgender Adresse befindet <a href=\"https:\/\/canbopet.com\/de\/\">https:\/\/canbopet.com<\/a>.<\/p>\n\n\n\n<p>Wenn Sie auf diese Website zugreifen, gehen wir davon aus, dass Sie diese Bestimmungen und Bedingungen akzeptieren. Setzen Sie die Nutzung der Website nicht fort, wenn Sie nicht mit allen auf dieser Seite genannten Bedingungen einverstanden sind.<\/p>\n\n\n\n<p><strong>Kekse:<\/strong><\/p>\n\n\n\n<p>Wir verwenden Cookies. Wenn Sie auf unsere Website zugreifen, stimmen Sie der Verwendung von Cookies in \u00dcbereinstimmung mit unserer Datenschutzrichtlinie zu. Cookies werden verwendet, um Ihr Online-Erlebnis zu personalisieren, und einige sind f\u00fcr den Betrieb unserer Website erforderlich. Sie k\u00f6nnen die Cookie-Pr\u00e4ferenzen \u00fcber Ihre Browser-Einstellungen verwalten.<\/p>\n\n\n\n<p><strong>Lizenz:<\/strong><\/p>\n\n\n\n<p>Sofern nicht anders angegeben, sind die Changzhou Canbo Travel Products Co., LTD und\/oder ihre Lizenzgeber Eigent\u00fcmer der geistigen Eigentumsrechte f\u00fcr das gesamte Material auf dieser Website. Alle geistigen Eigentumsrechte sind vorbehalten. Sie k\u00f6nnen auf Material von unserer Website f\u00fcr Ihren pers\u00f6nlichen Gebrauch zugreifen, vorbehaltlich der in diesen Bedingungen und Konditionen festgelegten Einschr\u00e4nkungen.<\/p>\n\n\n\n<p>Das d\u00fcrfen Sie nicht:<\/p>\n\n\n\n<ul class=\"wp-block-list\">\n<li>Kopieren oder Wiederver\u00f6ffentlichen von Material von unserer Website<\/li>\n\n\n\n<li>Verkauf, Vermietung oder Unterlizenzierung von Material von unserer Website<\/li>\n\n\n\n<li>Material von unserer Website zu reproduzieren, zu vervielf\u00e4ltigen oder zu kopieren<\/li>\n\n\n\n<li>Weiterverbreitung von Inhalten von unserer Website<\/li>\n<\/ul>\n\n\n\n<p>Dieses Abkommen beginnt mit dem Datum dieses Abkommens.<\/p>\n\n\n\n<p><strong>Benutzer-Kommentare:<\/strong><\/p>\n\n\n\n<p>In bestimmten Bereichen unserer Website k\u00f6nnen die Nutzer Kommentare abgeben oder Informationen austauschen. Changzhou Canbo Travel Products Co., LTD filtert, bearbeitet, ver\u00f6ffentlicht oder \u00fcberpr\u00fcft Kommentare nicht, bevor sie auf der Website erscheinen. Die Kommentare spiegeln die Ansichten der Person wider, die sie gepostet hat, und geben nicht unbedingt die Ansichten des Unternehmens wieder.<\/p>\n\n\n\n<p>Wir behalten uns das Recht vor, alle Kommentare zu \u00fcberwachen und solche zu entfernen, die unangemessen oder beleidigend sind oder gegen die vorliegenden Nutzungsbedingungen versto\u00dfen.<\/p>\n\n\n\n<p>Sie garantieren und sichern zu, dass:<\/p>\n\n\n\n<ul class=\"wp-block-list\">\n<li>Sie sind berechtigt, die Kommentare auf unserer Website zu ver\u00f6ffentlichen, und verf\u00fcgen \u00fcber alle erforderlichen Lizenzen und Genehmigungen, um dies zu tun;<\/li>\n\n\n\n<li>Die Kommentare verletzen keine geistigen Eigentumsrechte Dritter;<\/li>\n\n\n\n<li>Die Kommentare enthalten kein diffamierendes, verleumderisches, beleidigendes oder anderweitig rechtswidriges Material;<\/li>\n\n\n\n<li>Die Kommentare werden nicht dazu verwendet, um f\u00fcr Gesch\u00e4fte zu werben oder ungesetzliche Aktivit\u00e4ten darzustellen.<\/li>\n<\/ul>\n\n\n\n<p>Sie gew\u00e4hren Changzhou Canbo Travel Products Co., LTD hiermit eine nicht-exklusive Lizenz zur Nutzung, Reproduktion, Bearbeitung und Autorisierung anderer zur Nutzung, Reproduktion und Bearbeitung Ihrer Kommentare in allen Formen, Formaten oder Medien.<\/p>\n\n\n\n<p><strong>Hyperlinking zu unserem Inhalt:<\/strong><\/p>\n\n\n\n<p>Die folgenden Organisationen d\u00fcrfen ohne vorherige schriftliche Genehmigung auf unsere Website verlinken:<\/p>\n\n\n\n<ul class=\"wp-block-list\">\n<li>Staatliche Stellen;<\/li>\n\n\n\n<li>Suchmaschinen;<\/li>\n\n\n\n<li>Nachrichtenorganisationen;<\/li>\n\n\n\n<li>Online-Verzeichnisverteiler k\u00f6nnen auf unsere Website in der gleichen Weise verlinken, wie sie auf andere eingetragene Unternehmen verlinken;<\/li>\n\n\n\n<li>Systemweit zugelassene Unternehmen mit Ausnahme von gemeinn\u00fctzigen Organisationen, Einkaufszentren f\u00fcr wohlt\u00e4tige Zwecke und Gruppen, die Spenden sammeln.<\/li>\n<\/ul>\n\n\n\n<p>Wir k\u00f6nnen Linkanfragen von anderen Organisationen ber\u00fccksichtigen und genehmigen, wenn wir entscheiden, dass: (a) der Link uns nicht in ein schlechtes Licht r\u00fccken w\u00fcrde; (b) die Organisation keine negativen Eintr\u00e4ge bei uns hat; (c) der Vorteil der Sichtbarkeit des Hyperlinks die Abwesenheit von Changzhou Canbo Travel Products Co., LTD ausgleicht; und (d) der Link im Zusammenhang mit allgemeinen Informationen steht.<\/p>\n\n\n\n<p>Zugelassene Organisationen d\u00fcrfen Hyperlinks zu unserer Website wie folgt setzen:<\/p>\n\n\n\n<ul class=\"wp-block-list\">\n<li>durch Verwendung unseres Firmennamens; oder<\/li>\n\n\n\n<li>durch Verwendung des Uniform Resource Locator, auf den verlinkt wird; oder<\/li>\n\n\n\n<li>Durch die Verwendung einer anderen Beschreibung unserer Website, auf die verlinkt wird, die im Kontext und im Format des Inhalts der Website der verlinkenden Partei sinnvoll ist.<\/li>\n<\/ul>\n\n\n\n<p>Die Verwendung des Logos oder anderer Grafiken von Changzhou Canbo Travel Products Co., LTD f\u00fcr die Verlinkung ist ohne eine Markenlizenzvereinbarung nicht gestattet.<\/p>\n\n\n\n<p><strong>Haftung f\u00fcr den Inhalt:<\/strong><\/p>\n\n\n\n<p>Wir sind nicht f\u00fcr Inhalte verantwortlich, die auf Ihrer Website erscheinen. Sie verpflichten sich, uns gegen alle Anspr\u00fcche zu sch\u00fctzen und zu verteidigen, die sich aus den Inhalten Ihrer Website ergeben. Auf einer Website d\u00fcrfen keine Links erscheinen, die als verleumderisch, obsz\u00f6n oder kriminell ausgelegt werden k\u00f6nnten oder die Rechte Dritter verletzen oder deren Verletzung bef\u00fcrworten.<\/p>\n\n\n\n<p><strong>Vorbehalt der Rechte:<\/strong><\/p>\n\n\n\n<p>Wir behalten uns das Recht vor, Sie aufzufordern, alle Links oder einen bestimmten Link zu unserer Website zu entfernen. Sie verpflichten sich, alle Links zu unserer Website auf Verlangen unverz\u00fcglich zu entfernen. Wir behalten uns au\u00dferdem das Recht vor, diese Bedingungen und die Linkpolitik jederzeit zu \u00e4ndern. Durch die kontinuierliche Verkn\u00fcpfung mit unserer Website erkl\u00e4ren Sie sich damit einverstanden, an diese Verkn\u00fcpfungsbedingungen gebunden zu sein und diese zu befolgen.<\/p>\n\n\n\n<p><strong>Entfernung von Links von unserer Website:<\/strong><\/p>\n\n\n\n<p>Wenn Sie einen Link auf unserer Website finden, der aus irgendeinem Grund anst\u00f6\u00dfig ist, k\u00f6nnen Sie uns jederzeit kontaktieren und informieren. Wir werden Anfragen zur Entfernung von Links pr\u00fcfen, sind aber nicht verpflichtet, dies zu tun oder direkt zu antworten.<\/p>\n\n\n\n<p><strong>Haftungsausschluss:<\/strong><\/p>\n\n\n\n<p>Soweit es das geltende Recht zul\u00e4sst, schlie\u00dfen wir alle Zusicherungen, Garantien und Bedingungen in Bezug auf unsere Website und die Nutzung dieser Website aus. Nichts in diesem Haftungsausschluss wird:<\/p>\n\n\n\n<ul class=\"wp-block-list\">\n<li>unsere oder Ihre Haftung f\u00fcr Tod oder K\u00f6rperverletzung zu begrenzen oder auszuschlie\u00dfen;<\/li>\n\n\n\n<li>unsere oder Ihre Haftung f\u00fcr Betrug oder arglistige T\u00e4uschung einzuschr\u00e4nken oder auszuschlie\u00dfen;<\/li>\n\n\n\n<li>unsere oder Ihre Haftung in einer Weise zu beschr\u00e4nken, die nach geltendem Recht nicht zul\u00e4ssig ist; oder<\/li>\n\n\n\n<li>Unsere oder Ihre Haftung ausschlie\u00dfen, die nach geltendem Recht nicht ausgeschlossen werden kann.<\/li>\n<\/ul>\n\n\n\n<p>Die in diesem Abschnitt und an anderen Stellen dieses Haftungsausschlusses festgelegten Haftungsbeschr\u00e4nkungen und -verbote gelten f\u00fcr alle Haftungen, die sich aus dem Haftungsausschluss ergeben, einschlie\u00dflich der Haftungen, die sich aus Vertr\u00e4gen, unerlaubten Handlungen und aus der Verletzung gesetzlicher Pflichten ergeben.<\/p>\n\n\n\n<p>Solange die Website sowie die Informationen und Dienstleistungen auf der Website kostenlos zur Verf\u00fcgung gestellt werden, haften wir nicht f\u00fcr Verluste oder Sch\u00e4den jeglicher Art.<\/p>","protected":false},"excerpt":{"rendered":"<p>Welcome to Changzhou Canbo Travel Products Co., LTD! These terms and conditions outline the rules and regulations for the use of Changzhou Canbo Travel Products Co., LTD&#8217;s Website, located at https:\/\/canbopet.com. By accessing this website, we assume you accept these terms and conditions. Do not continue to use the website if you do not agree&#8230;<\/p>","protected":false},"author":1,"featured_media":0,"parent":0,"menu_order":0,"comment_status":"closed","ping_status":"closed","template":"","meta":{"_seopress_robots_primary_cat":"","_seopress_titles_title":"","_seopress_titles_desc":"","_seopress_robots_index":"","footnotes":""},"class_list":["post-3319","page","type-page","status-publish"],"meta_box":[],"_links":{"self":[{"href":"https:\/\/canbopet.com\/de\/wp-json\/wp\/v2\/pages\/3319","targetHints":{"allow":["GET"]}}],"collection":[{"href":"https:\/\/canbopet.com\/de\/wp-json\/wp\/v2\/pages"}],"about":[{"href":"https:\/\/canbopet.com\/de\/wp-json\/wp\/v2\/types\/page"}],"author":[{"embeddable":true,"href":"https:\/\/canbopet.com\/de\/wp-json\/wp\/v2\/users\/1"}],"replies":[{"embeddable":true,"href":"https:\/\/canbopet.com\/de\/wp-json\/wp\/v2\/comments?post=3319"}],"version-history":[{"count":0,"href":"https:\/\/canbopet.com\/de\/wp-json\/wp\/v2\/pages\/3319\/revisions"}],"wp:attachment":[{"href":"https:\/\/canbopet.com\/de\/wp-json\/wp\/v2\/media?parent=3319"}],"curies":[{"name":"wp","href":"https:\/\/api.w.org\/{rel}","templated":true}]}}