{"id":3,"date":"2020-11-30T11:12:39","date_gmt":"2020-11-30T11:12:39","guid":{"rendered":"https:\/\/canbopet.com\/?page_id=3"},"modified":"2026-01-27T19:38:57","modified_gmt":"2026-01-28T03:38:57","slug":"privacy-policy","status":"publish","type":"page","link":"https:\/\/canbopet.com\/es\/privacy-policy\/","title":{"rendered":"Pol\u00edtica de privacidad"},"content":{"rendered":"<style>.elementor-3 .elementor-element.elementor-element-7ec1c6c1{--display:flex;--gap:40px 40px;--row-gap:40px;--column-gap:40px;--margin-top:150px;--margin-bottom:0px;--margin-left:0px;--margin-right:0px;--padding-top:10px;--padding-bottom:10px;--padding-left:20px;--padding-right:20px;}.elementor-3 .elementor-element.elementor-element-64404b6{text-align:center;}.elementor-3 .elementor-element.elementor-element-64404b6 .elementor-heading-title{font-family:\"Jost\", Sans-serif;font-size:50px;}.elementor-3 .elementor-element.elementor-element-6f224d78{font-family:\"Jost\", Sans-serif;font-size:20px;line-height:40px;}:root{--page-title-display:none;}body.elementor-page-3{margin:0px 0px 0px 0px;}@media(max-width:767px){.elementor-3 .elementor-element.elementor-element-64404b6 .elementor-heading-title{font-size:30px;}.elementor-3 .elementor-element.elementor-element-6f224d78{font-size:18px;}}<\/style>\t\t<div data-elementor-type=\"wp-page\" data-elementor-id=\"3\" class=\"elementor elementor-3\" data-elementor-post-type=\"page\">\n\t\t\t\t<div class=\"elementor-element elementor-element-7ec1c6c1 e-flex e-con-boxed elementor-repeater-item-default_padding elementor-repeater-item-none elementor-repeater-item-none_hover e-con e-parent\" data-id=\"7ec1c6c1\" data-element_type=\"container\" data-e-type=\"container\" data-settings=\"{&quot;ang_container_spacing_size&quot;:&quot;default_padding&quot;}\">\n\t\t\t\t\t<div class=\"e-con-inner\">\n\t\t\t\t<div class=\"elementor-element elementor-element-64404b6 elementor-repeater-item-none elementor-repeater-item-none_hover elementor-widget elementor-widget-heading\" data-id=\"64404b6\" data-element_type=\"widget\" data-e-type=\"widget\" data-widget_type=\"heading.default\">\n\t\t\t\t<div class=\"elementor-widget-container\">\n\t\t\t\t\t<h2 class=\"elementor-heading-title elementor-size-default\">Pol\u00edtica de privacidad<\/h2>\t\t\t\t<\/div>\n\t\t\t\t<\/div>\n\t\t\t\t<div class=\"elementor-element elementor-element-6f224d78 elementor-repeater-item-none elementor-repeater-item-none_hover elementor-widget elementor-widget-text-editor\" data-id=\"6f224d78\" data-element_type=\"widget\" data-e-type=\"widget\" data-widget_type=\"text-editor.default\">\n\t\t\t\t<div class=\"elementor-widget-container\">\n\t\t\t\t\t\t\t\t\t\n<p>Su privacidad es importante para nosotros. Es la pol\u00edtica de Changzhou Canbo Travel Products Co, LTD de respetar su privacidad y cumplir con cualquier ley y regulaci\u00f3n aplicable con respecto a cualquier informaci\u00f3n personal que podamos recopilar sobre usted, incluyendo a trav\u00e9s de nuestro sitio web, <a href=\"https:\/\/canbopet.com\/es\/\">https:\/\/canbopet.com<\/a>, y otros sitios que poseemos y gestionamos.<\/p>\n\n<p>Esta pol\u00edtica entra en vigor el 20 de agosto de 2024 y se actualiz\u00f3 por \u00faltima vez el 20 de agosto de 2024.<\/p>\n\n<p><strong>Informaci\u00f3n que recopilamos<\/strong><\/p>\n\n<p>La informaci\u00f3n que recopilamos incluye tanto la informaci\u00f3n que usted nos proporciona consciente y activamente al utilizar o participar en cualquiera de nuestros servicios y promociones, como cualquier informaci\u00f3n enviada autom\u00e1ticamente por sus dispositivos en el curso del acceso a nuestros productos y servicios.<\/p>\n\n<p><strong>Datos de registro<\/strong><\/p>\n\n<p>Cuando visita nuestro sitio web, nuestros servidores pueden registrar autom\u00e1ticamente los datos est\u00e1ndar proporcionados por su navegador web. Puede incluir la direcci\u00f3n de protocolo de Internet (IP) de su dispositivo, el tipo y la versi\u00f3n de su navegador, las p\u00e1ginas que visita, la hora y la fecha de su visita, el tiempo que pasa en cada p\u00e1gina, otros detalles sobre su visita y detalles t\u00e9cnicos que se producen junto con los errores que pueda encontrar.<\/p>\n\n<p>Tenga en cuenta que, si bien esta informaci\u00f3n puede no ser personalmente identificable por s\u00ed misma, puede ser posible combinarla con otros datos para identificar personalmente a personas concretas.<\/p>\n\n<p><strong>Informaci\u00f3n personal<\/strong><\/p>\n\n<p>Podemos solicitar informaci\u00f3n personal, que puede incluir uno o m\u00e1s de los siguientes datos:<\/p>\n\n<ul class=\"wp-block-list\">\n<li>Nombre<\/li>\n\n<li>Direcci\u00f3n de correo electr\u00f3nico<\/li>\n<\/ul>\n\n<p><strong>Motivos leg\u00edtimos para tratar sus datos personales<\/strong><\/p>\n\n<p>S\u00f3lo recogemos y utilizamos su informaci\u00f3n personal cuando tenemos una raz\u00f3n leg\u00edtima para hacerlo. En tales casos, solo recopilamos la informaci\u00f3n personal que es razonablemente necesaria para prestarle nuestros servicios.<\/p>\n\n<p><strong>Recogida y uso de la informaci\u00f3n<\/strong><\/p>\n\n<p>Podemos recopilar informaci\u00f3n personal sobre usted cuando realice cualquiera de las siguientes acciones en nuestro sitio web:<\/p>\n\n<ul class=\"wp-block-list\">\n<li>Utilizar un dispositivo m\u00f3vil o un navegador web para acceder a nuestros contenidos<\/li>\n\n<li>P\u00f3ngase en contacto con nosotros por correo electr\u00f3nico, redes sociales u otras tecnolog\u00edas similares<\/li>\n\n<li>Menci\u00f3nenos en las redes sociales<\/li>\n<\/ul>\n\n<p>Podemos recoger, conservar, utilizar y divulgar informaci\u00f3n para los fines que se indican a continuaci\u00f3n, y la informaci\u00f3n personal no se tratar\u00e1 de forma incompatible con dichos fines:<\/p>\n\n<ul class=\"wp-block-list\">\n<li>Para permitirle personalizar su experiencia en nuestro sitio web.<\/li>\n\n<li>Para an\u00e1lisis, estudios de mercado y desarrollo empresarial, incluido el funcionamiento y la mejora de nuestro sitio web, aplicaciones asociadas y plataformas de medios sociales asociadas.<\/li>\n<\/ul>\n\n<p>Tenga en cuenta que podemos combinar la informaci\u00f3n que recopilamos sobre usted con informaci\u00f3n general o datos de investigaci\u00f3n que recibimos de otras fuentes de confianza.<\/p>\n\n<p><strong>Seguridad de sus datos personales<\/strong><\/p>\n\n<p>Cuando recopilemos y procesemos informaci\u00f3n personal, y mientras conservemos esta informaci\u00f3n, la protegeremos con medios comercialmente aceptables para evitar p\u00e9rdidas y robos, as\u00ed como el acceso, la divulgaci\u00f3n, la copia, el uso o la modificaci\u00f3n no autorizados.<\/p>\n\n<p>Aunque haremos todo lo posible por proteger la informaci\u00f3n personal que nos facilite, le advertimos de que ning\u00fan m\u00e9todo de transmisi\u00f3n o almacenamiento electr\u00f3nico es 100% seguro, y nadie puede garantizar la seguridad absoluta de los datos. Cumpliremos la legislaci\u00f3n que nos sea aplicable en caso de violaci\u00f3n de datos.<\/p>\n\n<p>Usted es responsable de la selecci\u00f3n de cualquier contrase\u00f1a y de su nivel general de seguridad, garantizando la seguridad de su propia informaci\u00f3n dentro de los l\u00edmites de nuestros servicios.<\/p>\n\n<p><strong>\u00bfCu\u00e1nto tiempo conservamos sus datos personales?<\/strong><\/p>\n\n<p>Conservamos sus datos personales s\u00f3lo el tiempo necesario. Este periodo de tiempo puede depender del uso que hagamos de su informaci\u00f3n, de acuerdo con esta pol\u00edtica de privacidad. Si su informaci\u00f3n personal deja de ser necesaria, la borraremos o la haremos an\u00f3nima eliminando todos los datos que le identifiquen.<\/p>\n\n<p>No obstante, en caso necesario, podremos conservar sus datos personales para cumplir una obligaci\u00f3n legal, contable o de informaci\u00f3n, o para fines de archivo en inter\u00e9s p\u00fablico, fines de investigaci\u00f3n cient\u00edfica o hist\u00f3rica, o fines estad\u00edsticos.<\/p>\n\n<p><strong>Privacidad infantil<\/strong><\/p>\n\n<p>No dirigimos ninguno de nuestros productos o servicios directamente a ni\u00f1os menores de 13 a\u00f1os, y no recopilamos conscientemente informaci\u00f3n personal sobre ni\u00f1os menores de 13 a\u00f1os.<\/p>\n\n<p><strong>Transferencias internacionales de datos personales<\/strong><\/p>\n\n<p>La informaci\u00f3n personal que recopilamos se almacena y\/o procesa en los lugares en los que nosotros o nuestros socios, afiliados y proveedores externos disponemos de instalaciones. Tenga en cuenta que los lugares a los que almacenamos, procesamos o transferimos su informaci\u00f3n personal pueden no tener las mismas leyes de protecci\u00f3n de datos que el pa\u00eds en el que usted proporcion\u00f3 inicialmente la informaci\u00f3n. Si transferimos su informaci\u00f3n personal a terceros en otros pa\u00edses: (1) realizaremos esas transferencias de acuerdo con los requisitos de la legislaci\u00f3n aplicable; y (2) protegeremos la informaci\u00f3n personal transferida de acuerdo con esta pol\u00edtica de privacidad.<\/p>\n\n<p><strong>Sus derechos y el control de sus datos personales<\/strong><\/p>\n\n<p>Usted siempre conserva el derecho a no facilitarnos informaci\u00f3n personal, entendiendo que su experiencia en nuestro sitio web puede verse afectada. No le discriminaremos por ejercer cualquiera de sus derechos sobre su informaci\u00f3n personal. Si nos proporciona informaci\u00f3n personal, entiende que la recopilaremos, conservaremos, utilizaremos y divulgaremos de acuerdo con esta pol\u00edtica de privacidad. Usted conserva el derecho a solicitar detalles sobre cualquier informaci\u00f3n personal que tengamos sobre usted.<\/p>\n\n<p>Si recibimos informaci\u00f3n personal sobre usted de un tercero, la protegeremos como se establece en esta pol\u00edtica de privacidad. Si usted es un tercero que proporciona informaci\u00f3n personal sobre otra persona, usted declara y garantiza que tiene el consentimiento de esa persona para proporcionarnos la informaci\u00f3n personal.<\/p>\n\n<p>Si ha aceptado previamente que utilicemos su informaci\u00f3n personal para fines de marketing directo, puede cambiar de opini\u00f3n en cualquier momento. Le ofreceremos la posibilidad de darse de baja de nuestra base de datos de correo electr\u00f3nico o de optar por no recibir comunicaciones. Tenga en cuenta que es posible que necesitemos solicitarle informaci\u00f3n espec\u00edfica que nos ayude a confirmar su identidad.<\/p>\n\n<p>Si cree que la informaci\u00f3n que tenemos sobre usted es inexacta, obsoleta, incompleta, irrelevante o enga\u00f1osa, p\u00f3ngase en contacto con nosotros a trav\u00e9s de los datos que figuran en esta pol\u00edtica de privacidad. Tomaremos las medidas razonables para corregir cualquier informaci\u00f3n que resulte inexacta, incompleta, enga\u00f1osa o anticuada.<\/p>\n\n<p>Si cree que hemos infringido alguna ley de protecci\u00f3n de datos y desea presentar una queja, p\u00f3ngase en contacto con nosotros utilizando los datos que figuran a continuaci\u00f3n y facil\u00edtenos todos los detalles de la presunta infracci\u00f3n. Investigaremos sin demora su reclamaci\u00f3n y le responderemos por escrito, exponiendo el resultado de nuestra investigaci\u00f3n y las medidas que tomaremos para tramitar su reclamaci\u00f3n. Tambi\u00e9n tiene derecho a ponerse en contacto con un organismo regulador o una autoridad de protecci\u00f3n de datos en relaci\u00f3n con su queja.<\/p>\n\n<p><strong>Uso de cookies<\/strong><\/p>\n\n<p>Utilizamos \u201ccookies\u201d para recoger informaci\u00f3n sobre usted y su actividad en nuestro sitio. Una cookie es un peque\u00f1o fragmento de datos que nuestro sitio web almacena en su ordenador y al que accede cada vez que nos visita, para que podamos entender c\u00f3mo utiliza nuestro sitio. Esto nos ayuda a ofrecerle contenidos basados en las preferencias que haya especificado.<\/p>\n\n<p><strong>L\u00edmites de nuestra pol\u00edtica<\/strong><\/p>\n\n<p>Nuestro sitio web puede contener enlaces a sitios externos no gestionados por nosotros. Por favor, tenga en cuenta que no tenemos control sobre el contenido y las pol\u00edticas de esos sitios y no podemos aceptar responsabilidad por sus respectivas pr\u00e1cticas de privacidad.<\/p>\n\n<p><strong>Cambios en esta pol\u00edtica<\/strong><\/p>\n\n<p>A nuestra discreci\u00f3n, podemos cambiar nuestra pol\u00edtica de privacidad para reflejar las actualizaciones de nuestros procesos de negocio, las pr\u00e1cticas actuales aceptables, o cambios legislativos o reglamentarios. Si decidimos cambiar esta pol\u00edtica de privacidad, publicaremos los cambios aqu\u00ed en el mismo enlace por el que est\u00e1 accediendo a esta pol\u00edtica de privacidad.<\/p>\n\n<p>Si as\u00ed lo exige la ley, obtendremos su permiso o le permitiremos aceptar o rechazar, seg\u00fan proceda, cualquier nuevo uso de su informaci\u00f3n personal.<\/p>\n\n<p><strong>Contacte con nosotros<\/strong><\/p>\n\n<p>Para cualquier pregunta o duda sobre su privacidad, puede ponerse en contacto con nosotros utilizando los siguientes datos:<\/p>\n\n<p>Changzhou Canbo Travel Products Co., LTD<br \/><a href=\"https:\/\/canbopet.com\/es\/\">https:\/\/canbopet.com<\/a><\/p>\n\t\t\t\t\t\t\t\t<\/div>\n\t\t\t\t<\/div>\n\t\t\t\t\t<\/div>\n\t\t\t\t<\/div>\n\t\t\t\t<\/div>","protected":false},"excerpt":{"rendered":"<p>Privacy Policy Your privacy is important to us. It is Changzhou Canbo Travel Products Co., LTD&#8217;s policy to respect your privacy and comply with any applicable law and regulation regarding any personal information we may collect about you, including across our website, https:\/\/canbopet.com, and other sites we own and operate. This policy is effective as&#8230;<\/p>","protected":false},"author":1,"featured_media":0,"parent":0,"menu_order":0,"comment_status":"closed","ping_status":"open","template":"","meta":{"_seopress_robots_primary_cat":"","_seopress_titles_title":"","_seopress_titles_desc":"","_seopress_robots_index":"","footnotes":""},"class_list":["post-3","page","type-page","status-publish"],"meta_box":[],"_links":{"self":[{"href":"https:\/\/canbopet.com\/es\/wp-json\/wp\/v2\/pages\/3","targetHints":{"allow":["GET"]}}],"collection":[{"href":"https:\/\/canbopet.com\/es\/wp-json\/wp\/v2\/pages"}],"about":[{"href":"https:\/\/canbopet.com\/es\/wp-json\/wp\/v2\/types\/page"}],"author":[{"embeddable":true,"href":"https:\/\/canbopet.com\/es\/wp-json\/wp\/v2\/users\/1"}],"replies":[{"embeddable":true,"href":"https:\/\/canbopet.com\/es\/wp-json\/wp\/v2\/comments?post=3"}],"version-history":[{"count":0,"href":"https:\/\/canbopet.com\/es\/wp-json\/wp\/v2\/pages\/3\/revisions"}],"wp:attachment":[{"href":"https:\/\/canbopet.com\/es\/wp-json\/wp\/v2\/media?parent=3"}],"curies":[{"name":"wp","href":"https:\/\/api.w.org\/{rel}","templated":true}]}}