{"id":3319,"date":"2024-08-20T04:51:11","date_gmt":"2024-08-20T12:51:11","guid":{"rendered":"https:\/\/canbopet.com\/?page_id=3319"},"modified":"2024-08-20T05:10:41","modified_gmt":"2024-08-20T13:10:41","slug":"terms-of-services","status":"publish","type":"page","link":"https:\/\/canbopet.com\/es\/terms-of-services\/","title":{"rendered":"Condiciones generales"},"content":{"rendered":"<p>\u00a1Bienvenido a Changzhou Canbo Travel Products Co., LTD!<\/p>\n\n\n\n<p>Estos t\u00e9rminos y condiciones describen las normas y reglamentos de uso del sitio Web de Changzhou Canbo Travel Products Co., LTD, ubicado en <a href=\"https:\/\/canbopet.com\/es\/\">https:\/\/canbopet.com<\/a>.<\/p>\n\n\n\n<p>Al acceder a este sitio web, asumimos que acepta estos t\u00e9rminos y condiciones. No siga utilizando el sitio web si no est\u00e1 de acuerdo con todos los t\u00e9rminos y condiciones expuestos en esta p\u00e1gina.<\/p>\n\n\n\n<p><strong>Galletas:<\/strong><\/p>\n\n\n\n<p>Utilizamos cookies. Al acceder a nuestro sitio web, usted acepta el uso de cookies de acuerdo con nuestra pol\u00edtica de privacidad. Las cookies se utilizan para personalizar su experiencia en l\u00ednea, y algunas son necesarias para el funcionamiento de nuestro sitio web. Puede gestionar las preferencias de cookies a trav\u00e9s de la configuraci\u00f3n de su navegador.<\/p>\n\n\n\n<p><strong>Licencia:<\/strong><\/p>\n\n\n\n<p>A menos que se indique lo contrario, Changzhou Canbo Travel Products Co., LTD y\/o sus licenciantes poseen los derechos de propiedad intelectual de todo el material de este sitio web. Todos los derechos de propiedad intelectual est\u00e1n reservados. Usted puede acceder al material de nuestro sitio web para su uso personal sujeto a las restricciones establecidas en estos t\u00e9rminos y condiciones.<\/p>\n\n\n\n<p>No debes hacerlo:<\/p>\n\n\n\n<ul class=\"wp-block-list\">\n<li>Copiar o volver a publicar material de nuestro sitio web<\/li>\n\n\n\n<li>Vender, alquilar o sublicenciar material de nuestro sitio web<\/li>\n\n\n\n<li>Reproducir, duplicar o copiar material de nuestro sitio web<\/li>\n\n\n\n<li>Redistribuir contenidos de nuestro sitio web<\/li>\n<\/ul>\n\n\n\n<p>El presente Acuerdo entrar\u00e1 en vigor en la fecha del mismo.<\/p>\n\n\n\n<p><strong>Comentarios de los usuarios:<\/strong><\/p>\n\n\n\n<p>Ciertas \u00e1reas de nuestro sitio web pueden permitir a los usuarios publicar comentarios o compartir informaci\u00f3n. Changzhou Canbo Travel Products Co., LTD no filtra, edita, publica ni revisa los comentarios antes de que aparezcan en el sitio web. Los comentarios reflejan las opiniones de la persona que los publica y no reflejan necesariamente las opiniones de la empresa.<\/p>\n\n\n\n<p>Nos reservamos el derecho de supervisar todos los comentarios y eliminar los que sean inapropiados, ofensivos o infrinjan estas Condiciones.<\/p>\n\n\n\n<p>Usted garantiza y declara que:<\/p>\n\n\n\n<ul class=\"wp-block-list\">\n<li>Usted tiene derecho a publicar los comentarios en nuestro sitio web y dispone de todas las licencias y consentimientos necesarios para hacerlo;<\/li>\n\n\n\n<li>Los comentarios no infringen ning\u00fan derecho de propiedad intelectual de terceros;<\/li>\n\n\n\n<li>Los comentarios no contienen material difamatorio, calumnioso, ofensivo o ilegal;<\/li>\n\n\n\n<li>Los comentarios no se utilizar\u00e1n para solicitar o promocionar negocios, ni para presentar actividades il\u00edcitas.<\/li>\n<\/ul>\n\n\n\n<p>Por la presente, concede a Changzhou Canbo Travel Products Co., LTD una licencia no exclusiva para utilizar, reproducir, editar y autorizar a otros a utilizar, reproducir y editar cualquiera de sus comentarios en cualquier forma, formato o medio.<\/p>\n\n\n\n<p><strong>Hiperv\u00ednculos a nuestro Contenido:<\/strong><\/p>\n\n\n\n<p>Las siguientes organizaciones pueden enlazar con nuestro sitio web sin autorizaci\u00f3n previa por escrito:<\/p>\n\n\n\n<ul class=\"wp-block-list\">\n<li>Agencias gubernamentales;<\/li>\n\n\n\n<li>Motores de b\u00fasqueda;<\/li>\n\n\n\n<li>Organizaciones de noticias;<\/li>\n\n\n\n<li>Los distribuidores de directorios en l\u00ednea pueden enlazar con nuestro sitio web del mismo modo que lo hacen con otras empresas incluidas en \u00e9l;<\/li>\n\n\n\n<li>Empresas acreditadas en todo el sistema, excepto organizaciones sin \u00e1nimo de lucro solicitantes, centros comerciales ben\u00e9ficos y grupos de recaudaci\u00f3n de fondos ben\u00e9ficos.<\/li>\n<\/ul>\n\n\n\n<p>Podemos considerar y aprobar solicitudes de enlace de otras organizaciones si decidimos que: (a) el enlace no nos har\u00eda parecer desfavorables; (b) la organizaci\u00f3n no tiene ning\u00fan registro negativo con nosotros; (c) el beneficio de la visibilidad del hiperv\u00ednculo compensa la ausencia de Changzhou Canbo Travel Products Co., LTD; y (d) el enlace est\u00e1 en el contexto de la informaci\u00f3n general de recursos.<\/p>\n\n\n\n<p>Las organizaciones autorizadas pueden establecer hiperenlaces con nuestro sitio web de la siguiente manera:<\/p>\n\n\n\n<ul class=\"wp-block-list\">\n<li>Mediante el uso de nuestro nombre corporativo; o<\/li>\n\n\n\n<li>Mediante el uso del localizador uniforme de recursos al que se enlaza; o<\/li>\n\n\n\n<li>Mediante el uso de cualquier otra descripci\u00f3n de nuestro Sitio Web al que se enlaza que tenga sentido dentro del contexto y el formato del contenido del sitio de la parte que realiza el enlace.<\/li>\n<\/ul>\n\n\n\n<p>No se permitir\u00e1 el uso del logotipo u otras ilustraciones de Changzhou Canbo Travel Products Co., LTD para establecer enlaces sin un acuerdo de licencia de marca comercial.<\/p>\n\n\n\n<p><strong>Responsabilidad por contenidos:<\/strong><\/p>\n\n\n\n<p>No seremos responsables de ning\u00fan contenido que aparezca en su sitio web. Usted se compromete a protegernos y defendernos de todas las reclamaciones derivadas del contenido de su sitio web. No deben aparecer enlaces en ning\u00fan sitio web que puedan interpretarse como difamatorios, obscenos o delictivos, o que infrinjan o propugnen la infracci\u00f3n de derechos de terceros.<\/p>\n\n\n\n<p><strong>Reserva de derechos:<\/strong><\/p>\n\n\n\n<p>Nos reservamos el derecho a solicitarle que elimine todos los enlaces o cualquier enlace concreto a nuestro Sitio Web. Usted se compromete a eliminar inmediatamente todos los enlaces a nuestro Sitio Web si as\u00ed se le solicita. Tambi\u00e9n nos reservamos el derecho a modificar estas condiciones y su pol\u00edtica de enlaces en cualquier momento. Al enlazar continuamente con nuestro sitio web, usted se compromete a respetar y cumplir estas condiciones de enlace.<\/p>\n\n\n\n<p><strong>Eliminaci\u00f3n de enlaces de nuestro sitio web:<\/strong><\/p>\n\n\n\n<p>Si encuentra alg\u00fan enlace en nuestro Sitio Web que le resulte ofensivo por cualquier motivo, puede ponerse en contacto con nosotros e informarnos en cualquier momento. Tendremos en cuenta las solicitudes de eliminaci\u00f3n de enlaces, pero no estamos obligados a hacerlo ni a responder directamente.<\/p>\n\n\n\n<p><strong>Descargo de responsabilidad:<\/strong><\/p>\n\n\n\n<p>En la medida m\u00e1xima permitida por la ley aplicable, excluimos todas las representaciones, garant\u00edas y condiciones relacionadas con nuestro sitio web y el uso de este sitio web. Nada de lo contenido en esta cl\u00e1usula de exenci\u00f3n de responsabilidad:<\/p>\n\n\n\n<ul class=\"wp-block-list\">\n<li>Limitar o excluir nuestra o su responsabilidad por muerte o lesiones personales;<\/li>\n\n\n\n<li>Limitar o excluir nuestra responsabilidad o la suya por fraude o tergiversaci\u00f3n fraudulenta;<\/li>\n\n\n\n<li>Limitar cualquiera de nuestras responsabilidades o las suyas de cualquier forma que no est\u00e9 permitida por la legislaci\u00f3n aplicable; o<\/li>\n\n\n\n<li>Excluir cualquier responsabilidad nuestra o suya que no pueda excluirse en virtud de la legislaci\u00f3n aplicable.<\/li>\n<\/ul>\n\n\n\n<p>Las limitaciones y prohibiciones de responsabilidad establecidas en esta secci\u00f3n y en otras partes de esta cl\u00e1usula de exenci\u00f3n de responsabilidad rigen todas las responsabilidades derivadas de la misma, incluidas las responsabilidades contractuales, extracontractuales y por incumplimiento de obligaciones legales.<\/p>\n\n\n\n<p>En la medida en que el sitio web y la informaci\u00f3n y los servicios que en \u00e9l se ofrecen son gratuitos, no seremos responsables de ninguna p\u00e9rdida o da\u00f1o de cualquier naturaleza.<\/p>","protected":false},"excerpt":{"rendered":"<p>Welcome to Changzhou Canbo Travel Products Co., LTD! These terms and conditions outline the rules and regulations for the use of Changzhou Canbo Travel Products Co., LTD&#8217;s Website, located at https:\/\/canbopet.com. By accessing this website, we assume you accept these terms and conditions. Do not continue to use the website if you do not agree&#8230;<\/p>","protected":false},"author":1,"featured_media":0,"parent":0,"menu_order":0,"comment_status":"closed","ping_status":"closed","template":"","meta":{"_seopress_robots_primary_cat":"","_seopress_titles_title":"","_seopress_titles_desc":"","_seopress_robots_index":"","footnotes":""},"class_list":["post-3319","page","type-page","status-publish"],"meta_box":[],"_links":{"self":[{"href":"https:\/\/canbopet.com\/es\/wp-json\/wp\/v2\/pages\/3319","targetHints":{"allow":["GET"]}}],"collection":[{"href":"https:\/\/canbopet.com\/es\/wp-json\/wp\/v2\/pages"}],"about":[{"href":"https:\/\/canbopet.com\/es\/wp-json\/wp\/v2\/types\/page"}],"author":[{"embeddable":true,"href":"https:\/\/canbopet.com\/es\/wp-json\/wp\/v2\/users\/1"}],"replies":[{"embeddable":true,"href":"https:\/\/canbopet.com\/es\/wp-json\/wp\/v2\/comments?post=3319"}],"version-history":[{"count":0,"href":"https:\/\/canbopet.com\/es\/wp-json\/wp\/v2\/pages\/3319\/revisions"}],"wp:attachment":[{"href":"https:\/\/canbopet.com\/es\/wp-json\/wp\/v2\/media?parent=3319"}],"curies":[{"name":"wp","href":"https:\/\/api.w.org\/{rel}","templated":true}]}}