{"id":3,"date":"2020-11-30T11:12:39","date_gmt":"2020-11-30T11:12:39","guid":{"rendered":"https:\/\/canbopet.com\/?page_id=3"},"modified":"2026-01-27T19:38:57","modified_gmt":"2026-01-28T03:38:57","slug":"privacy-policy","status":"publish","type":"page","link":"https:\/\/canbopet.com\/fr\/privacy-policy\/","title":{"rendered":"Politique de confidentialit\u00e9"},"content":{"rendered":"<style>.elementor-3 .elementor-element.elementor-element-7ec1c6c1{--display:flex;--gap:40px 40px;--row-gap:40px;--column-gap:40px;--margin-top:150px;--margin-bottom:0px;--margin-left:0px;--margin-right:0px;--padding-top:10px;--padding-bottom:10px;--padding-left:20px;--padding-right:20px;}.elementor-3 .elementor-element.elementor-element-64404b6{text-align:center;}.elementor-3 .elementor-element.elementor-element-64404b6 .elementor-heading-title{font-family:\"Jost\", Sans-serif;font-size:50px;}.elementor-3 .elementor-element.elementor-element-6f224d78{font-family:\"Jost\", Sans-serif;font-size:20px;line-height:40px;}:root{--page-title-display:none;}body.elementor-page-3{margin:0px 0px 0px 0px;}@media(max-width:767px){.elementor-3 .elementor-element.elementor-element-64404b6 .elementor-heading-title{font-size:30px;}.elementor-3 .elementor-element.elementor-element-6f224d78{font-size:18px;}}<\/style>\t\t<div data-elementor-type=\"wp-page\" data-elementor-id=\"3\" class=\"elementor elementor-3\" data-elementor-post-type=\"page\">\n\t\t\t\t<div class=\"elementor-element elementor-element-7ec1c6c1 e-flex e-con-boxed elementor-repeater-item-default_padding elementor-repeater-item-none elementor-repeater-item-none_hover e-con e-parent\" data-id=\"7ec1c6c1\" data-element_type=\"container\" data-e-type=\"container\" data-settings=\"{&quot;ang_container_spacing_size&quot;:&quot;default_padding&quot;}\">\n\t\t\t\t\t<div class=\"e-con-inner\">\n\t\t\t\t<div class=\"elementor-element elementor-element-64404b6 elementor-repeater-item-none elementor-repeater-item-none_hover elementor-widget elementor-widget-heading\" data-id=\"64404b6\" data-element_type=\"widget\" data-e-type=\"widget\" data-widget_type=\"heading.default\">\n\t\t\t\t<div class=\"elementor-widget-container\">\n\t\t\t\t\t<h2 class=\"elementor-heading-title elementor-size-default\">Politique de confidentialit\u00e9<\/h2>\t\t\t\t<\/div>\n\t\t\t\t<\/div>\n\t\t\t\t<div class=\"elementor-element elementor-element-6f224d78 elementor-repeater-item-none elementor-repeater-item-none_hover elementor-widget elementor-widget-text-editor\" data-id=\"6f224d78\" data-element_type=\"widget\" data-e-type=\"widget\" data-widget_type=\"text-editor.default\">\n\t\t\t\t<div class=\"elementor-widget-container\">\n\t\t\t\t\t\t\t\t\t\n<p>Votre vie priv\u00e9e est importante pour nous. La politique de Changzhou Canbo Travel Products Co., LTD est de respecter votre vie priv\u00e9e et de se conformer \u00e0 toutes les lois et r\u00e9glementations applicables concernant les informations personnelles que nous pouvons collecter \u00e0 votre sujet, y compris sur notre site web, <a href=\"https:\/\/canbopet.com\/fr\/\">https:\/\/canbopet.com<\/a>, et d'autres sites que nous poss\u00e9dons et exploitons.<\/p>\n\n<p>Cette politique entre en vigueur le 20 ao\u00fbt 2024 et a \u00e9t\u00e9 mise \u00e0 jour pour la derni\u00e8re fois le 20 ao\u00fbt 2024.<\/p>\n\n<p><strong>Informations collect\u00e9es<\/strong><\/p>\n\n<p>Les informations que nous recueillons comprennent \u00e0 la fois les informations que vous nous fournissez sciemment et activement lorsque vous utilisez ou participez \u00e0 l'un de nos services et promotions, et toute information envoy\u00e9e automatiquement par vos appareils dans le cadre de l'acc\u00e8s \u00e0 nos produits et services.<\/p>\n\n<p><strong>Donn\u00e9es du journal<\/strong><\/p>\n\n<p>Lorsque vous visitez notre site web, nos serveurs peuvent enregistrer automatiquement les donn\u00e9es standard fournies par votre navigateur web. Il peut s'agir de l'adresse IP (Internet Protocol) de votre appareil, du type et de la version de votre navigateur, des pages que vous visitez, de l'heure et de la date de votre visite, du temps pass\u00e9 sur chaque page, d'autres d\u00e9tails concernant votre visite et des d\u00e9tails techniques li\u00e9s aux erreurs que vous pouvez rencontrer.<\/p>\n\n<p>Sachez que si ces informations ne sont pas identifiables en elles-m\u00eames, il peut \u00eatre possible de les combiner avec d'autres donn\u00e9es afin d'identifier des personnes.<\/p>\n\n<p><strong>Informations personnelles<\/strong><\/p>\n\n<p>Nous pouvons vous demander des informations personnelles, qui peuvent inclure un ou plusieurs des \u00e9l\u00e9ments suivants :<\/p>\n\n<ul class=\"wp-block-list\">\n<li>Nom<\/li>\n\n<li>Adresse \u00e9lectronique<\/li>\n<\/ul>\n\n<p><strong>Raisons l\u00e9gitimes du traitement de vos informations personnelles<\/strong><\/p>\n\n<p>Nous ne recueillons et n'utilisons vos informations personnelles que lorsque nous avons une raison l\u00e9gitime de le faire. Dans ce cas, nous ne recueillons que les informations personnelles qui sont raisonnablement n\u00e9cessaires pour vous fournir nos services.<\/p>\n\n<p><strong>Collecte et utilisation des informations<\/strong><\/p>\n\n<p>Nous pouvons recueillir des informations personnelles lorsque vous effectuez l'une des op\u00e9rations suivantes sur notre site web :<\/p>\n\n<ul class=\"wp-block-list\">\n<li>Utiliser un appareil mobile ou un navigateur web pour acc\u00e9der \u00e0 notre contenu<\/li>\n\n<li>Nous contacter par courrier \u00e9lectronique, par les m\u00e9dias sociaux ou par d'autres technologies similaires.<\/li>\n\n<li>Mentionnez-nous sur les m\u00e9dias sociaux<\/li>\n<\/ul>\n\n<p>Nous pouvons collecter, d\u00e9tenir, utiliser et divulguer des informations aux fins suivantes, et les informations personnelles ne seront pas trait\u00e9es d'une mani\u00e8re incompatible avec ces objectifs :<\/p>\n\n<ul class=\"wp-block-list\">\n<li>pour vous permettre d'adapter ou de personnaliser votre exp\u00e9rience de notre site web<\/li>\n\n<li>\u00c0 des fins d'analyse, d'\u00e9tude de march\u00e9 et de d\u00e9veloppement commercial, y compris l'exploitation et l'am\u00e9lioration de notre site web, des applications associ\u00e9es et des plateformes de m\u00e9dias sociaux associ\u00e9es.<\/li>\n<\/ul>\n\n<p>Sachez que nous pouvons combiner les informations que nous recueillons \u00e0 votre sujet avec des informations g\u00e9n\u00e9rales ou des donn\u00e9es de recherche que nous recevons d'autres sources fiables.<\/p>\n\n<p><strong>S\u00e9curit\u00e9 de vos donn\u00e9es personnelles<\/strong><\/p>\n\n<p>Lorsque nous collectons et traitons des informations personnelles, et tant que nous conservons ces informations, nous les prot\u00e9geons par des moyens commercialement acceptables afin d'\u00e9viter la perte et le vol, ainsi que l'acc\u00e8s, la divulgation, la copie, l'utilisation ou la modification non autoris\u00e9s.<\/p>\n\n<p>Bien que nous fassions de notre mieux pour prot\u00e9ger les informations personnelles que vous nous fournissez, nous vous informons qu'aucune m\u00e9thode de transmission ou de stockage \u00e9lectronique n'est 100% s\u00fbre et que personne ne peut garantir une s\u00e9curit\u00e9 absolue des donn\u00e9es. Nous nous conformerons aux lois qui nous sont applicables en cas de violation des donn\u00e9es.<\/p>\n\n<p>Vous \u00eates responsable du choix de tout mot de passe et de son niveau de s\u00e9curit\u00e9 global, garantissant la s\u00e9curit\u00e9 de vos propres informations dans le cadre de nos services.<\/p>\n\n<p><strong>Combien de temps conservons-nous vos informations personnelles ?<\/strong><\/p>\n\n<p>Nous ne conservons vos informations personnelles que le temps n\u00e9cessaire. Cette dur\u00e9e peut d\u00e9pendre de l'usage que nous faisons de vos informations, conform\u00e9ment \u00e0 la pr\u00e9sente politique de confidentialit\u00e9. Si vos informations personnelles ne sont plus n\u00e9cessaires, nous les supprimerons ou les rendrons anonymes en supprimant tous les d\u00e9tails qui permettent de vous identifier.<\/p>\n\n<p>Toutefois, si cela s'av\u00e8re n\u00e9cessaire, nous pouvons conserver vos informations personnelles pour nous conformer \u00e0 une obligation l\u00e9gale, comptable ou d'information, ou \u00e0 des fins d'archivage dans l'int\u00e9r\u00eat public, \u00e0 des fins de recherche scientifique ou historique, ou \u00e0 des fins statistiques.<\/p>\n\n<p><strong>Vie priv\u00e9e des enfants<\/strong><\/p>\n\n<p>Nous ne destinons aucun de nos produits ou services directement aux enfants de moins de 13 ans et nous ne recueillons pas sciemment d'informations personnelles sur des enfants de moins de 13 ans.<\/p>\n\n<p><strong>Transferts internationaux de donn\u00e9es \u00e0 caract\u00e8re personnel<\/strong><\/p>\n\n<p>Les informations personnelles que nous collectons sont stock\u00e9es et\/ou trait\u00e9es l\u00e0 o\u00f9 nous ou nos partenaires, affili\u00e9s et fournisseurs tiers disposons d'installations. Sachez que les lieux o\u00f9 nous stockons, traitons ou transf\u00e9rons vos informations personnelles peuvent ne pas \u00eatre soumis aux m\u00eames lois de protection des donn\u00e9es que le pays dans lequel vous avez initialement fourni les informations. Si nous transf\u00e9rons vos informations personnelles \u00e0 des tiers dans d'autres pays : (1) nous effectuerons ces transferts conform\u00e9ment aux exigences de la l\u00e9gislation applicable ; et (2) nous prot\u00e9gerons les informations personnelles transf\u00e9r\u00e9es conform\u00e9ment \u00e0 la pr\u00e9sente politique de confidentialit\u00e9.<\/p>\n\n<p><strong>Vos droits et le contr\u00f4le de vos donn\u00e9es personnelles<\/strong><\/p>\n\n<p>Vous avez toujours le droit de ne pas nous communiquer d'informations personnelles, \u00e9tant entendu que votre exp\u00e9rience de notre site web peut en \u00eatre affect\u00e9e. Nous ne ferons aucune discrimination \u00e0 votre encontre pour avoir exerc\u00e9 l'un de vos droits sur vos informations personnelles. Si vous nous fournissez des informations personnelles, vous comprenez que nous les collecterons, les conserverons, les utiliserons et les divulguerons conform\u00e9ment \u00e0 la pr\u00e9sente politique de confidentialit\u00e9. Vous conservez le droit de demander des d\u00e9tails sur les informations personnelles que nous d\u00e9tenons \u00e0 votre sujet.<\/p>\n\n<p>Si nous recevons des informations personnelles vous concernant de la part d'un tiers, nous les prot\u00e9gerons comme indiqu\u00e9 dans la pr\u00e9sente politique de confidentialit\u00e9. Si vous \u00eates un tiers qui fournit des informations personnelles sur quelqu'un d'autre, vous d\u00e9clarez et garantissez que vous avez le consentement de cette personne pour nous fournir ces informations personnelles.<\/p>\n\n<p>Si vous avez d\u00e9j\u00e0 accept\u00e9 que nous utilisions vos informations personnelles \u00e0 des fins de marketing direct, vous pouvez changer d'avis \u00e0 tout moment. Nous vous donnerons la possibilit\u00e9 de vous d\u00e9sinscrire de notre base de donn\u00e9es d'adresses \u00e9lectroniques ou de vous d\u00e9sabonner des communications. Sachez que nous pouvons \u00eatre amen\u00e9s \u00e0 vous demander des informations sp\u00e9cifiques pour nous aider \u00e0 confirmer votre identit\u00e9.<\/p>\n\n<p>Si vous pensez que les informations que nous d\u00e9tenons \u00e0 votre sujet sont inexactes, p\u00e9rim\u00e9es, incompl\u00e8tes, non pertinentes ou trompeuses, veuillez nous contacter en utilisant les coordonn\u00e9es fournies dans la pr\u00e9sente politique de confidentialit\u00e9. Nous prendrons des mesures raisonnables pour corriger toute information jug\u00e9e inexacte, incompl\u00e8te, trompeuse ou obsol\u00e8te.<\/p>\n\n<p>Si vous pensez que nous avons enfreint une loi sur la protection des donn\u00e9es et que vous souhaitez d\u00e9poser une plainte, veuillez nous contacter aux coordonn\u00e9es ci-dessous et nous fournir tous les d\u00e9tails de l'infraction pr\u00e9sum\u00e9e. Nous examinerons rapidement votre plainte et vous r\u00e9pondrons par \u00e9crit, en indiquant les r\u00e9sultats de notre enqu\u00eate et les mesures que nous prendrons pour traiter votre plainte. Vous avez \u00e9galement le droit de contacter un organisme de r\u00e9glementation ou une autorit\u00e9 de protection des donn\u00e9es en rapport avec votre plainte.<\/p>\n\n<p><strong>Utilisation des cookies<\/strong><\/p>\n\n<p>Nous utilisons des \u201ccookies\u201d pour collecter des informations sur vous et votre activit\u00e9 sur notre site. Un cookie est un petit \u00e9l\u00e9ment de donn\u00e9es que notre site web stocke sur votre ordinateur et auquel il acc\u00e8de \u00e0 chaque fois que vous le visitez, afin que nous puissions comprendre comment vous utilisez notre site. Cela nous aide \u00e0 vous proposer un contenu bas\u00e9 sur les pr\u00e9f\u00e9rences que vous avez sp\u00e9cifi\u00e9es.<\/p>\n\n<p><strong>Limites de notre politique<\/strong><\/p>\n\n<p>Notre site web peut renvoyer \u00e0 des sites externes qui ne sont pas g\u00e9r\u00e9s par nous. Veuillez noter que nous n'avons aucun contr\u00f4le sur le contenu et les politiques de ces sites et que nous ne pouvons \u00eatre tenus responsables de leurs pratiques respectives en mati\u00e8re de protection de la vie priv\u00e9e.<\/p>\n\n<p><strong>Modifications de la pr\u00e9sente politique<\/strong><\/p>\n\n<p>Nous pouvons, \u00e0 notre discr\u00e9tion, modifier notre politique de protection de la vie priv\u00e9e afin de refl\u00e9ter les mises \u00e0 jour de nos processus commerciaux, les pratiques acceptables actuelles ou les changements l\u00e9gislatifs ou r\u00e9glementaires. Si nous d\u00e9cidons de modifier cette politique de confidentialit\u00e9, nous publierons les modifications ici, sur le lien par lequel vous acc\u00e9dez \u00e0 cette politique de confidentialit\u00e9.<\/p>\n\n<p>Si la loi l'exige, nous vous demanderons votre autorisation ou vous permettrons d'accepter ou de refuser, selon le cas, toute nouvelle utilisation de vos informations personnelles.<\/p>\n\n<p><strong>Nous contacter<\/strong><\/p>\n\n<p>Pour toute question ou pr\u00e9occupation concernant votre vie priv\u00e9e, vous pouvez nous contacter en utilisant les coordonn\u00e9es suivantes :<\/p>\n\n<p>Changzhou Canbo Travel Products Co. LTD<br \/><a href=\"https:\/\/canbopet.com\/fr\/\">https:\/\/canbopet.com<\/a><\/p>\n\t\t\t\t\t\t\t\t<\/div>\n\t\t\t\t<\/div>\n\t\t\t\t\t<\/div>\n\t\t\t\t<\/div>\n\t\t\t\t<\/div>","protected":false},"excerpt":{"rendered":"<p>Privacy Policy Your privacy is important to us. It is Changzhou Canbo Travel Products Co., LTD&#8217;s policy to respect your privacy and comply with any applicable law and regulation regarding any personal information we may collect about you, including across our website, https:\/\/canbopet.com, and other sites we own and operate. This policy is effective as&#8230;<\/p>","protected":false},"author":1,"featured_media":0,"parent":0,"menu_order":0,"comment_status":"closed","ping_status":"open","template":"","meta":{"_seopress_robots_primary_cat":"","_seopress_titles_title":"","_seopress_titles_desc":"","_seopress_robots_index":"","footnotes":""},"class_list":["post-3","page","type-page","status-publish"],"meta_box":[],"_links":{"self":[{"href":"https:\/\/canbopet.com\/fr\/wp-json\/wp\/v2\/pages\/3","targetHints":{"allow":["GET"]}}],"collection":[{"href":"https:\/\/canbopet.com\/fr\/wp-json\/wp\/v2\/pages"}],"about":[{"href":"https:\/\/canbopet.com\/fr\/wp-json\/wp\/v2\/types\/page"}],"author":[{"embeddable":true,"href":"https:\/\/canbopet.com\/fr\/wp-json\/wp\/v2\/users\/1"}],"replies":[{"embeddable":true,"href":"https:\/\/canbopet.com\/fr\/wp-json\/wp\/v2\/comments?post=3"}],"version-history":[{"count":0,"href":"https:\/\/canbopet.com\/fr\/wp-json\/wp\/v2\/pages\/3\/revisions"}],"wp:attachment":[{"href":"https:\/\/canbopet.com\/fr\/wp-json\/wp\/v2\/media?parent=3"}],"curies":[{"name":"wp","href":"https:\/\/api.w.org\/{rel}","templated":true}]}}