{"id":3319,"date":"2024-08-20T04:51:11","date_gmt":"2024-08-20T12:51:11","guid":{"rendered":"https:\/\/canbopet.com\/?page_id=3319"},"modified":"2024-08-20T05:10:41","modified_gmt":"2024-08-20T13:10:41","slug":"terms-of-services","status":"publish","type":"page","link":"https:\/\/canbopet.com\/fr\/terms-of-services\/","title":{"rendered":"Conditions g\u00e9n\u00e9rales d'utilisation"},"content":{"rendered":"<p>Bienvenue \u00e0 Changzhou Canbo Travel Products Co. LTD !<\/p>\n\n\n\n<p>Les pr\u00e9sentes conditions g\u00e9n\u00e9rales d\u00e9finissent les r\u00e8gles d'utilisation du site web de Changzhou Canbo Travel Products Co, LTD, situ\u00e9 \u00e0 l'adresse suivante <a href=\"https:\/\/canbopet.com\/fr\/\">https:\/\/canbopet.com<\/a>.<\/p>\n\n\n\n<p>En acc\u00e9dant \u00e0 ce site web, nous supposons que vous acceptez ces termes et conditions. Ne continuez pas \u00e0 utiliser le site si vous n'acceptez pas l'ensemble des conditions \u00e9nonc\u00e9es sur cette page.<\/p>\n\n\n\n<p><strong>Cookies :<\/strong><\/p>\n\n\n\n<p>Nous utilisons des cookies. En acc\u00e9dant \u00e0 notre site web, vous acceptez d'utiliser des cookies conform\u00e9ment \u00e0 notre politique de confidentialit\u00e9. Les cookies sont utilis\u00e9s pour personnaliser votre exp\u00e9rience en ligne, et certains sont n\u00e9cessaires au fonctionnement de notre site web. Vous pouvez g\u00e9rer vos pr\u00e9f\u00e9rences en mati\u00e8re de cookies par le biais des param\u00e8tres de votre navigateur.<\/p>\n\n\n\n<p><strong>Licence :<\/strong><\/p>\n\n\n\n<p>Sauf indication contraire, Changzhou Canbo Travel Products Co., LTD et\/ou ses conc\u00e9dants de licence d\u00e9tiennent les droits de propri\u00e9t\u00e9 intellectuelle pour l'ensemble du contenu de ce site web. Tous les droits de propri\u00e9t\u00e9 intellectuelle sont r\u00e9serv\u00e9s. Vous pouvez acc\u00e9der au contenu de notre site web pour votre usage personnel, sous r\u00e9serve des restrictions \u00e9nonc\u00e9es dans les pr\u00e9sentes conditions g\u00e9n\u00e9rales.<\/p>\n\n\n\n<p>Vous ne devez pas :<\/p>\n\n\n\n<ul class=\"wp-block-list\">\n<li>Copier ou republier du mat\u00e9riel provenant de notre site web<\/li>\n\n\n\n<li>vendre, louer ou conc\u00e9der des sous-licences sur le contenu de notre site web<\/li>\n\n\n\n<li>reproduire, dupliquer ou copier des \u00e9l\u00e9ments de notre site web<\/li>\n\n\n\n<li>Redistribuer le contenu de notre site web<\/li>\n<\/ul>\n\n\n\n<p>Le pr\u00e9sent accord prend effet \u00e0 la date du pr\u00e9sent accord.<\/p>\n\n\n\n<p><strong>Commentaires des utilisateurs :<\/strong><\/p>\n\n\n\n<p>Certaines parties de notre site Web peuvent permettre aux utilisateurs de publier des commentaires ou de partager des informations. Changzhou Canbo Travel Products Co., LTD ne filtre pas, n'\u00e9dite pas, ne publie pas et ne r\u00e9vise pas les commentaires avant qu'ils n'apparaissent sur le site Web. Les commentaires refl\u00e8tent les opinions de la personne qui les publie et ne refl\u00e8tent pas n\u00e9cessairement les opinions de l'entreprise.<\/p>\n\n\n\n<p>Nous nous r\u00e9servons le droit de contr\u00f4ler tous les commentaires et de supprimer ceux qui sont inappropri\u00e9s, offensants ou contraires aux pr\u00e9sentes conditions g\u00e9n\u00e9rales.<\/p>\n\n\n\n<p>Vous garantissez et d\u00e9clarez que<\/p>\n\n\n\n<ul class=\"wp-block-list\">\n<li>Vous avez le droit de publier les commentaires sur notre site web et disposez de toutes les licences et autorisations n\u00e9cessaires pour ce faire ;<\/li>\n\n\n\n<li>Les commentaires n'enfreignent aucun droit de propri\u00e9t\u00e9 intellectuelle d'un tiers ;<\/li>\n\n\n\n<li>Les commentaires ne contiennent pas d'\u00e9l\u00e9ments diffamatoires, injurieux ou autrement ill\u00e9gaux ;<\/li>\n\n\n\n<li>Les commentaires ne seront pas utilis\u00e9s pour solliciter ou promouvoir des affaires, ou pour pr\u00e9senter des activit\u00e9s ill\u00e9gales.<\/li>\n<\/ul>\n\n\n\n<p>Par la pr\u00e9sente, vous accordez \u00e0 Changzhou Canbo Travel Products Co. une licence non exclusive pour utiliser, reproduire, \u00e9diter et autoriser d'autres personnes \u00e0 utiliser, reproduire et \u00e9diter vos commentaires sous quelque forme, format ou m\u00e9dia que ce soit.<\/p>\n\n\n\n<p><strong>Hyperliens vers notre contenu :<\/strong><\/p>\n\n\n\n<p>Les organisations suivantes peuvent \u00e9tablir un lien avec notre site web sans autorisation \u00e9crite pr\u00e9alable :<\/p>\n\n\n\n<ul class=\"wp-block-list\">\n<li>Agences gouvernementales ;<\/li>\n\n\n\n<li>Moteurs de recherche ;<\/li>\n\n\n\n<li>Organisations de presse ;<\/li>\n\n\n\n<li>Les distributeurs d'annuaires en ligne peuvent \u00e9tablir des liens avec notre site web de la m\u00eame mani\u00e8re qu'ils \u00e9tablissent des liens hypertextes avec d'autres entreprises r\u00e9pertori\u00e9es ;<\/li>\n\n\n\n<li>Les entreprises accr\u00e9dit\u00e9es pour l'ensemble du syst\u00e8me, \u00e0 l'exception des organisations \u00e0 but non lucratif, des centres commerciaux caritatifs et des groupes de collecte de fonds caritatifs.<\/li>\n<\/ul>\n\n\n\n<p>Nous pouvons examiner et approuver les demandes de liens \u00e9manant d'autres organisations si nous d\u00e9cidons que : (a) le lien ne nous donnera pas une image d\u00e9favorable ; (b) l'organisation n'a pas d'ant\u00e9c\u00e9dents n\u00e9gatifs avec nous ; (c) l'avantage de la visibilit\u00e9 du lien hypertexte compense l'absence de Changzhou Canbo Travel Products Co., LTD ; et (d) le lien s'inscrit dans le contexte d'une information g\u00e9n\u00e9rale sur les ressources.<\/p>\n\n\n\n<p>Les organisations agr\u00e9\u00e9es peuvent \u00e9tablir des liens hypertextes vers notre site web de la mani\u00e8re suivante :<\/p>\n\n\n\n<ul class=\"wp-block-list\">\n<li>par l'utilisation de notre raison sociale ; ou<\/li>\n\n\n\n<li>par l'utilisation du localisateur de ressources uniformes vers lequel le lien est \u00e9tabli ; ou<\/li>\n\n\n\n<li>par l'utilisation de toute autre description de notre site web li\u00e9e au contexte et au format du contenu du site de la partie qui \u00e9tablit le lien.<\/li>\n<\/ul>\n\n\n\n<p>Aucune utilisation du logo de Changzhou Canbo Travel Products Co., LTD ou d'autres illustrations ne sera autoris\u00e9e pour l'\u00e9tablissement de liens en l'absence d'un accord de licence de marque.<\/p>\n\n\n\n<p><strong>Responsabilit\u00e9 du contenu :<\/strong><\/p>\n\n\n\n<p>Nous ne pouvons \u00eatre tenus responsables du contenu de votre site web. Vous acceptez de nous prot\u00e9ger et de nous d\u00e9fendre contre toute r\u00e9clamation d\u00e9coulant du contenu de votre site web. Aucun lien ne doit appara\u00eetre sur un site web qui pourrait \u00eatre interpr\u00e9t\u00e9 comme diffamatoire, obsc\u00e8ne ou criminel, ou qui enfreint ou pr\u00e9conise l'enfreinte des droits d'un tiers.<\/p>\n\n\n\n<p><strong>R\u00e9serve de droits :<\/strong><\/p>\n\n\n\n<p>Nous nous r\u00e9servons le droit de vous demander de supprimer tous les liens ou un lien particulier vers notre site web. Vous acceptez de supprimer imm\u00e9diatement tous les liens vers notre site web sur demande. Nous nous r\u00e9servons \u00e9galement le droit de modifier \u00e0 tout moment les pr\u00e9sentes conditions g\u00e9n\u00e9rales et notre politique en mati\u00e8re de liens. En continuant \u00e0 \u00e9tablir des liens vers notre site web, vous acceptez d'\u00eatre li\u00e9 par les pr\u00e9sentes conditions g\u00e9n\u00e9rales et de les respecter.<\/p>\n\n\n\n<p><strong>Suppression de liens sur notre site web :<\/strong><\/p>\n\n\n\n<p>Si vous trouvez un lien sur notre site web qui est offensant pour quelque raison que ce soit, vous \u00eates libre de nous contacter et de nous en informer \u00e0 tout moment. Nous examinerons les demandes de suppression de liens, mais nous ne sommes pas oblig\u00e9s de le faire ou de r\u00e9pondre directement.<\/p>\n\n\n\n<p><strong>Avis de non-responsabilit\u00e9 :<\/strong><\/p>\n\n\n\n<p>Dans toute la mesure permise par la loi applicable, nous excluons toutes les repr\u00e9sentations, garanties et conditions relatives \u00e0 notre site web et \u00e0 l'utilisation de ce site. Aucune disposition de la pr\u00e9sente clause de non-responsabilit\u00e9 n'est applicable :<\/p>\n\n\n\n<ul class=\"wp-block-list\">\n<li>limiter ou exclure notre ou votre responsabilit\u00e9 en cas de d\u00e9c\u00e8s ou de dommages corporels ;<\/li>\n\n\n\n<li>limiter ou exclure notre ou votre responsabilit\u00e9 en cas de fraude ou de d\u00e9claration frauduleuse ;<\/li>\n\n\n\n<li>limiter l'une quelconque de nos ou de vos responsabilit\u00e9s d'une mani\u00e8re qui ne serait pas autoris\u00e9e par le droit applicable ; ou<\/li>\n\n\n\n<li>Exclure toute responsabilit\u00e9, la n\u00f4tre ou la v\u00f4tre, qui ne peut \u00eatre exclue en vertu du droit applicable.<\/li>\n<\/ul>\n\n\n\n<p>Les limitations et interdictions de responsabilit\u00e9 \u00e9nonc\u00e9es dans la pr\u00e9sente section et ailleurs dans la pr\u00e9sente clause de non-responsabilit\u00e9 r\u00e9gissent toutes les responsabilit\u00e9s d\u00e9coulant de la clause de non-responsabilit\u00e9, y compris les responsabilit\u00e9s contractuelles, d\u00e9lictuelles et en cas de violation d'une obligation l\u00e9gale.<\/p>\n\n\n\n<p>Tant que le site web et les informations et services qu'il contient sont fournis gratuitement, nous ne sommes pas responsables des pertes ou dommages de quelque nature que ce soit.<\/p>","protected":false},"excerpt":{"rendered":"<p>Welcome to Changzhou Canbo Travel Products Co., LTD! These terms and conditions outline the rules and regulations for the use of Changzhou Canbo Travel Products Co., LTD&#8217;s Website, located at https:\/\/canbopet.com. By accessing this website, we assume you accept these terms and conditions. Do not continue to use the website if you do not agree&#8230;<\/p>","protected":false},"author":1,"featured_media":0,"parent":0,"menu_order":0,"comment_status":"closed","ping_status":"closed","template":"","meta":{"_seopress_robots_primary_cat":"","_seopress_titles_title":"","_seopress_titles_desc":"","_seopress_robots_index":"","footnotes":""},"class_list":["post-3319","page","type-page","status-publish"],"meta_box":[],"_links":{"self":[{"href":"https:\/\/canbopet.com\/fr\/wp-json\/wp\/v2\/pages\/3319","targetHints":{"allow":["GET"]}}],"collection":[{"href":"https:\/\/canbopet.com\/fr\/wp-json\/wp\/v2\/pages"}],"about":[{"href":"https:\/\/canbopet.com\/fr\/wp-json\/wp\/v2\/types\/page"}],"author":[{"embeddable":true,"href":"https:\/\/canbopet.com\/fr\/wp-json\/wp\/v2\/users\/1"}],"replies":[{"embeddable":true,"href":"https:\/\/canbopet.com\/fr\/wp-json\/wp\/v2\/comments?post=3319"}],"version-history":[{"count":0,"href":"https:\/\/canbopet.com\/fr\/wp-json\/wp\/v2\/pages\/3319\/revisions"}],"wp:attachment":[{"href":"https:\/\/canbopet.com\/fr\/wp-json\/wp\/v2\/media?parent=3319"}],"curies":[{"name":"wp","href":"https:\/\/api.w.org\/{rel}","templated":true}]}}