{"id":3319,"date":"2024-08-20T04:51:11","date_gmt":"2024-08-20T12:51:11","guid":{"rendered":"https:\/\/canbopet.com\/?page_id=3319"},"modified":"2024-08-20T05:10:41","modified_gmt":"2024-08-20T13:10:41","slug":"terms-of-services","status":"publish","type":"page","link":"https:\/\/canbopet.com\/it\/terms-of-services\/","title":{"rendered":"Termini e condizioni"},"content":{"rendered":"<p>Benvenuti a Changzhou Canbo Travel Products Co., LTD!<\/p>\n\n\n\n<p>Questi termini e condizioni delineano le regole e le norme per l'utilizzo del sito web di Changzhou Canbo Travel Products Co., LTD, situato all'indirizzo <a href=\"https:\/\/canbopet.com\/it\/\">https:\/\/canbopet.com<\/a>.<\/p>\n\n\n\n<p>Accedendo a questo sito web, si presume che l'utente accetti questi termini e condizioni. Non continuare a utilizzare il sito web se non si accettano tutti i termini e le condizioni indicati in questa pagina.<\/p>\n\n\n\n<p><strong>Cookie:<\/strong><\/p>\n\n\n\n<p>Utilizziamo i cookie. Accedendo al nostro sito web, accettate di utilizzare i cookie in accordo con la nostra politica sulla privacy. I cookie vengono utilizzati per personalizzare la vostra esperienza online e alcuni sono necessari per il funzionamento del nostro sito web. \u00c8 possibile gestire le preferenze relative ai cookie attraverso le impostazioni del browser.<\/p>\n\n\n\n<p><strong>Licenza:<\/strong><\/p>\n\n\n\n<p>Se non diversamente specificato, Changzhou Canbo Travel Products Co., LTD e\/o i suoi licenziatari detengono i diritti di propriet\u00e0 intellettuale per tutto il materiale presente su questo sito web. Tutti i diritti di propriet\u00e0 intellettuale sono riservati. \u00c8 possibile accedere al materiale del nostro sito web per uso personale, nel rispetto delle restrizioni stabilite nei presenti termini e condizioni.<\/p>\n\n\n\n<p>Non si deve:<\/p>\n\n\n\n<ul class=\"wp-block-list\">\n<li>Copiare o ripubblicare materiale dal nostro sito web<\/li>\n\n\n\n<li>Vendere, affittare o sub-licenziare materiale dal nostro sito web<\/li>\n\n\n\n<li>riprodurre, duplicare o copiare materiale dal nostro sito web<\/li>\n\n\n\n<li>Ridistribuire i contenuti del nostro sito web<\/li>\n<\/ul>\n\n\n\n<p>Il presente Accordo decorre dalla data del presente documento.<\/p>\n\n\n\n<p><strong>Commenti degli utenti:<\/strong><\/p>\n\n\n\n<p>Alcune aree del nostro sito web possono consentire agli utenti di inviare commenti o condividere informazioni. Changzhou Canbo Travel Products Co., LTD non filtra, modifica, pubblica o rivede i commenti prima che vengano pubblicati sul sito. I commenti riflettono le opinioni della persona che li pubblica e non riflettono necessariamente le opinioni dell'azienda.<\/p>\n\n\n\n<p>Ci riserviamo il diritto di monitorare tutti i commenti e di rimuovere quelli inappropriati, offensivi o che violano i presenti Termini e condizioni.<\/p>\n\n\n\n<p>L'utente garantisce e dichiara che:<\/p>\n\n\n\n<ul class=\"wp-block-list\">\n<li>L'utente \u00e8 autorizzato a pubblicare i commenti sul nostro sito web e dispone di tutte le licenze e i consensi necessari per farlo;<\/li>\n\n\n\n<li>I commenti non violano alcun diritto di propriet\u00e0 intellettuale di terzi;<\/li>\n\n\n\n<li>I commenti non contengono materiale diffamatorio, calunnioso, offensivo o altrimenti illegale;<\/li>\n\n\n\n<li>I commenti non saranno utilizzati per sollecitare o promuovere attivit\u00e0 commerciali, n\u00e9 per presentare attivit\u00e0 illecite.<\/li>\n<\/ul>\n\n\n\n<p>Con la presente concedete a Changzhou Canbo Travel Products Co., LTD una licenza non esclusiva per utilizzare, riprodurre, modificare e autorizzare altri a utilizzare, riprodurre e modificare qualsiasi vostro commento in qualsiasi forma, formato o media.<\/p>\n\n\n\n<p><strong>Collegamento ipertestuale al nostro Contenuto:<\/strong><\/p>\n\n\n\n<p>Le seguenti organizzazioni possono collegarsi al nostro sito web senza previa approvazione scritta:<\/p>\n\n\n\n<ul class=\"wp-block-list\">\n<li>Agenzie governative;<\/li>\n\n\n\n<li>Motori di ricerca;<\/li>\n\n\n\n<li>Organizzazioni giornalistiche;<\/li>\n\n\n\n<li>I distributori di elenchi online possono collegarsi al nostro sito web nello stesso modo in cui si collegano ad altre aziende elencate;<\/li>\n\n\n\n<li>Le aziende accreditate a livello di sistema, ad eccezione delle organizzazioni no-profit, dei centri commerciali di beneficenza e dei gruppi di raccolta fondi di beneficenza.<\/li>\n<\/ul>\n\n\n\n<p>Possiamo prendere in considerazione e approvare le richieste di link da parte di altre organizzazioni se decidiamo che: (a) il link non ci faccia apparire in modo sfavorevole; (b) l'organizzazione non abbia precedenti negativi con noi; (c) il beneficio della visibilit\u00e0 del collegamento ipertestuale compensi l'assenza di Changzhou Canbo Travel Products Co., LTD; e (d) il link sia nel contesto di informazioni generali sulle risorse.<\/p>\n\n\n\n<p>Le organizzazioni autorizzate possono collegarsi al nostro sito web come segue:<\/p>\n\n\n\n<ul class=\"wp-block-list\">\n<li>Utilizzando la nostra ragione sociale; o<\/li>\n\n\n\n<li>Tramite l'uso del localizzatore uniforme di risorse a cui si \u00e8 collegati; oppure<\/li>\n\n\n\n<li>Utilizzando qualsiasi altra descrizione del nostro sito web a cui si \u00e8 collegati che abbia senso nel contesto e nel formato del contenuto del sito della parte collegata.<\/li>\n<\/ul>\n\n\n\n<p>Non sar\u00e0 consentito l'uso del logo o di altre immagini di Changzhou Canbo Travel Products Co., LTD per il collegamento senza un accordo di licenza del marchio.<\/p>\n\n\n\n<p><strong>Responsabilit\u00e0 del contenuto:<\/strong><\/p>\n\n\n\n<p>Non saremo ritenuti responsabili per i contenuti che appaiono sul vostro sito web. L'utente accetta di proteggerci e difenderci da qualsiasi reclamo derivante dai contenuti del suo sito web. Nessun link deve comparire su alcun sito web che possa essere interpretato come diffamatorio, osceno o criminale, o che violi o sostenga la violazione di diritti di terzi.<\/p>\n\n\n\n<p><strong>Riserva di diritti:<\/strong><\/p>\n\n\n\n<p>Ci riserviamo il diritto di richiedere la rimozione di tutti i link o di un particolare link al nostro sito web. L'utente accetta di rimuovere immediatamente tutti i link al nostro sito web su richiesta. Ci riserviamo inoltre il diritto di modificare i presenti termini e condizioni e la politica di collegamento in qualsiasi momento. Collegandovi continuamente al nostro Sito web, accettate di essere vincolati e di seguire i presenti termini e condizioni di collegamento.<\/p>\n\n\n\n<p><strong>Rimozione di link dal nostro sito web:<\/strong><\/p>\n\n\n\n<p>Se sul nostro Sito Web trovate un link offensivo per qualsiasi motivo, siete liberi di contattarci e informarci in qualsiasi momento. Prenderemo in considerazione le richieste di rimozione dei link, ma non siamo obbligati a farlo o a rispondere direttamente.<\/p>\n\n\n\n<p><strong>Esclusione di responsabilit\u00e0:<\/strong><\/p>\n\n\n\n<p>Nella misura massima consentita dalla legge applicabile, escludiamo tutte le dichiarazioni, garanzie e condizioni relative al nostro sito web e all'uso di questo sito web. Nulla di quanto contenuto nella presente clausola di esclusione della responsabilit\u00e0:<\/p>\n\n\n\n<ul class=\"wp-block-list\">\n<li>Limitare o escludere la nostra o la vostra responsabilit\u00e0 per morte o lesioni personali;<\/li>\n\n\n\n<li>Limitare o escludere la nostra o la vostra responsabilit\u00e0 per frode o falsa dichiarazione fraudolenta;<\/li>\n\n\n\n<li>limitare una qualsiasi delle nostre o vostre responsabilit\u00e0 in qualsiasi modo che non sia consentito dalla legge applicabile; oppure<\/li>\n\n\n\n<li>Escludere qualsiasi responsabilit\u00e0 nostra o vostra che non possa essere esclusa ai sensi della legge applicabile.<\/li>\n<\/ul>\n\n\n\n<p>Le limitazioni e i divieti di responsabilit\u00e0 stabiliti in questa sezione e in altre parti della presente clausola di esclusione della responsabilit\u00e0 disciplinano tutte le responsabilit\u00e0 derivanti dalla clausola di esclusione della responsabilit\u00e0, comprese le responsabilit\u00e0 derivanti da contratto, da illecito civile e da violazione di obblighi di legge.<\/p>\n\n\n\n<p>Finch\u00e9 il sito web e le informazioni e i servizi presenti sul sito web sono forniti gratuitamente, non saremo responsabili di eventuali perdite o danni di qualsiasi natura.<\/p>","protected":false},"excerpt":{"rendered":"<p>Welcome to Changzhou Canbo Travel Products Co., LTD! These terms and conditions outline the rules and regulations for the use of Changzhou Canbo Travel Products Co., LTD&#8217;s Website, located at https:\/\/canbopet.com. By accessing this website, we assume you accept these terms and conditions. Do not continue to use the website if you do not agree&#8230;<\/p>","protected":false},"author":1,"featured_media":0,"parent":0,"menu_order":0,"comment_status":"closed","ping_status":"closed","template":"","meta":{"_seopress_robots_primary_cat":"","_seopress_titles_title":"","_seopress_titles_desc":"","_seopress_robots_index":"","footnotes":""},"class_list":["post-3319","page","type-page","status-publish"],"meta_box":[],"_links":{"self":[{"href":"https:\/\/canbopet.com\/it\/wp-json\/wp\/v2\/pages\/3319","targetHints":{"allow":["GET"]}}],"collection":[{"href":"https:\/\/canbopet.com\/it\/wp-json\/wp\/v2\/pages"}],"about":[{"href":"https:\/\/canbopet.com\/it\/wp-json\/wp\/v2\/types\/page"}],"author":[{"embeddable":true,"href":"https:\/\/canbopet.com\/it\/wp-json\/wp\/v2\/users\/1"}],"replies":[{"embeddable":true,"href":"https:\/\/canbopet.com\/it\/wp-json\/wp\/v2\/comments?post=3319"}],"version-history":[{"count":0,"href":"https:\/\/canbopet.com\/it\/wp-json\/wp\/v2\/pages\/3319\/revisions"}],"wp:attachment":[{"href":"https:\/\/canbopet.com\/it\/wp-json\/wp\/v2\/media?parent=3319"}],"curies":[{"name":"wp","href":"https:\/\/api.w.org\/{rel}","templated":true}]}}