{"id":3,"date":"2020-11-30T11:12:39","date_gmt":"2020-11-30T11:12:39","guid":{"rendered":"https:\/\/canbopet.com\/?page_id=3"},"modified":"2026-01-27T19:38:57","modified_gmt":"2026-01-28T03:38:57","slug":"privacy-policy","status":"publish","type":"page","link":"https:\/\/canbopet.com\/pl\/privacy-policy\/","title":{"rendered":"Polityka prywatno\u015bci"},"content":{"rendered":"<style>.elementor-3 .elementor-element.elementor-element-7ec1c6c1{--display:flex;--gap:40px 40px;--row-gap:40px;--column-gap:40px;--margin-top:150px;--margin-bottom:0px;--margin-left:0px;--margin-right:0px;--padding-top:10px;--padding-bottom:10px;--padding-left:20px;--padding-right:20px;}.elementor-3 .elementor-element.elementor-element-64404b6{text-align:center;}.elementor-3 .elementor-element.elementor-element-64404b6 .elementor-heading-title{font-family:\"Jost\", Sans-serif;font-size:50px;}.elementor-3 .elementor-element.elementor-element-6f224d78{font-family:\"Jost\", Sans-serif;font-size:20px;line-height:40px;}:root{--page-title-display:none;}body.elementor-page-3{margin:0px 0px 0px 0px;}@media(max-width:767px){.elementor-3 .elementor-element.elementor-element-64404b6 .elementor-heading-title{font-size:30px;}.elementor-3 .elementor-element.elementor-element-6f224d78{font-size:18px;}}<\/style>\t\t<div data-elementor-type=\"wp-page\" data-elementor-id=\"3\" class=\"elementor elementor-3\" data-elementor-post-type=\"page\">\n\t\t\t\t<div class=\"elementor-element elementor-element-7ec1c6c1 e-flex e-con-boxed elementor-repeater-item-default_padding elementor-repeater-item-none elementor-repeater-item-none_hover e-con e-parent\" data-id=\"7ec1c6c1\" data-element_type=\"container\" data-e-type=\"container\" data-settings=\"{&quot;ang_container_spacing_size&quot;:&quot;default_padding&quot;}\">\n\t\t\t\t\t<div class=\"e-con-inner\">\n\t\t\t\t<div class=\"elementor-element elementor-element-64404b6 elementor-repeater-item-none elementor-repeater-item-none_hover elementor-widget elementor-widget-heading\" data-id=\"64404b6\" data-element_type=\"widget\" data-e-type=\"widget\" data-widget_type=\"heading.default\">\n\t\t\t\t<div class=\"elementor-widget-container\">\n\t\t\t\t\t<h2 class=\"elementor-heading-title elementor-size-default\">Polityka prywatno\u015bci<\/h2>\t\t\t\t<\/div>\n\t\t\t\t<\/div>\n\t\t\t\t<div class=\"elementor-element elementor-element-6f224d78 elementor-repeater-item-none elementor-repeater-item-none_hover elementor-widget elementor-widget-text-editor\" data-id=\"6f224d78\" data-element_type=\"widget\" data-e-type=\"widget\" data-widget_type=\"text-editor.default\">\n\t\t\t\t<div class=\"elementor-widget-container\">\n\t\t\t\t\t\t\t\t\t\n<p>Twoja prywatno\u015b\u0107 jest dla nas wa\u017cna. Polityk\u0105 Changzhou Canbo Travel Products Co, LTD jest poszanowanie prywatno\u015bci u\u017cytkownik\u00f3w i przestrzeganie wszelkich obowi\u0105zuj\u0105cych przepis\u00f3w prawa i regulacji dotycz\u0105cych wszelkich danych osobowych, kt\u00f3re mo\u017cemy gromadzi\u0107 na ich temat, w tym na naszej stronie internetowej, <a href=\"https:\/\/canbopet.com\/pl\/\">https:\/\/canbopet.com<\/a>, oraz innych witryn, kt\u00f3rych jeste\u015bmy w\u0142a\u015bcicielem i operatorem.<\/p>\n\n<p>Niniejsze zasady obowi\u0105zuj\u0105 od dnia 20 sierpnia 2024 r. i zosta\u0142y ostatnio zaktualizowane w dniu 20 sierpnia 2024 r.<\/p>\n\n<p><strong>Gromadzone przez nas informacje<\/strong><\/p>\n\n<p>Gromadzone przez nas informacje obejmuj\u0105 zar\u00f3wno informacje, kt\u00f3re u\u017cytkownik \u015bwiadomie i aktywnie przekazuje nam podczas korzystania z naszych us\u0142ug i promocji lub uczestniczenia w nich, jak i wszelkie informacje automatycznie wysy\u0142ane przez urz\u0105dzenia u\u017cytkownika w trakcie uzyskiwania dost\u0119pu do naszych produkt\u00f3w i us\u0142ug.<\/p>\n\n<p><strong>Dane dziennika<\/strong><\/p>\n\n<p>Gdy u\u017cytkownik odwiedza nasz\u0105 witryn\u0119 internetow\u0105, nasze serwery mog\u0105 automatycznie rejestrowa\u0107 standardowe dane dostarczane przez przegl\u0105dark\u0119 internetow\u0105. Mo\u017ce to obejmowa\u0107 adres IP urz\u0105dzenia, typ i wersj\u0119 przegl\u0105darki, odwiedzane strony, godzin\u0119 i dat\u0119 wizyty, czas sp\u0119dzony na ka\u017cdej stronie, inne szczeg\u00f3\u0142y dotycz\u0105ce wizyty oraz szczeg\u00f3\u0142y techniczne, kt\u00f3re wyst\u0119puj\u0105 w po\u0142\u0105czeniu z wszelkimi napotkanymi b\u0142\u0119dami.<\/p>\n\n<p>Nale\u017cy pami\u0119ta\u0107, \u017ce chocia\u017c informacje te same w sobie nie mog\u0105 by\u0107 danymi osobowymi, mo\u017ce by\u0107 mo\u017cliwe po\u0142\u0105czenie ich z innymi danymi w celu identyfikacji poszczeg\u00f3lnych os\u00f3b.<\/p>\n\n<p><strong>Dane osobowe<\/strong><\/p>\n\n<p>Mo\u017cemy poprosi\u0107 o podanie danych osobowych, kt\u00f3re mog\u0105 obejmowa\u0107 jeden lub wi\u0119cej z poni\u017cszych element\u00f3w:<\/p>\n\n<ul class=\"wp-block-list\">\n<li>Nazwa<\/li>\n\n<li>Adres e-mail<\/li>\n<\/ul>\n\n<p><strong>Uzasadnione powody przetwarzania danych osobowych u\u017cytkownika<\/strong><\/p>\n\n<p>Gromadzimy i wykorzystujemy dane osobowe u\u017cytkownika wy\u0142\u0105cznie wtedy, gdy mamy ku temu uzasadniony pow\u00f3d. W takich przypadkach gromadzimy wy\u0142\u0105cznie dane osobowe, kt\u00f3re s\u0105 niezb\u0119dne do \u015bwiadczenia us\u0142ug na rzecz u\u017cytkownika.<\/p>\n\n<p><strong>Gromadzenie i wykorzystywanie informacji<\/strong><\/p>\n\n<p>Mo\u017cemy gromadzi\u0107 dane osobowe u\u017cytkownik\u00f3w, gdy wykonuj\u0105 oni nast\u0119puj\u0105ce czynno\u015bci na naszej stronie internetowej:<\/p>\n\n<ul class=\"wp-block-list\">\n<li>Korzystanie z urz\u0105dzenia mobilnego lub przegl\u0105darki internetowej w celu uzyskania dost\u0119pu do naszych tre\u015bci<\/li>\n\n<li>Kontakt z nami za po\u015brednictwem poczty elektronicznej, medi\u00f3w spo\u0142eczno\u015bciowych lub innych podobnych technologii.<\/li>\n\n<li>Wspomnij o nas w mediach spo\u0142eczno\u015bciowych<\/li>\n<\/ul>\n\n<p>Mo\u017cemy gromadzi\u0107, przechowywa\u0107, wykorzystywa\u0107 i ujawnia\u0107 informacje w nast\u0119puj\u0105cych celach, a dane osobowe nie b\u0119d\u0105 dalej przetwarzane w spos\u00f3b niezgodny z tymi celami:<\/p>\n\n<ul class=\"wp-block-list\">\n<li>Aby umo\u017cliwi\u0107 u\u017cytkownikowi dostosowanie lub spersonalizowanie korzystania z naszej strony internetowej<\/li>\n\n<li>Do cel\u00f3w analitycznych, bada\u0144 rynkowych i rozwoju biznesu, w tym obs\u0142ugi i ulepszania naszej strony internetowej, powi\u0105zanych aplikacji i powi\u0105zanych platform medi\u00f3w spo\u0142eczno\u015bciowych<\/li>\n<\/ul>\n\n<p>Nale\u017cy pami\u0119ta\u0107, \u017ce mo\u017cemy \u0142\u0105czy\u0107 gromadzone przez nas informacje o u\u017cytkowniku z informacjami og\u00f3lnymi lub danymi badawczymi, kt\u00f3re otrzymujemy z innych zaufanych \u017ar\u00f3de\u0142.<\/p>\n\n<p><strong>Bezpiecze\u0144stwo danych osobowych u\u017cytkownika<\/strong><\/p>\n\n<p>Gromadz\u0105c i przetwarzaj\u0105c dane osobowe, a tak\u017ce przechowuj\u0105c te informacje, b\u0119dziemy chroni\u0107 je za pomoc\u0105 komercyjnie akceptowalnych \u015brodk\u00f3w, aby zapobiec ich utracie i kradzie\u017cy, a tak\u017ce nieautoryzowanemu dost\u0119powi, ujawnieniu, kopiowaniu, wykorzystaniu lub modyfikacji.<\/p>\n\n<p>Chocia\u017c do\u0142o\u017cymy wszelkich stara\u0144, aby chroni\u0107 dane osobowe, kt\u00f3re nam przekazujesz, informujemy, \u017ce \u017cadna metoda transmisji elektronicznej lub przechowywania nie jest bezpieczna i nikt nie mo\u017ce zagwarantowa\u0107 absolutnego bezpiecze\u0144stwa danych. B\u0119dziemy przestrzega\u0107 obowi\u0105zuj\u0105cych nas przepis\u00f3w prawa w odniesieniu do wszelkich narusze\u0144 danych.<\/p>\n\n<p>U\u017cytkownik jest odpowiedzialny za wyb\u00f3r dowolnego has\u0142a i jego og\u00f3ln\u0105 si\u0142\u0119 bezpiecze\u0144stwa, zapewniaj\u0105c bezpiecze\u0144stwo w\u0142asnych informacji w ramach naszych us\u0142ug.<\/p>\n\n<p><strong>Jak d\u0142ugo przechowujemy dane osobowe u\u017cytkownika?<\/strong><\/p>\n\n<p>Dane osobowe u\u017cytkownik\u00f3w przechowujemy tylko tak d\u0142ugo, jak jest to konieczne. Okres ten mo\u017ce zale\u017ce\u0107 od tego, do czego wykorzystujemy dane u\u017cytkownika zgodnie z niniejsz\u0105 polityk\u0105 prywatno\u015bci. Je\u015bli dane osobowe u\u017cytkownika nie b\u0119d\u0105 ju\u017c potrzebne, usuniemy je lub uczynimy anonimowymi poprzez usuni\u0119cie wszystkich danych umo\u017cliwiaj\u0105cych identyfikacj\u0119 u\u017cytkownika.<\/p>\n\n<p>W razie potrzeby mo\u017cemy jednak zachowa\u0107 dane osobowe u\u017cytkownika w celu spe\u0142nienia obowi\u0105zku prawnego, ksi\u0119gowego lub sprawozdawczego lub w celach archiwizacyjnych w interesie publicznym, w celach naukowych lub historycznych lub w celach statystycznych.<\/p>\n\n<p><strong>Prywatno\u015b\u0107 dzieci<\/strong><\/p>\n\n<p>Nie kierujemy \u017cadnych naszych produkt\u00f3w ani us\u0142ug bezpo\u015brednio do dzieci w wieku poni\u017cej 13 lat i \u015bwiadomie nie gromadzimy danych osobowych dzieci w wieku poni\u017cej 13 lat.<\/p>\n\n<p><strong>Mi\u0119dzynarodowe transfery danych osobowych<\/strong><\/p>\n\n<p>Gromadzone przez nas dane osobowe s\u0105 przechowywane i\/lub przetwarzane tam, gdzie my lub nasi partnerzy, podmioty stowarzyszone i dostawcy zewn\u0119trzni utrzymuj\u0105 swoje obiekty. Nale\u017cy pami\u0119ta\u0107, \u017ce w lokalizacjach, w kt\u00f3rych przechowujemy, przetwarzamy lub przekazujemy dane osobowe u\u017cytkownika, mog\u0105 obowi\u0105zywa\u0107 inne przepisy dotycz\u0105ce ochrony danych ni\u017c w kraju, w kt\u00f3rym u\u017cytkownik pierwotnie przekaza\u0142 te dane. Je\u015bli przeka\u017cemy dane osobowe u\u017cytkownika stronom trzecim w innych krajach: (1) przeka\u017cemy je zgodnie z wymogami obowi\u0105zuj\u0105cego prawa; oraz (2) b\u0119dziemy chroni\u0107 przekazane dane osobowe zgodnie z niniejsz\u0105 polityk\u0105 prywatno\u015bci.<\/p>\n\n<p><strong>Prawa u\u017cytkownika i kontrola nad danymi osobowymi<\/strong><\/p>\n\n<p>U\u017cytkownik zawsze zachowuje prawo do nieudost\u0119pniania nam swoich danych osobowych, przy za\u0142o\u017ceniu, \u017ce mo\u017ce to mie\u0107 wp\u0142yw na korzystanie przez niego z naszej strony internetowej. Nie b\u0119dziemy dyskryminowa\u0107 u\u017cytkownika za korzystanie z praw do danych osobowych. Je\u015bli u\u017cytkownik przeka\u017ce nam swoje dane osobowe, przyjmuje do wiadomo\u015bci, \u017ce b\u0119dziemy je gromadzi\u0107, przechowywa\u0107, wykorzystywa\u0107 i ujawnia\u0107 zgodnie z niniejsz\u0105 polityk\u0105 prywatno\u015bci. U\u017cytkownik zachowuje prawo do za\u017c\u0105dania szczeg\u00f3\u0142owych informacji na temat wszelkich danych osobowych, kt\u00f3re posiadamy na jego temat.<\/p>\n\n<p>Je\u015bli otrzymamy dane osobowe u\u017cytkownika od strony trzeciej, b\u0119dziemy je chroni\u0107 w spos\u00f3b okre\u015blony w niniejszej polityce prywatno\u015bci. Je\u015bli u\u017cytkownik jest osob\u0105 trzeci\u0105 przekazuj\u0105c\u0105 dane osobowe innej osoby, o\u015bwiadcza i gwarantuje, \u017ce posiada zgod\u0119 tej osoby na przekazanie nam tych danych osobowych.<\/p>\n\n<p>Je\u015bli u\u017cytkownik wyrazi\u0142 wcze\u015bniej zgod\u0119 na wykorzystywanie przez nas jego danych osobowych do cel\u00f3w marketingu bezpo\u015bredniego, mo\u017ce zmieni\u0107 zdanie w dowolnym momencie. Zapewnimy ci mo\u017cliwo\u015b\u0107 wypisania si\u0119 z naszej bazy danych e-mail lub rezygnacji z komunikacji. Nale\u017cy pami\u0119ta\u0107, \u017ce mo\u017cemy za\u017c\u0105da\u0107 od u\u017cytkownika okre\u015blonych informacji, kt\u00f3re pomog\u0105 nam potwierdzi\u0107 jego to\u017csamo\u015b\u0107.<\/p>\n\n<p>Je\u015bli uwa\u017casz, \u017ce jakiekolwiek informacje, kt\u00f3re posiadamy na Tw\u00f3j temat, s\u0105 niedok\u0142adne, nieaktualne, niekompletne, nieistotne lub wprowadzaj\u0105ce w b\u0142\u0105d, skontaktuj si\u0119 z nami, korzystaj\u0105c z danych podanych w niniejszej polityce prywatno\u015bci. Podejmiemy uzasadnione kroki w celu skorygowania wszelkich informacji, kt\u00f3re oka\u017c\u0105 si\u0119 niedok\u0142adne, niekompletne, wprowadzaj\u0105ce w b\u0142\u0105d lub nieaktualne.<\/p>\n\n<p>Je\u015bli uwa\u017casz, \u017ce naruszyli\u015bmy odpowiednie przepisy o ochronie danych i chcesz z\u0142o\u017cy\u0107 skarg\u0119, skontaktuj si\u0119 z nami, korzystaj\u0105c z poni\u017cszych danych i podaj nam pe\u0142ne szczeg\u00f3\u0142y domniemanego naruszenia. Niezw\u0142ocznie zbadamy Twoj\u0105 skarg\u0119 i odpowiemy Ci na pi\u015bmie, przedstawiaj\u0105c wynik naszego dochodzenia oraz kroki, kt\u00f3re podejmiemy w celu rozpatrzenia Twojej skargi. U\u017cytkownik ma r\u00f3wnie\u017c prawo skontaktowa\u0107 si\u0119 z organem regulacyjnym lub organem ochrony danych w zwi\u0105zku ze swoj\u0105 skarg\u0105.<\/p>\n\n<p><strong>Korzystanie z plik\u00f3w cookie<\/strong><\/p>\n\n<p>U\u017cywamy plik\u00f3w \u201ccookie\u201d do zbierania informacji o u\u017cytkowniku i jego aktywno\u015bci w naszej witrynie. Plik cookie to niewielki fragment danych, kt\u00f3ry nasza witryna przechowuje na komputerze u\u017cytkownika i uzyskuje do niego dost\u0119p przy ka\u017cdej wizycie, dzi\u0119ki czemu mo\u017cemy zrozumie\u0107, w jaki spos\u00f3b u\u017cytkownik korzysta z naszej witryny. Pomaga nam to wy\u015bwietla\u0107 tre\u015bci w oparciu o preferencje okre\u015blone przez u\u017cytkownika.<\/p>\n\n<p><strong>Ograniczenia naszej polityki<\/strong><\/p>\n\n<p>Nasza witryna internetowa mo\u017ce zawiera\u0107 \u0142\u0105cza do witryn zewn\u0119trznych, kt\u00f3re nie s\u0105 przez nas obs\u0142ugiwane. Nale\u017cy pami\u0119ta\u0107, \u017ce nie mamy kontroli nad tre\u015bci\u0105 i polityk\u0105 tych witryn i nie mo\u017cemy przyj\u0105\u0107 odpowiedzialno\u015bci za ich praktyki w zakresie prywatno\u015bci.<\/p>\n\n<p><strong>Zmiany w niniejszej Polityce<\/strong><\/p>\n\n<p>Wed\u0142ug w\u0142asnego uznania mo\u017cemy zmieni\u0107 nasz\u0105 polityk\u0119 prywatno\u015bci, aby odzwierciedli\u0107 aktualizacje naszych proces\u00f3w biznesowych, bie\u017c\u0105ce akceptowalne praktyki lub zmiany legislacyjne lub regulacyjne. Je\u015bli zdecydujemy si\u0119 zmieni\u0107 niniejsz\u0105 polityk\u0119 prywatno\u015bci, opublikujemy zmiany tutaj pod tym samym linkiem, za pomoc\u0105 kt\u00f3rego u\u017cytkownik uzyskuje dost\u0119p do niniejszej polityki prywatno\u015bci.<\/p>\n\n<p>Je\u015bli jest to wymagane przez prawo, uzyskamy zgod\u0119 u\u017cytkownika lub umo\u017cliwimy mu wyra\u017cenie zgody lub rezygnacj\u0119, w zale\u017cno\u015bci od przypadku, z wszelkich nowych zastosowa\u0144 jego danych osobowych.<\/p>\n\n<p><strong>Kontakt<\/strong><\/p>\n\n<p>W przypadku jakichkolwiek pyta\u0144 lub w\u0105tpliwo\u015bci dotycz\u0105cych prywatno\u015bci, u\u017cytkownik mo\u017ce skontaktowa\u0107 si\u0119 z nami, korzystaj\u0105c z poni\u017cszych danych:<\/p>\n\n<p>Changzhou Canbo Travel Products Co, LTD<br \/><a href=\"https:\/\/canbopet.com\/pl\/\">https:\/\/canbopet.com<\/a><\/p>\n\t\t\t\t\t\t\t\t<\/div>\n\t\t\t\t<\/div>\n\t\t\t\t\t<\/div>\n\t\t\t\t<\/div>\n\t\t\t\t<\/div>","protected":false},"excerpt":{"rendered":"<p>Privacy Policy Your privacy is important to us. It is Changzhou Canbo Travel Products Co., LTD&#8217;s policy to respect your privacy and comply with any applicable law and regulation regarding any personal information we may collect about you, including across our website, https:\/\/canbopet.com, and other sites we own and operate. This policy is effective as&#8230;<\/p>","protected":false},"author":1,"featured_media":0,"parent":0,"menu_order":0,"comment_status":"closed","ping_status":"open","template":"","meta":{"_seopress_robots_primary_cat":"","_seopress_titles_title":"","_seopress_titles_desc":"","_seopress_robots_index":"","footnotes":""},"class_list":["post-3","page","type-page","status-publish"],"meta_box":[],"_links":{"self":[{"href":"https:\/\/canbopet.com\/pl\/wp-json\/wp\/v2\/pages\/3","targetHints":{"allow":["GET"]}}],"collection":[{"href":"https:\/\/canbopet.com\/pl\/wp-json\/wp\/v2\/pages"}],"about":[{"href":"https:\/\/canbopet.com\/pl\/wp-json\/wp\/v2\/types\/page"}],"author":[{"embeddable":true,"href":"https:\/\/canbopet.com\/pl\/wp-json\/wp\/v2\/users\/1"}],"replies":[{"embeddable":true,"href":"https:\/\/canbopet.com\/pl\/wp-json\/wp\/v2\/comments?post=3"}],"version-history":[{"count":0,"href":"https:\/\/canbopet.com\/pl\/wp-json\/wp\/v2\/pages\/3\/revisions"}],"wp:attachment":[{"href":"https:\/\/canbopet.com\/pl\/wp-json\/wp\/v2\/media?parent=3"}],"curies":[{"name":"wp","href":"https:\/\/api.w.org\/{rel}","templated":true}]}}