{"id":3319,"date":"2024-08-20T04:51:11","date_gmt":"2024-08-20T12:51:11","guid":{"rendered":"https:\/\/canbopet.com\/?page_id=3319"},"modified":"2024-08-20T05:10:41","modified_gmt":"2024-08-20T13:10:41","slug":"terms-of-services","status":"publish","type":"page","link":"https:\/\/canbopet.com\/pl\/terms-of-services\/","title":{"rendered":"Regulamin"},"content":{"rendered":"<p>Witamy w Changzhou Canbo Travel Products Co, LTD!<\/p>\n\n\n\n<p>Niniejsze warunki okre\u015blaj\u0105 zasady i przepisy dotycz\u0105ce korzystania z witryny internetowej Changzhou Canbo Travel Products Co, LTD, znajduj\u0105cej si\u0119 pod adresem <a href=\"https:\/\/canbopet.com\/pl\/\">https:\/\/canbopet.com<\/a>.<\/p>\n\n\n\n<p>Uzyskuj\u0105c dost\u0119p do tej witryny, zak\u0142adamy, \u017ce akceptujesz te warunki. Nie kontynuuj korzystania z witryny, je\u015bli nie zgadzasz si\u0119 na wszystkie warunki okre\u015blone na tej stronie.<\/p>\n\n\n\n<p><strong>Pliki cookie:<\/strong><\/p>\n\n\n\n<p>Korzystamy z plik\u00f3w cookie. Uzyskuj\u0105c dost\u0119p do naszej witryny, wyra\u017casz zgod\u0119 na u\u017cywanie plik\u00f3w cookie zgodnie z nasz\u0105 polityk\u0105 prywatno\u015bci. Pliki cookie s\u0105 wykorzystywane do personalizacji do\u015bwiadcze\u0144 online, a niekt\u00f3re z nich s\u0105 niezb\u0119dne do dzia\u0142ania naszej witryny. Preferencjami dotycz\u0105cymi plik\u00f3w cookie mo\u017cna zarz\u0105dza\u0107 za pomoc\u0105 ustawie\u0144 przegl\u0105darki.<\/p>\n\n\n\n<p><strong>Licencja:<\/strong><\/p>\n\n\n\n<p>O ile nie okre\u015blono inaczej, Changzhou Canbo Travel Products Co., LTD i\/lub jego licencjodawcy s\u0105 w\u0142a\u015bcicielami praw w\u0142asno\u015bci intelektualnej do wszystkich materia\u0142\u00f3w na tej stronie. Wszelkie prawa w\u0142asno\u015bci intelektualnej s\u0105 zastrze\u017cone. U\u017cytkownik mo\u017ce uzyskiwa\u0107 dost\u0119p do materia\u0142\u00f3w z naszej strony internetowej na w\u0142asny u\u017cytek, z zastrze\u017ceniem ogranicze\u0144 okre\u015blonych w niniejszych warunkach.<\/p>\n\n\n\n<p>Nie wolno:<\/p>\n\n\n\n<ul class=\"wp-block-list\">\n<li>Kopiowanie lub ponowne publikowanie materia\u0142\u00f3w z naszej strony internetowej<\/li>\n\n\n\n<li>Sprzedawa\u0107, wynajmowa\u0107 lub udziela\u0107 sublicencji na materia\u0142y z naszej strony internetowej<\/li>\n\n\n\n<li>Powielanie, powielanie lub kopiowanie materia\u0142\u00f3w z naszej strony internetowej<\/li>\n\n\n\n<li>Redystrybucja tre\u015bci z naszej strony internetowej<\/li>\n<\/ul>\n\n\n\n<p>Niniejsza Umowa rozpoczyna si\u0119 w dniu jej zawarcia.<\/p>\n\n\n\n<p><strong>Komentarze u\u017cytkownik\u00f3w:<\/strong><\/p>\n\n\n\n<p>Niekt\u00f3re obszary naszej witryny mog\u0105 umo\u017cliwia\u0107 u\u017cytkownikom publikowanie komentarzy lub udost\u0119pnianie informacji. Changzhou Canbo Travel Products Co, LTD nie filtruje, nie edytuje, nie publikuje ani nie przegl\u0105da komentarzy przed ich pojawieniem si\u0119 na stronie internetowej. Komentarze odzwierciedlaj\u0105 pogl\u0105dy osoby, kt\u00f3ra je publikuje i niekoniecznie odzwierciedlaj\u0105 pogl\u0105dy firmy.<\/p>\n\n\n\n<p>Zastrzegamy sobie prawo do monitorowania wszystkich komentarzy i usuwania tych, kt\u00f3re s\u0105 nieodpowiednie, obra\u017aliwe lub naruszaj\u0105 niniejszy Regulamin.<\/p>\n\n\n\n<p>U\u017cytkownik gwarantuje i o\u015bwiadcza, \u017ce<\/p>\n\n\n\n<ul class=\"wp-block-list\">\n<li>U\u017cytkownik jest uprawniony do publikowania komentarzy na naszej stronie internetowej i posiada wszelkie niezb\u0119dne licencje i zgody na to;<\/li>\n\n\n\n<li>Komentarze nie naruszaj\u0105 \u017cadnych praw w\u0142asno\u015bci intelektualnej os\u00f3b trzecich;<\/li>\n\n\n\n<li>Komentarze nie zawieraj\u0105 znies\u0142awiaj\u0105cych, oszczerczych, obra\u017aliwych lub w inny spos\u00f3b niezgodnych z prawem materia\u0142\u00f3w;<\/li>\n\n\n\n<li>Komentarze nie b\u0119d\u0105 wykorzystywane do nagabywania lub promowania dzia\u0142alno\u015bci gospodarczej lub prezentowania dzia\u0142alno\u015bci niezgodnej z prawem.<\/li>\n<\/ul>\n\n\n\n<p>U\u017cytkownik niniejszym udziela Changzhou Canbo Travel Products Co., LTD niewy\u0142\u0105cznej licencji na u\u017cywanie, powielanie, edytowanie i upowa\u017cnianie innych os\u00f3b do u\u017cywania, powielania i edytowania komentarzy u\u017cytkownika w dowolnej formie, formacie lub mediach.<\/p>\n\n\n\n<p><strong>Hiper\u0142\u0105cza do Tre\u015bci:<\/strong><\/p>\n\n\n\n<p>Nast\u0119puj\u0105ce organizacje mog\u0105 zamieszcza\u0107 \u0142\u0105cza do naszej Witryny bez uprzedniej pisemnej zgody:<\/p>\n\n\n\n<ul class=\"wp-block-list\">\n<li>Agencje rz\u0105dowe;<\/li>\n\n\n\n<li>Wyszukiwarki;<\/li>\n\n\n\n<li>Organizacje informacyjne;<\/li>\n\n\n\n<li>Dystrybutorzy katalog\u00f3w online mog\u0105 umieszcza\u0107 \u0142\u0105cza do naszej Witryny w taki sam spos\u00f3b, w jaki umieszczaj\u0105 hiper\u0142\u0105cza do innych firm znajduj\u0105cych si\u0119 na li\u015bcie;<\/li>\n\n\n\n<li>Akredytowane firmy w ca\u0142ym systemie, z wyj\u0105tkiem organizacji non-profit, charytatywnych centr\u00f3w handlowych i grup zbieraj\u0105cych fundusze na cele charytatywne.<\/li>\n<\/ul>\n\n\n\n<p>Mo\u017cemy rozpatrywa\u0107 i zatwierdza\u0107 pro\u015bby o linki od innych organizacji, je\u015bli uznamy, \u017ce: (a) link nie sprawi, \u017ce b\u0119dziemy wygl\u0105da\u0107 niekorzystnie; (b) organizacja nie ma \u017cadnych negatywnych zapis\u00f3w z nami; (c) korzy\u015b\u0107 z widoczno\u015bci hiper\u0142\u0105cza rekompensuje brak Changzhou Canbo Travel Products Co, LTD; oraz (d) link znajduje si\u0119 w kontek\u015bcie og\u00f3lnych informacji o zasobach.<\/p>\n\n\n\n<p>Zatwierdzone organizacje mog\u0105 umieszcza\u0107 hiper\u0142\u0105cza do naszej Witryny w nast\u0119puj\u0105cy spos\u00f3b:<\/p>\n\n\n\n<ul class=\"wp-block-list\">\n<li>Poprzez u\u017cycie nazwy firmy; lub<\/li>\n\n\n\n<li>Poprzez u\u017cycie jednolitego lokalizatora zasob\u00f3w, do kt\u00f3rego prowadzi link; lub<\/li>\n\n\n\n<li>Poprzez u\u017cycie dowolnego innego opisu naszej Witryny, do kt\u00f3rej prowadzi \u0142\u0105cze, kt\u00f3ry ma sens w kontek\u015bcie i formacie tre\u015bci na stronie strony, do kt\u00f3rej prowadzi \u0142\u0105cze.<\/li>\n<\/ul>\n\n\n\n<p>\u017badne u\u017cycie logo Changzhou Canbo Travel Products Co., LTD lub innej grafiki nie b\u0119dzie dozwolone w przypadku braku umowy licencyjnej na znak towarowy.<\/p>\n\n\n\n<p><strong>Odpowiedzialno\u015b\u0107 za tre\u015b\u0107:<\/strong><\/p>\n\n\n\n<p>Nie ponosimy odpowiedzialno\u015bci za jakiekolwiek tre\u015bci pojawiaj\u0105ce si\u0119 w witrynie u\u017cytkownika. U\u017cytkownik zgadza si\u0119 chroni\u0107 i broni\u0107 nas przed wszelkimi roszczeniami wynikaj\u0105cymi z tre\u015bci zamieszczonych na jego stronie internetowej. \u017badne linki nie powinny pojawia\u0107 si\u0119 na \u017cadnej stronie internetowej, kt\u00f3ra mo\u017ce by\u0107 interpretowana jako znies\u0142awiaj\u0105ca, obsceniczna lub przest\u0119pcza, lub kt\u00f3ra narusza lub popiera naruszenie jakichkolwiek praw os\u00f3b trzecich.<\/p>\n\n\n\n<p><strong>Zastrze\u017cenie praw:<\/strong><\/p>\n\n\n\n<p>Zastrzegamy sobie prawo do za\u017c\u0105dania od u\u017cytkownika usuni\u0119cia wszystkich \u0142\u0105czy lub poszczeg\u00f3lnych \u0142\u0105czy do naszej Witryny. U\u017cytkownik zgadza si\u0119 niezw\u0142ocznie usun\u0105\u0107 wszystkie \u0142\u0105cza do naszej Witryny na \u017c\u0105danie. Zastrzegamy sobie r\u00f3wnie\u017c prawo do zmiany niniejszych warunk\u00f3w i zasad linkowania w dowolnym momencie. Poprzez ci\u0105g\u0142e linkowanie do naszej Witryny, u\u017cytkownik wyra\u017ca zgod\u0119 na przestrzeganie niniejszych zasad i warunk\u00f3w linkowania.<\/p>\n\n\n\n<p><strong>Usuni\u0119cie link\u00f3w z naszej strony internetowej:<\/strong><\/p>\n\n\n\n<p>Je\u015bli u\u017cytkownik znajdzie w naszej Witrynie jakikolwiek link, kt\u00f3ry z jakiegokolwiek powodu jest obra\u017aliwy, mo\u017ce skontaktowa\u0107 si\u0119 z nami i poinformowa\u0107 nas o tym w dowolnym momencie. Rozwa\u017cymy pro\u015bby o usuni\u0119cie link\u00f3w, ale nie jeste\u015bmy do tego zobowi\u0105zani ani nie odpowiadamy bezpo\u015brednio.<\/p>\n\n\n\n<p><strong>Zastrze\u017cenie:<\/strong><\/p>\n\n\n\n<p>W maksymalnym zakresie dozwolonym przez obowi\u0105zuj\u0105ce prawo wy\u0142\u0105czamy wszelkie o\u015bwiadczenia, gwarancje i warunki zwi\u0105zane z nasz\u0105 witryn\u0105 internetow\u0105 i korzystaniem z niej. \u017badne z postanowie\u0144 niniejszego wy\u0142\u0105czenia odpowiedzialno\u015bci nie b\u0119dzie<\/p>\n\n\n\n<ul class=\"wp-block-list\">\n<li>Ograniczenie lub wy\u0142\u0105czenie naszej lub u\u017cytkownika odpowiedzialno\u015bci za \u015bmier\u0107 lub obra\u017cenia cia\u0142a;<\/li>\n\n\n\n<li>Ograniczenie lub wy\u0142\u0105czenie naszej lub u\u017cytkownika odpowiedzialno\u015bci za oszustwo lub \u015bwiadome wprowadzenie w b\u0142\u0105d;<\/li>\n\n\n\n<li>ograniczy\u0107 nasze lub u\u017cytkownika zobowi\u0105zania w jakikolwiek spos\u00f3b, kt\u00f3ry nie jest dozwolony przez obowi\u0105zuj\u0105ce prawo; lub<\/li>\n\n\n\n<li>Wykluczy\u0107 wszelkie nasze lub u\u017cytkownika zobowi\u0105zania, kt\u00f3re nie mog\u0105 zosta\u0107 wykluczone na mocy obowi\u0105zuj\u0105cego prawa.<\/li>\n<\/ul>\n\n\n\n<p>Ograniczenia i zakazy odpowiedzialno\u015bci okre\u015blone w niniejszej sekcji i w innych miejscach niniejszego wy\u0142\u0105czenia odpowiedzialno\u015bci reguluj\u0105 wszystkie zobowi\u0105zania wynikaj\u0105ce z wy\u0142\u0105czenia odpowiedzialno\u015bci, w tym zobowi\u0105zania wynikaj\u0105ce z umowy, czynu niedozwolonego i naruszenia obowi\u0105zk\u00f3w ustawowych.<\/p>\n\n\n\n<p>Tak d\u0142ugo, jak strona internetowa oraz informacje i us\u0142ugi na stronie internetowej s\u0105 dostarczane bezp\u0142atnie, nie ponosimy odpowiedzialno\u015bci za jakiekolwiek straty lub szkody jakiegokolwiek rodzaju.<\/p>","protected":false},"excerpt":{"rendered":"<p>Welcome to Changzhou Canbo Travel Products Co., LTD! These terms and conditions outline the rules and regulations for the use of Changzhou Canbo Travel Products Co., LTD&#8217;s Website, located at https:\/\/canbopet.com. By accessing this website, we assume you accept these terms and conditions. Do not continue to use the website if you do not agree&#8230;<\/p>","protected":false},"author":1,"featured_media":0,"parent":0,"menu_order":0,"comment_status":"closed","ping_status":"closed","template":"","meta":{"_seopress_robots_primary_cat":"","_seopress_titles_title":"","_seopress_titles_desc":"","_seopress_robots_index":"","footnotes":""},"class_list":["post-3319","page","type-page","status-publish"],"meta_box":[],"_links":{"self":[{"href":"https:\/\/canbopet.com\/pl\/wp-json\/wp\/v2\/pages\/3319","targetHints":{"allow":["GET"]}}],"collection":[{"href":"https:\/\/canbopet.com\/pl\/wp-json\/wp\/v2\/pages"}],"about":[{"href":"https:\/\/canbopet.com\/pl\/wp-json\/wp\/v2\/types\/page"}],"author":[{"embeddable":true,"href":"https:\/\/canbopet.com\/pl\/wp-json\/wp\/v2\/users\/1"}],"replies":[{"embeddable":true,"href":"https:\/\/canbopet.com\/pl\/wp-json\/wp\/v2\/comments?post=3319"}],"version-history":[{"count":0,"href":"https:\/\/canbopet.com\/pl\/wp-json\/wp\/v2\/pages\/3319\/revisions"}],"wp:attachment":[{"href":"https:\/\/canbopet.com\/pl\/wp-json\/wp\/v2\/media?parent=3319"}],"curies":[{"name":"wp","href":"https:\/\/api.w.org\/{rel}","templated":true}]}}