{"id":3,"date":"2020-11-30T11:12:39","date_gmt":"2020-11-30T11:12:39","guid":{"rendered":"https:\/\/canbopet.com\/?page_id=3"},"modified":"2026-01-27T19:38:57","modified_gmt":"2026-01-28T03:38:57","slug":"privacy-policy","status":"publish","type":"page","link":"https:\/\/canbopet.com\/pt\/privacy-policy\/","title":{"rendered":"Pol\u00edtica de privacidade"},"content":{"rendered":"<style>.elementor-3 .elementor-element.elementor-element-7ec1c6c1{--display:flex;--gap:40px 40px;--row-gap:40px;--column-gap:40px;--margin-top:150px;--margin-bottom:0px;--margin-left:0px;--margin-right:0px;--padding-top:10px;--padding-bottom:10px;--padding-left:20px;--padding-right:20px;}.elementor-3 .elementor-element.elementor-element-64404b6{text-align:center;}.elementor-3 .elementor-element.elementor-element-64404b6 .elementor-heading-title{font-family:\"Jost\", Sans-serif;font-size:50px;}.elementor-3 .elementor-element.elementor-element-6f224d78{font-family:\"Jost\", Sans-serif;font-size:20px;line-height:40px;}:root{--page-title-display:none;}body.elementor-page-3{margin:0px 0px 0px 0px;}@media(max-width:767px){.elementor-3 .elementor-element.elementor-element-64404b6 .elementor-heading-title{font-size:30px;}.elementor-3 .elementor-element.elementor-element-6f224d78{font-size:18px;}}<\/style>\t\t<div data-elementor-type=\"wp-page\" data-elementor-id=\"3\" class=\"elementor elementor-3\" data-elementor-post-type=\"page\">\n\t\t\t\t<div class=\"elementor-element elementor-element-7ec1c6c1 e-flex e-con-boxed elementor-repeater-item-default_padding elementor-repeater-item-none elementor-repeater-item-none_hover e-con e-parent\" data-id=\"7ec1c6c1\" data-element_type=\"container\" data-e-type=\"container\" data-settings=\"{&quot;ang_container_spacing_size&quot;:&quot;default_padding&quot;}\">\n\t\t\t\t\t<div class=\"e-con-inner\">\n\t\t\t\t<div class=\"elementor-element elementor-element-64404b6 elementor-repeater-item-none elementor-repeater-item-none_hover elementor-widget elementor-widget-heading\" data-id=\"64404b6\" data-element_type=\"widget\" data-e-type=\"widget\" data-widget_type=\"heading.default\">\n\t\t\t\t<div class=\"elementor-widget-container\">\n\t\t\t\t\t<h2 class=\"elementor-heading-title elementor-size-default\">Pol\u00edtica de privacidade<\/h2>\t\t\t\t<\/div>\n\t\t\t\t<\/div>\n\t\t\t\t<div class=\"elementor-element elementor-element-6f224d78 elementor-repeater-item-none elementor-repeater-item-none_hover elementor-widget elementor-widget-text-editor\" data-id=\"6f224d78\" data-element_type=\"widget\" data-e-type=\"widget\" data-widget_type=\"text-editor.default\">\n\t\t\t\t<div class=\"elementor-widget-container\">\n\t\t\t\t\t\t\t\t\t\n<p>Sua privacidade \u00e9 importante para n\u00f3s. \u00c9 pol\u00edtica da Changzhou Canbo Travel Products Co., LTD respeitar a sua privacidade e cumprir todas as leis e regulamentos aplic\u00e1veis em rela\u00e7\u00e3o a qualquer informa\u00e7\u00e3o pessoal que possamos coletar sobre voc\u00ea, inclusive em nosso site, <a href=\"https:\/\/canbopet.com\/pt\/\">https:\/\/canbopet.com<\/a>, e outros sites que possu\u00edmos e operamos.<\/p>\n\n<p>Esta pol\u00edtica entra em vigor a partir de 20 de agosto de 2024 e foi atualizada pela \u00faltima vez em 20 de agosto de 2024.<\/p>\n\n<p><strong>Informa\u00e7\u00f5es que coletamos<\/strong><\/p>\n\n<p>As informa\u00e7\u00f5es que coletamos incluem tanto as informa\u00e7\u00f5es que voc\u00ea nos fornece de forma consciente e ativa ao usar ou participar de qualquer um de nossos servi\u00e7os e promo\u00e7\u00f5es, quanto quaisquer informa\u00e7\u00f5es enviadas automaticamente por seus dispositivos durante o acesso a nossos produtos e servi\u00e7os.<\/p>\n\n<p><strong>Dados de registro<\/strong><\/p>\n\n<p>Quando voc\u00ea visita nosso site, nossos servidores podem registrar automaticamente os dados padr\u00e3o fornecidos pelo seu navegador da Web. Esses dados podem incluir o endere\u00e7o IP (Internet Protocol) do seu dispositivo, o tipo e a vers\u00e3o do seu navegador, as p\u00e1ginas que voc\u00ea visita, a hora e a data da sua visita, o tempo gasto em cada p\u00e1gina, outros detalhes sobre a sua visita e detalhes t\u00e9cnicos que ocorrem em conjunto com quaisquer erros que voc\u00ea possa encontrar.<\/p>\n\n<p>Esteja ciente de que, embora essas informa\u00e7\u00f5es possam n\u00e3o ser pessoalmente identific\u00e1veis por si s\u00f3, pode ser poss\u00edvel combin\u00e1-las com outros dados para identificar pessoalmente pessoas individuais.<\/p>\n\n<p><strong>Informa\u00e7\u00f5es pessoais<\/strong><\/p>\n\n<p>Podemos solicitar informa\u00e7\u00f5es pessoais, que podem incluir um ou mais dos seguintes itens:<\/p>\n\n<ul class=\"wp-block-list\">\n<li>Nome<\/li>\n\n<li>Endere\u00e7o de e-mail<\/li>\n<\/ul>\n\n<p><strong>Raz\u00f5es leg\u00edtimas para processar suas informa\u00e7\u00f5es pessoais<\/strong><\/p>\n\n<p>Somente coletamos e usamos suas informa\u00e7\u00f5es pessoais quando temos um motivo leg\u00edtimo para isso. Nesses casos, coletamos apenas as informa\u00e7\u00f5es pessoais que s\u00e3o razoavelmente necess\u00e1rias para prestar nossos servi\u00e7os ao usu\u00e1rio.<\/p>\n\n<p><strong>Coleta e uso de informa\u00e7\u00f5es<\/strong><\/p>\n\n<p>Podemos coletar suas informa\u00e7\u00f5es pessoais quando voc\u00ea fizer qualquer uma das seguintes a\u00e7\u00f5es em nosso site:<\/p>\n\n<ul class=\"wp-block-list\">\n<li>Usar um dispositivo m\u00f3vel ou navegador da Web para acessar nosso conte\u00fado<\/li>\n\n<li>Entre em contato conosco por e-mail, m\u00eddia social ou outras tecnologias semelhantes<\/li>\n\n<li>Mencione-nos nas m\u00eddias sociais<\/li>\n<\/ul>\n\n<p>Podemos coletar, manter, usar e divulgar informa\u00e7\u00f5es para as seguintes finalidades, e as informa\u00e7\u00f5es pessoais n\u00e3o ser\u00e3o processadas de maneira incompat\u00edvel com essas finalidades:<\/p>\n\n<ul class=\"wp-block-list\">\n<li>Para permitir que voc\u00ea customize ou personalize sua experi\u00eancia em nosso site<\/li>\n\n<li>Para an\u00e1lise, pesquisa de mercado e desenvolvimento de neg\u00f3cios, inclusive para operar e melhorar nosso site, aplicativos associados e plataformas de m\u00eddia social associadas<\/li>\n<\/ul>\n\n<p>Esteja ciente de que podemos combinar as informa\u00e7\u00f5es que coletamos sobre voc\u00ea com informa\u00e7\u00f5es gerais ou dados de pesquisa que recebemos de outras fontes confi\u00e1veis.<\/p>\n\n<p><strong>Seguran\u00e7a de suas informa\u00e7\u00f5es pessoais<\/strong><\/p>\n\n<p>Quando coletarmos e processarmos informa\u00e7\u00f5es pessoais, e enquanto mantivermos essas informa\u00e7\u00f5es, n\u00f3s as protegeremos dentro de meios comercialmente aceit\u00e1veis para evitar perdas e roubos, bem como acesso, divulga\u00e7\u00e3o, c\u00f3pia, uso ou modifica\u00e7\u00e3o n\u00e3o autorizados.<\/p>\n\n<p>Embora fa\u00e7amos o poss\u00edvel para proteger as informa\u00e7\u00f5es pessoais que voc\u00ea nos fornece, informamos que nenhum m\u00e9todo de transmiss\u00e3o ou armazenamento eletr\u00f4nico \u00e9 100% seguro, e ningu\u00e9m pode garantir a seguran\u00e7a absoluta dos dados. Cumpriremos as leis aplic\u00e1veis a n\u00f3s em rela\u00e7\u00e3o a qualquer viola\u00e7\u00e3o de dados.<\/p>\n\n<p>Voc\u00ea \u00e9 respons\u00e1vel por selecionar qualquer senha e sua for\u00e7a geral de seguran\u00e7a, garantindo a seguran\u00e7a de suas pr\u00f3prias informa\u00e7\u00f5es dentro dos limites de nossos servi\u00e7os.<\/p>\n\n<p><strong>Por quanto tempo mantemos suas informa\u00e7\u00f5es pessoais?<\/strong><\/p>\n\n<p>Mantemos suas informa\u00e7\u00f5es pessoais apenas pelo tempo que for necess\u00e1rio. Esse per\u00edodo de tempo pode depender da finalidade para a qual estamos usando suas informa\u00e7\u00f5es, de acordo com esta pol\u00edtica de privacidade. Se as suas informa\u00e7\u00f5es pessoais n\u00e3o forem mais necess\u00e1rias, n\u00f3s as excluiremos ou as tornaremos an\u00f4nimas, removendo todos os detalhes que o identifiquem.<\/p>\n\n<p>No entanto, se necess\u00e1rio, poderemos reter suas informa\u00e7\u00f5es pessoais para cumprimento de uma obriga\u00e7\u00e3o legal, cont\u00e1bil ou de relat\u00f3rio, ou para fins de arquivamento de interesse p\u00fablico, fins de pesquisa cient\u00edfica ou hist\u00f3rica ou fins estat\u00edsticos.<\/p>\n\n<p><strong>Privacidade das crian\u00e7as<\/strong><\/p>\n\n<p>N\u00e3o destinamos nenhum de nossos produtos ou servi\u00e7os diretamente a crian\u00e7as menores de 13 anos e n\u00e3o coletamos intencionalmente informa\u00e7\u00f5es pessoais sobre crian\u00e7as menores de 13 anos.<\/p>\n\n<p><strong>Transfer\u00eancias internacionais de informa\u00e7\u00f5es pessoais<\/strong><\/p>\n\n<p>As informa\u00e7\u00f5es pessoais que coletamos s\u00e3o armazenadas e\/ou processadas nos locais onde n\u00f3s ou nossos parceiros, afiliados e fornecedores terceirizados mantemos instala\u00e7\u00f5es. Esteja ciente de que os locais para os quais armazenamos, processamos ou transferimos suas informa\u00e7\u00f5es pessoais podem n\u00e3o ter as mesmas leis de prote\u00e7\u00e3o de dados que o pa\u00eds no qual voc\u00ea forneceu as informa\u00e7\u00f5es inicialmente. Se transferirmos suas informa\u00e7\u00f5es pessoais para terceiros em outros pa\u00edses: (1) realizaremos essas transfer\u00eancias de acordo com as exig\u00eancias da legisla\u00e7\u00e3o aplic\u00e1vel; e (2) protegeremos as informa\u00e7\u00f5es pessoais transferidas de acordo com esta pol\u00edtica de privacidade.<\/p>\n\n<p><strong>Seus direitos e o controle de suas informa\u00e7\u00f5es pessoais<\/strong><\/p>\n\n<p>O usu\u00e1rio sempre tem o direito de reter informa\u00e7\u00f5es pessoais, com o entendimento de que sua experi\u00eancia em nosso site pode ser afetada. N\u00e3o discriminaremos o usu\u00e1rio por exercer qualquer um de seus direitos sobre suas informa\u00e7\u00f5es pessoais. Caso nos forne\u00e7a informa\u00e7\u00f5es pessoais, voc\u00ea entende que as coletaremos, manteremos, usaremos e divulgaremos de acordo com esta pol\u00edtica de privacidade. Voc\u00ea tem o direito de solicitar detalhes de qualquer informa\u00e7\u00e3o pessoal que tenhamos sobre voc\u00ea.<\/p>\n\n<p>Se recebermos informa\u00e7\u00f5es pessoais sobre voc\u00ea de um terceiro, n\u00f3s as protegeremos conforme estabelecido nesta pol\u00edtica de privacidade. Se voc\u00ea for um terceiro fornecendo informa\u00e7\u00f5es pessoais sobre outra pessoa, voc\u00ea declara e garante que tem o consentimento dessa pessoa para nos fornecer as informa\u00e7\u00f5es pessoais.<\/p>\n\n<p>Caso tenha concordado anteriormente com o uso de suas informa\u00e7\u00f5es pessoais para fins de marketing direto, voc\u00ea poder\u00e1 mudar de ideia a qualquer momento. N\u00f3s lhe daremos a possibilidade de cancelar a inscri\u00e7\u00e3o em nosso banco de dados de e-mail ou optar por n\u00e3o receber comunica\u00e7\u00f5es. Esteja ciente de que talvez seja necess\u00e1rio solicitar informa\u00e7\u00f5es espec\u00edficas para nos ajudar a confirmar sua identidade.<\/p>\n\n<p>Se voc\u00ea acredita que alguma informa\u00e7\u00e3o que mantemos sobre voc\u00ea \u00e9 imprecisa, desatualizada, incompleta, irrelevante ou enganosa, entre em contato conosco usando os detalhes fornecidos nesta pol\u00edtica de privacidade. Tomaremos medidas razo\u00e1veis para corrigir qualquer informa\u00e7\u00e3o considerada imprecisa, incompleta, enganosa ou desatualizada.<\/p>\n\n<p>Se voc\u00ea acredita que violamos uma lei de prote\u00e7\u00e3o de dados relevante e deseja fazer uma reclama\u00e7\u00e3o, entre em contato conosco usando os detalhes abaixo e forne\u00e7a-nos todos os detalhes da suposta viola\u00e7\u00e3o. Investigaremos prontamente a sua reclama\u00e7\u00e3o e responderemos por escrito, definindo o resultado da nossa investiga\u00e7\u00e3o e as medidas que tomaremos para lidar com a sua reclama\u00e7\u00e3o. Voc\u00ea tamb\u00e9m tem o direito de entrar em contato com um \u00f3rg\u00e3o regulador ou autoridade de prote\u00e7\u00e3o de dados em rela\u00e7\u00e3o \u00e0 sua reclama\u00e7\u00e3o.<\/p>\n\n<p><strong>Uso de cookies<\/strong><\/p>\n\n<p>Usamos \u201ccookies\u201d para coletar informa\u00e7\u00f5es sobre voc\u00ea e sua atividade em nosso site. Um cookie \u00e9 um pequeno peda\u00e7o de dados que nosso site armazena em seu computador e acessa cada vez que voc\u00ea o visita, para que possamos entender como voc\u00ea usa nosso site. Isso nos ajuda a fornecer conte\u00fado com base nas prefer\u00eancias que voc\u00ea especificou.<\/p>\n\n<p><strong>Limites de nossa pol\u00edtica<\/strong><\/p>\n\n<p>Nosso site pode ter links para sites externos que n\u00e3o s\u00e3o operados por n\u00f3s. Esteja ciente de que n\u00e3o temos controle sobre o conte\u00fado e as pol\u00edticas desses sites e n\u00e3o podemos aceitar responsabilidade ou obriga\u00e7\u00e3o por suas respectivas pr\u00e1ticas de privacidade.<\/p>\n\n<p><strong>Altera\u00e7\u00f5es a esta pol\u00edtica<\/strong><\/p>\n\n<p>A nosso crit\u00e9rio, podemos alterar nossa pol\u00edtica de privacidade para refletir atualiza\u00e7\u00f5es em nossos processos comerciais, pr\u00e1ticas aceit\u00e1veis atuais ou altera\u00e7\u00f5es legislativas ou regulamentares. Se decidirmos alterar esta pol\u00edtica de privacidade, publicaremos as altera\u00e7\u00f5es aqui, no mesmo link pelo qual voc\u00ea est\u00e1 acessando esta pol\u00edtica de privacidade.<\/p>\n\n<p>Se exigido por lei, obteremos sua permiss\u00e3o ou permitiremos que voc\u00ea opte por aceitar ou recusar, conforme aplic\u00e1vel, quaisquer novos usos de suas informa\u00e7\u00f5es pessoais.<\/p>\n\n<p><strong>Entre em contato conosco<\/strong><\/p>\n\n<p>Em caso de d\u00favidas ou preocupa\u00e7\u00f5es relacionadas \u00e0 sua privacidade, entre em contato conosco usando os detalhes a seguir:<\/p>\n\n<p>Changzhou Canbo Travel Products Co., LTD<br \/><a href=\"https:\/\/canbopet.com\/pt\/\">https:\/\/canbopet.com<\/a><\/p>\n\t\t\t\t\t\t\t\t<\/div>\n\t\t\t\t<\/div>\n\t\t\t\t\t<\/div>\n\t\t\t\t<\/div>\n\t\t\t\t<\/div>","protected":false},"excerpt":{"rendered":"<p>Privacy Policy Your privacy is important to us. It is Changzhou Canbo Travel Products Co., LTD&#8217;s policy to respect your privacy and comply with any applicable law and regulation regarding any personal information we may collect about you, including across our website, https:\/\/canbopet.com, and other sites we own and operate. This policy is effective as&#8230;<\/p>","protected":false},"author":1,"featured_media":0,"parent":0,"menu_order":0,"comment_status":"closed","ping_status":"open","template":"","meta":{"_seopress_robots_primary_cat":"","_seopress_titles_title":"","_seopress_titles_desc":"","_seopress_robots_index":"","footnotes":""},"class_list":["post-3","page","type-page","status-publish"],"meta_box":[],"_links":{"self":[{"href":"https:\/\/canbopet.com\/pt\/wp-json\/wp\/v2\/pages\/3","targetHints":{"allow":["GET"]}}],"collection":[{"href":"https:\/\/canbopet.com\/pt\/wp-json\/wp\/v2\/pages"}],"about":[{"href":"https:\/\/canbopet.com\/pt\/wp-json\/wp\/v2\/types\/page"}],"author":[{"embeddable":true,"href":"https:\/\/canbopet.com\/pt\/wp-json\/wp\/v2\/users\/1"}],"replies":[{"embeddable":true,"href":"https:\/\/canbopet.com\/pt\/wp-json\/wp\/v2\/comments?post=3"}],"version-history":[{"count":0,"href":"https:\/\/canbopet.com\/pt\/wp-json\/wp\/v2\/pages\/3\/revisions"}],"wp:attachment":[{"href":"https:\/\/canbopet.com\/pt\/wp-json\/wp\/v2\/media?parent=3"}],"curies":[{"name":"wp","href":"https:\/\/api.w.org\/{rel}","templated":true}]}}