{"id":3,"date":"2020-11-30T11:12:39","date_gmt":"2020-11-30T11:12:39","guid":{"rendered":"https:\/\/canbopet.com\/?page_id=3"},"modified":"2026-01-27T19:38:57","modified_gmt":"2026-01-28T03:38:57","slug":"privacy-policy","status":"publish","type":"page","link":"https:\/\/canbopet.com\/sv\/privacy-policy\/","title":{"rendered":"Integritetspolicy"},"content":{"rendered":"<div data-elementor-type=\"wp-page\" data-elementor-id=\"3\" class=\"elementor elementor-3\" data-elementor-post-type=\"page\">\n\t\t\t\t<div class=\"elementor-element elementor-element-7ec1c6c1 e-flex e-con-boxed elementor-repeater-item-default_padding elementor-repeater-item-none elementor-repeater-item-none_hover e-con e-parent\" data-id=\"7ec1c6c1\" data-element_type=\"container\" data-e-type=\"container\" data-settings=\"{&quot;ang_container_spacing_size&quot;:&quot;default_padding&quot;}\">\n\t\t\t\t\t<div class=\"e-con-inner\">\n\t\t\t\t<div class=\"elementor-element elementor-element-64404b6 elementor-repeater-item-none elementor-repeater-item-none_hover elementor-widget elementor-widget-heading\" data-id=\"64404b6\" data-element_type=\"widget\" data-e-type=\"widget\" data-widget_type=\"heading.default\">\n\t\t\t\t<div class=\"elementor-widget-container\">\n\t\t\t\t\t<h2 class=\"elementor-heading-title elementor-size-default\">Integritetspolicy<\/h2>\t\t\t\t<\/div>\n\t\t\t\t<\/div>\n\t\t\t\t<div class=\"elementor-element elementor-element-6f224d78 elementor-repeater-item-none elementor-repeater-item-none_hover elementor-widget elementor-widget-text-editor\" data-id=\"6f224d78\" data-element_type=\"widget\" data-e-type=\"widget\" data-widget_type=\"text-editor.default\">\n\t\t\t\t<div class=\"elementor-widget-container\">\n\t\t\t\t\t\t\t\t\t\n<p>Din integritet \u00e4r viktig f\u00f6r oss. Det \u00e4r Changzhou Canbo Travel Products Co, LTD: s policy att respektera din integritet och f\u00f6lja alla till\u00e4mpliga lagar och f\u00f6rordningar ang\u00e5ende all personlig information som vi kan samla in om dig, inklusive p\u00e5 v\u00e5r webbplats, <a href=\"https:\/\/canbopet.com\/sv\/\">https:\/\/canbopet.com<\/a>, och andra webbplatser som vi \u00e4ger och driver.<\/p>\n\n<p>Denna policy g\u00e4ller fr\u00e5n och med den 20 augusti 2024 och uppdaterades senast den 20 augusti 2024.<\/p>\n\n<p><strong>Information som vi samlar in<\/strong><\/p>\n\n<p>Information som vi samlar in omfattar b\u00e5de information som du medvetet och aktivt tillhandah\u00e5ller oss n\u00e4r du anv\u00e4nder eller deltar i n\u00e5gon av v\u00e5ra tj\u00e4nster och kampanjer, och all information som automatiskt skickas av dina enheter i samband med \u00e5tkomst till v\u00e5ra produkter och tj\u00e4nster.<\/p>\n\n<p><strong>Loggdata<\/strong><\/p>\n\n<p>N\u00e4r du bes\u00f6ker v\u00e5r webbplats kan v\u00e5ra servrar automatiskt logga de standarddata som tillhandah\u00e5lls av din webbl\u00e4sare. Det kan handla om din enhets IP-adress (Internet Protocol), typ och version av webbl\u00e4sare, vilka sidor du bes\u00f6ker, tid och datum f\u00f6r ditt bes\u00f6k, tid p\u00e5 varje sida, andra detaljer om ditt bes\u00f6k och tekniska detaljer som uppst\u00e5r i samband med eventuella fel som du kan r\u00e5ka ut f\u00f6r.<\/p>\n\n<p>Observera att \u00e4ven om denna information i sig inte \u00e4r personidentifierande kan det vara m\u00f6jligt att kombinera den med andra uppgifter f\u00f6r att identifiera enskilda personer.<\/p>\n\n<p><strong>Personlig information<\/strong><\/p>\n\n<p>Vi kan komma att be om personlig information, som kan omfatta en eller flera av f\u00f6ljande punkter:<\/p>\n\n<ul class=\"wp-block-list\">\n<li>Namn<\/li>\n\n<li>E-postadress<\/li>\n<\/ul>\n\n<p><strong>Legitima sk\u00e4l f\u00f6r behandling av dina personuppgifter<\/strong><\/p>\n\n<p>Vi samlar endast in och anv\u00e4nder dina personuppgifter n\u00e4r vi har ett legitimt sk\u00e4l att g\u00f6ra det. I s\u00e5dana fall samlar vi endast in personuppgifter som \u00e4r rimligt n\u00f6dv\u00e4ndiga f\u00f6r att tillhandah\u00e5lla v\u00e5ra tj\u00e4nster till dig.<\/p>\n\n<p><strong>Insamling och anv\u00e4ndning av information<\/strong><\/p>\n\n<p>Vi kan samla in personlig information fr\u00e5n dig n\u00e4r du g\u00f6r n\u00e5got av f\u00f6ljande p\u00e5 v\u00e5r webbplats:<\/p>\n\n<ul class=\"wp-block-list\">\n<li>Anv\u00e4nda en mobil enhet eller webbl\u00e4sare f\u00f6r att komma \u00e5t v\u00e5rt inneh\u00e5ll<\/li>\n\n<li>Kontakta oss via e-post, sociala medier eller andra liknande tekniker<\/li>\n\n<li>Omn\u00e4mn oss p\u00e5 sociala medier<\/li>\n<\/ul>\n\n<p>Vi kan samla in, lagra, anv\u00e4nda och l\u00e4mna ut information f\u00f6r f\u00f6ljande syften, och personuppgifter kommer inte att behandlas vidare p\u00e5 ett s\u00e4tt som \u00e4r of\u00f6renligt med dessa syften:<\/p>\n\n<ul class=\"wp-block-list\">\n<li>F\u00f6r att g\u00f6ra det m\u00f6jligt f\u00f6r dig att anpassa eller personifiera din upplevelse av v\u00e5r webbplats<\/li>\n\n<li>F\u00f6r analys, marknadsunders\u00f6kningar och aff\u00e4rsutveckling, inklusive drift och f\u00f6rb\u00e4ttring av v\u00e5r webbplats, tillh\u00f6rande applikationer och tillh\u00f6rande sociala medieplattformar<\/li>\n<\/ul>\n\n<p>T\u00e4nk p\u00e5 att vi kan kombinera information som vi samlar in om dig med allm\u00e4n information eller forskningsdata som vi f\u00e5r fr\u00e5n andra betrodda k\u00e4llor.<\/p>\n\n<p><strong>S\u00e4kerhet f\u00f6r din personliga information<\/strong><\/p>\n\n<p>N\u00e4r vi samlar in och behandlar personuppgifter, och medan vi beh\u00e5ller denna information, kommer vi att skydda den p\u00e5 kommersiellt godtagbara s\u00e4tt f\u00f6r att f\u00f6rhindra f\u00f6rlust och st\u00f6ld samt obeh\u00f6rig \u00e5tkomst, avsl\u00f6jande, kopiering, anv\u00e4ndning eller \u00e4ndring.<\/p>\n\n<p>\u00c4ven om vi kommer att g\u00f6ra v\u00e5rt b\u00e4sta f\u00f6r att skydda de personuppgifter som du l\u00e4mnar till oss, vill vi p\u00e5peka att ingen metod f\u00f6r elektronisk \u00f6verf\u00f6ring eller lagring \u00e4r 100% s\u00e4ker, och ingen kan garantera absolut datas\u00e4kerhet. Vi kommer att f\u00f6lja de lagar som \u00e4r till\u00e4mpliga p\u00e5 oss n\u00e4r det g\u00e4ller eventuella dataintr\u00e5ng.<\/p>\n\n<p>Du \u00e4r ansvarig f\u00f6r att v\u00e4lja l\u00f6senord och dess \u00f6vergripande s\u00e4kerhetsstyrka och f\u00f6r att s\u00e4kerst\u00e4lla s\u00e4kerheten f\u00f6r din egen information inom ramen f\u00f6r v\u00e5ra tj\u00e4nster.<\/p>\n\n<p><strong>Hur l\u00e4nge beh\u00e5ller vi din personliga information<\/strong><\/p>\n\n<p>Vi beh\u00e5ller dina personuppgifter endast s\u00e5 l\u00e4nge som vi beh\u00f6ver. Denna tidsperiod kan bero p\u00e5 vad vi anv\u00e4nder din information till, i enlighet med denna integritetspolicy. Om dina personuppgifter inte l\u00e4ngre beh\u00f6vs kommer vi att radera dem eller g\u00f6ra dem anonyma genom att ta bort alla uppgifter som identifierar dig.<\/p>\n\n<p>Om det \u00e4r n\u00f6dv\u00e4ndigt kan vi dock beh\u00e5lla dina personuppgifter f\u00f6r att uppfylla en r\u00e4ttslig skyldighet, bokf\u00f6ringsskyldighet eller rapporteringsskyldighet, eller f\u00f6r arkiverings\u00e4ndam\u00e5l i allm\u00e4nhetens intresse, vetenskapliga eller historiska forsknings\u00e4ndam\u00e5l eller statistiska \u00e4ndam\u00e5l.<\/p>\n\n<p><strong>Barns integritet<\/strong><\/p>\n\n<p>Vi riktar inte n\u00e5gra av v\u00e5ra produkter eller tj\u00e4nster direkt till barn under 13 \u00e5r och vi samlar inte medvetet in personuppgifter om barn under 13 \u00e5r.<\/p>\n\n<p><strong>Internationella \u00f6verf\u00f6ringar av personlig information<\/strong><\/p>\n\n<p>De personuppgifter som vi samlar in lagras och\/eller behandlas d\u00e4r vi eller v\u00e5ra partners, dotterbolag och tredjepartsleverant\u00f6rer har anl\u00e4ggningar. Var medveten om att de platser dit vi lagrar, behandlar eller \u00f6verf\u00f6r dina personuppgifter kanske inte har samma dataskyddslagar som det land d\u00e4r du ursprungligen l\u00e4mnade informationen. Om vi \u00f6verf\u00f6r dina personuppgifter till tredje part i andra l\u00e4nder: (1) kommer vi att utf\u00f6ra dessa \u00f6verf\u00f6ringar i enlighet med kraven i till\u00e4mplig lag; och (2) kommer vi att skydda de \u00f6verf\u00f6rda personuppgifterna i enlighet med denna integritetspolicy.<\/p>\n\n<p><strong>Dina r\u00e4ttigheter och kontroll av din personliga information<\/strong><\/p>\n\n<p>Du har alltid r\u00e4tt att inte l\u00e4mna ut personuppgifter till oss, men vi \u00e4r medvetna om att din upplevelse av v\u00e5r webbplats kan p\u00e5verkas. Vi kommer inte att diskriminera dig f\u00f6r att du ut\u00f6var n\u00e5gon av dina r\u00e4ttigheter \u00f6ver din personliga information. Om du f\u00f6rser oss med personlig information f\u00f6rst\u00e5r du att vi kommer att samla in, beh\u00e5lla, anv\u00e4nda och avsl\u00f6ja den i enlighet med denna sekretesspolicy. Du beh\u00e5ller r\u00e4tten att beg\u00e4ra detaljer om all personlig information som vi har om dig.<\/p>\n\n<p>Om vi f\u00e5r personlig information om dig fr\u00e5n en tredje part kommer vi att skydda den enligt vad som anges i denna integritetspolicy. Om du \u00e4r en tredje part som tillhandah\u00e5ller personuppgifter om n\u00e5gon annan, intygar och garanterar du att du har den personens samtycke till att tillhandah\u00e5lla personuppgifterna till oss.<\/p>\n\n<p>Om du tidigare har samtyckt till att vi anv\u00e4nder dina personuppgifter f\u00f6r direktmarknadsf\u00f6ring kan du n\u00e4r som helst \u00e4ndra dig. Vi kommer att ge dig m\u00f6jlighet att avregistrera dig fr\u00e5n v\u00e5r e-postdatabas eller v\u00e4lja bort kommunikation. Var medveten om att vi kan beh\u00f6va beg\u00e4ra specifik information fr\u00e5n dig f\u00f6r att hj\u00e4lpa oss att bekr\u00e4fta din identitet.<\/p>\n\n<p>Om du anser att n\u00e5gon information vi har om dig \u00e4r felaktig, inaktuell, ofullst\u00e4ndig, irrelevant eller missvisande, v\u00e4nligen kontakta oss med hj\u00e4lp av de uppgifter som anges i denna integritetspolicy. Vi kommer att vidta rimliga \u00e5tg\u00e4rder f\u00f6r att korrigera all information som visar sig vara felaktig, ofullst\u00e4ndig, missvisande eller inaktuell.<\/p>\n\n<p>Om du anser att vi har brutit mot en relevant dataskyddslag och vill l\u00e4mna in ett klagom\u00e5l, v\u00e4nligen kontakta oss med hj\u00e4lp av uppgifterna nedan och ge oss fullst\u00e4ndig information om den p\u00e5st\u00e5dda \u00f6vertr\u00e4delsen. Vi kommer omedelbart att utreda ditt klagom\u00e5l och svara dig skriftligen och redog\u00f6ra f\u00f6r resultatet av v\u00e5r utredning och de \u00e5tg\u00e4rder vi kommer att vidta f\u00f6r att hantera ditt klagom\u00e5l. Du har ocks\u00e5 r\u00e4tt att kontakta ett tillsynsorgan eller en dataskyddsmyndighet med anledning av ditt klagom\u00e5l.<\/p>\n\n<p><strong>Anv\u00e4ndning av cookies<\/strong><\/p>\n\n<p>Vi anv\u00e4nder \u201ccookies\u201d f\u00f6r att samla in information om dig och din aktivitet p\u00e5 v\u00e5r webbplats. En cookie \u00e4r en liten bit data som v\u00e5r webbplats lagrar p\u00e5 din dator och som vi f\u00e5r tillg\u00e5ng till varje g\u00e5ng du bes\u00f6ker den, s\u00e5 att vi kan f\u00f6rst\u00e5 hur du anv\u00e4nder v\u00e5r webbplats. Detta hj\u00e4lper oss att ge dig inneh\u00e5ll baserat p\u00e5 de preferenser du har angett.<\/p>\n\n<p><strong>Gr\u00e4nser f\u00f6r v\u00e5r policy<\/strong><\/p>\n\n<p>V\u00e5r webbplats kan inneh\u00e5lla l\u00e4nkar till externa webbplatser som inte drivs av oss. T\u00e4nk p\u00e5 att vi inte har n\u00e5gon kontroll \u00f6ver inneh\u00e5llet och policyerna p\u00e5 dessa webbplatser och inte kan ta ansvar f\u00f6r deras respektive sekretesspraxis.<\/p>\n\n<p><strong>\u00c4ndringar av denna policy<\/strong><\/p>\n\n<p>Vi kan efter eget gottfinnande \u00e4ndra v\u00e5r integritetspolicy f\u00f6r att \u00e5terspegla uppdateringar av v\u00e5ra aff\u00e4rsprocesser, nuvarande godtagbara metoder eller \u00e4ndringar i lagar och f\u00f6rordningar. Om vi beslutar att \u00e4ndra denna sekretesspolicy kommer vi att publicera \u00e4ndringarna h\u00e4r p\u00e5 samma l\u00e4nk som du anv\u00e4nder f\u00f6r att komma \u00e5t denna sekretesspolicy.<\/p>\n\n<p>Om det kr\u00e4vs enligt lag kommer vi att f\u00e5 ditt tillst\u00e5nd eller l\u00e5ta dig v\u00e4lja eller v\u00e4lja bort, beroende p\u00e5 vad som \u00e4r till\u00e4mpligt, alla nya anv\u00e4ndningar av dina personuppgifter.<\/p>\n\n<p><strong>Kontakta oss<\/strong><\/p>\n\n<p>Om du har n\u00e5gra fr\u00e5gor eller funderingar kring din integritet kan du kontakta oss p\u00e5 f\u00f6ljande s\u00e4tt:<\/p>\n\n<p>Changzhou Canbo Reseprodukter Co, LTD<br \/><a href=\"https:\/\/canbopet.com\/sv\/\">https:\/\/canbopet.com<\/a><\/p>\n\t\t\t\t\t\t\t\t<\/div>\n\t\t\t\t<\/div>\n\t\t\t\t\t<\/div>\n\t\t\t\t<\/div>\n\t\t\t\t<\/div>","protected":false},"excerpt":{"rendered":"<p>Privacy Policy Your privacy is important to us. It is Changzhou Canbo Travel Products Co., LTD&#8217;s policy to respect your privacy and comply with any applicable law and regulation regarding any personal information we may collect about you, including across our website, https:\/\/canbopet.com, and other sites we own and operate. This policy is effective as&#8230;<\/p>","protected":false},"author":1,"featured_media":0,"parent":0,"menu_order":0,"comment_status":"closed","ping_status":"open","template":"","meta":{"_seopress_robots_primary_cat":"","_seopress_titles_title":"","_seopress_titles_desc":"","_seopress_robots_index":"","footnotes":""},"class_list":["post-3","page","type-page","status-publish"],"meta_box":[],"_links":{"self":[{"href":"https:\/\/canbopet.com\/sv\/wp-json\/wp\/v2\/pages\/3","targetHints":{"allow":["GET"]}}],"collection":[{"href":"https:\/\/canbopet.com\/sv\/wp-json\/wp\/v2\/pages"}],"about":[{"href":"https:\/\/canbopet.com\/sv\/wp-json\/wp\/v2\/types\/page"}],"author":[{"embeddable":true,"href":"https:\/\/canbopet.com\/sv\/wp-json\/wp\/v2\/users\/1"}],"replies":[{"embeddable":true,"href":"https:\/\/canbopet.com\/sv\/wp-json\/wp\/v2\/comments?post=3"}],"version-history":[{"count":0,"href":"https:\/\/canbopet.com\/sv\/wp-json\/wp\/v2\/pages\/3\/revisions"}],"wp:attachment":[{"href":"https:\/\/canbopet.com\/sv\/wp-json\/wp\/v2\/media?parent=3"}],"curies":[{"name":"wp","href":"https:\/\/api.w.org\/{rel}","templated":true}]}}