{"id":3319,"date":"2024-08-20T04:51:11","date_gmt":"2024-08-20T12:51:11","guid":{"rendered":"https:\/\/canbopet.com\/?page_id=3319"},"modified":"2024-08-20T05:10:41","modified_gmt":"2024-08-20T13:10:41","slug":"terms-of-services","status":"publish","type":"page","link":"https:\/\/canbopet.com\/sv\/terms-of-services\/","title":{"rendered":"Villkor och anvisningar"},"content":{"rendered":"<p>V\u00e4lkommen till Changzhou Canbo Travel Products Co, LTD!<\/p>\n\n\n\n<p>Dessa villkor beskriver reglerna och best\u00e4mmelserna f\u00f6r anv\u00e4ndningen av Changzhou Canbo Travel Products Co, LTD: s webbplats, som finns p\u00e5 <a href=\"https:\/\/canbopet.com\/sv\/\">https:\/\/canbopet.com<\/a>.<\/p>\n\n\n\n<p>Genom att g\u00e5 in p\u00e5 denna webbplats f\u00f6ruts\u00e4tter vi att du accepterar dessa villkor. Forts\u00e4tt inte att anv\u00e4nda webbplatsen om du inte godk\u00e4nner alla de villkor som anges p\u00e5 denna sida.<\/p>\n\n\n\n<p><strong>Kakor:<\/strong><\/p>\n\n\n\n<p>Vi anv\u00e4nder oss av cookies. Genom att bes\u00f6ka v\u00e5r webbplats samtycker du till att anv\u00e4nda cookies i enlighet med v\u00e5r integritetspolicy. Cookies anv\u00e4nds f\u00f6r att anpassa din onlineupplevelse, och vissa \u00e4r n\u00f6dv\u00e4ndiga f\u00f6r driften av v\u00e5r webbplats. Du kan hantera cookiepreferenser via dina webbl\u00e4sarinst\u00e4llningar.<\/p>\n\n\n\n<p><strong>Licens:<\/strong><\/p>\n\n\n\n<p>Om inte annat anges \u00e4ger Changzhou Canbo Travel Products Co, LTD och\/eller dess licensgivare de immateriella r\u00e4ttigheterna f\u00f6r allt material p\u00e5 denna webbplats. Alla immateriella r\u00e4ttigheter \u00e4r reserverade. Du kan f\u00e5 tillg\u00e5ng till material fr\u00e5n v\u00e5r webbplats f\u00f6r ditt eget personliga bruk med f\u00f6rbeh\u00e5ll f\u00f6r de begr\u00e4nsningar som anges i dessa villkor.<\/p>\n\n\n\n<p>Det f\u00e5r du inte:<\/p>\n\n\n\n<ul class=\"wp-block-list\">\n<li>Kopiera eller \u00e5terpublicera material fr\u00e5n v\u00e5r webbplats<\/li>\n\n\n\n<li>S\u00e4lja, hyra eller underlicensiera material fr\u00e5n v\u00e5r webbplats<\/li>\n\n\n\n<li>Reproducera, duplicera eller kopiera material fr\u00e5n v\u00e5r webbplats<\/li>\n\n\n\n<li>Vidaredistribuera inneh\u00e5ll fr\u00e5n v\u00e5r webbplats<\/li>\n<\/ul>\n\n\n\n<p>Detta avtal tr\u00e4der i kraft den dag det undertecknas.<\/p>\n\n\n\n<p><strong>Kommentarer fr\u00e5n anv\u00e4ndare:<\/strong><\/p>\n\n\n\n<p>Vissa delar av v\u00e5r webbplats kan till\u00e5ta anv\u00e4ndare att publicera kommentarer eller dela information. Changzhou Canbo Travel Products Co, LTD filtrerar inte, redigerar, publicerar eller granskar kommentarer innan de visas p\u00e5 webbplatsen. Kommentarer \u00e5terspeglar \u00e5sikterna hos den person som publicerar dem och \u00e5terspeglar inte n\u00f6dv\u00e4ndigtvis f\u00f6retagets \u00e5sikter.<\/p>\n\n\n\n<p>Vi f\u00f6rbeh\u00e5ller oss r\u00e4tten att \u00f6vervaka alla kommentarer och ta bort s\u00e5dana som \u00e4r ol\u00e4mpliga, st\u00f6tande eller som bryter mot dessa villkor.<\/p>\n\n\n\n<p>Du garanterar och representerar att:<\/p>\n\n\n\n<ul class=\"wp-block-list\">\n<li>Du har r\u00e4tt att l\u00e4gga upp kommentarer p\u00e5 v\u00e5r webbplats och har alla n\u00f6dv\u00e4ndiga licenser och samtycken f\u00f6r att g\u00f6ra det;<\/li>\n\n\n\n<li>Kommentarerna g\u00f6r inte intr\u00e5ng i n\u00e5gon immateriell r\u00e4ttighet som tillh\u00f6r n\u00e5gon tredje part;<\/li>\n\n\n\n<li>Kommentarerna f\u00e5r inte inneh\u00e5lla \u00e4rekr\u00e4nkande, f\u00f6rtalande, st\u00f6tande eller p\u00e5 annat s\u00e4tt olagligt material;<\/li>\n\n\n\n<li>Kommentarerna kommer inte att anv\u00e4ndas f\u00f6r att v\u00e4rva eller marknadsf\u00f6ra f\u00f6retag eller f\u00f6r att presentera olaglig verksamhet.<\/li>\n<\/ul>\n\n\n\n<p>Du ger h\u00e4rmed Changzhou Canbo Travel Products Co, LTD en icke-exklusiv licens att anv\u00e4nda, reproducera, redigera och till\u00e5ta andra att anv\u00e4nda, reproducera och redigera alla dina kommentarer i alla former, format eller media.<\/p>\n\n\n\n<p><strong>Hyperl\u00e4nkning till v\u00e5rt Inneh\u00e5ll:<\/strong><\/p>\n\n\n\n<p>F\u00f6ljande organisationer f\u00e5r l\u00e4nka till v\u00e5r webbplats utan f\u00f6reg\u00e5ende skriftligt godk\u00e4nnande:<\/p>\n\n\n\n<ul class=\"wp-block-list\">\n<li>Statliga myndigheter;<\/li>\n\n\n\n<li>S\u00f6kmotorer;<\/li>\n\n\n\n<li>Nyhetsorganisationer;<\/li>\n\n\n\n<li>Onlinekatalogdistribut\u00f6rer kan l\u00e4nka till v\u00e5r webbplats p\u00e5 samma s\u00e4tt som de l\u00e4nkar till andra listade f\u00f6retag;<\/li>\n\n\n\n<li>Systemomfattande ackrediterade f\u00f6retag utom v\u00e4lg\u00f6renhetsorganisationer, k\u00f6pcentrum f\u00f6r v\u00e4lg\u00f6renhet och insamlingsgrupper f\u00f6r v\u00e4lg\u00f6renhet.<\/li>\n<\/ul>\n\n\n\n<p>Vi kan \u00f6verv\u00e4ga och godk\u00e4nna l\u00e4nkf\u00f6rfr\u00e5gningar fr\u00e5n andra organisationer om vi beslutar att: (a) l\u00e4nken inte skulle f\u00e5 oss att se of\u00f6rdelaktiga ut; (b) organisationen inte har n\u00e5gra negativa uppgifter med oss; (c) f\u00f6rdelen med hyperl\u00e4nkens synlighet kompenserar fr\u00e5nvaron av Changzhou Canbo Travel Products Co, LTD; och (d) l\u00e4nken \u00e4r i samband med allm\u00e4n resursinformation.<\/p>\n\n\n\n<p>Godk\u00e4nda organisationer f\u00e5r hyperl\u00e4nka till v\u00e5r webbplats p\u00e5 f\u00f6ljande s\u00e4tt:<\/p>\n\n\n\n<ul class=\"wp-block-list\">\n<li>Genom anv\u00e4ndning av v\u00e5rt f\u00f6retagsnamn; eller<\/li>\n\n\n\n<li>Genom anv\u00e4ndning av den enhetliga resurslokalisator som l\u00e4nkas till; eller<\/li>\n\n\n\n<li>Genom att anv\u00e4nda n\u00e5gon annan beskrivning av v\u00e5r webbplats som l\u00e4nkas till som \u00e4r meningsfull inom ramen f\u00f6r sammanhanget och formatet f\u00f6r inneh\u00e5llet p\u00e5 den l\u00e4nkande partens webbplats.<\/li>\n<\/ul>\n\n\n\n<p>Ingen anv\u00e4ndning av Changzhou Canbo Travel Products Co, LTD:s logotyp eller andra illustrationer kommer att till\u00e5tas f\u00f6r l\u00e4nkning utan ett varum\u00e4rkeslicensavtal.<\/p>\n\n\n\n<p><strong>Ansvar f\u00f6r inneh\u00e5ll:<\/strong><\/p>\n\n\n\n<p>Vi ska inte h\u00e5llas ansvariga f\u00f6r n\u00e5got inneh\u00e5ll som visas p\u00e5 din webbplats. Du samtycker till att skydda och f\u00f6rsvara oss mot alla anspr\u00e5k som uppst\u00e5r p\u00e5 grund av inneh\u00e5ll p\u00e5 din webbplats. Inga l\u00e4nkar f\u00e5r visas p\u00e5 n\u00e5gon webbplats som kan tolkas som \u00e4rekr\u00e4nkande, obscent eller brottsligt, eller som g\u00f6r intr\u00e5ng i eller f\u00f6respr\u00e5kar intr\u00e5ng i tredje parts r\u00e4ttigheter.<\/p>\n\n\n\n<p><strong>F\u00f6rbeh\u00e5ll f\u00f6r r\u00e4ttigheter:<\/strong><\/p>\n\n\n\n<p>Vi f\u00f6rbeh\u00e5ller oss r\u00e4tten att beg\u00e4ra att du tar bort alla l\u00e4nkar eller n\u00e5gon s\u00e4rskild l\u00e4nk till v\u00e5r webbplats. Du samtycker till att omedelbart ta bort alla l\u00e4nkar till v\u00e5r webbplats p\u00e5 beg\u00e4ran. Vi f\u00f6rbeh\u00e5ller oss ocks\u00e5 r\u00e4tten att n\u00e4r som helst \u00e4ndra dessa villkor och dess l\u00e4nkpolicy. Genom att kontinuerligt l\u00e4nka till v\u00e5r webbplats samtycker du till att vara bunden av och f\u00f6lja dessa villkor f\u00f6r l\u00e4nkning.<\/p>\n\n\n\n<p><strong>Borttagning av l\u00e4nkar fr\u00e5n v\u00e5r webbplats:<\/strong><\/p>\n\n\n\n<p>Om du hittar n\u00e5gon l\u00e4nk p\u00e5 v\u00e5r webbplats som \u00e4r st\u00f6tande av n\u00e5gon anledning, \u00e4r du v\u00e4lkommen att kontakta och informera oss n\u00e4r som helst. Vi kommer att \u00f6verv\u00e4ga f\u00f6rfr\u00e5gningar om att ta bort l\u00e4nkar men \u00e4r inte skyldiga att g\u00f6ra det eller att svara direkt.<\/p>\n\n\n\n<p><strong>Ansvarsfriskrivning:<\/strong><\/p>\n\n\n\n<p>I den utstr\u00e4ckning som till\u00e5ts enligt till\u00e4mplig lag utesluter vi alla utf\u00e4stelser, garantier och villkor som r\u00f6r v\u00e5r webbplats och anv\u00e4ndningen av denna webbplats. Ingenting i denna ansvarsfriskrivning kommer:<\/p>\n\n\n\n<ul class=\"wp-block-list\">\n<li>Begr\u00e4nsa eller utesluta v\u00e5rt eller ert ansvar f\u00f6r d\u00f6dsfall eller personskada;<\/li>\n\n\n\n<li>Begr\u00e4nsa eller utesluta v\u00e5rt eller ert ansvar f\u00f6r bedr\u00e4geri eller bedr\u00e4glig felaktig framst\u00e4llning;<\/li>\n\n\n\n<li>Begr\u00e4nsa n\u00e5got av v\u00e5ra eller dina \u00e5taganden p\u00e5 n\u00e5got s\u00e4tt som inte \u00e4r till\u00e5tet enligt till\u00e4mplig lag; eller<\/li>\n\n\n\n<li>Utesluta n\u00e5got av v\u00e5ra eller era ansvar som inte f\u00e5r uteslutas enligt till\u00e4mplig lag.<\/li>\n<\/ul>\n\n\n\n<p>De begr\u00e4nsningar och f\u00f6rbud mot ansvar som anges i detta avsnitt och p\u00e5 andra st\u00e4llen i denna ansvarsfriskrivning g\u00e4ller alla ansvar som uppst\u00e5r enligt ansvarsfriskrivningen, inklusive ansvar som uppst\u00e5r genom avtal, skadest\u00e5nd och brott mot lagstadgad skyldighet.<\/p>\n\n\n\n<p>S\u00e5 l\u00e4nge webbplatsen och informationen och tj\u00e4nsterna p\u00e5 webbplatsen tillhandah\u00e5lls kostnadsfritt \u00e4r vi inte ansvariga f\u00f6r n\u00e5gon f\u00f6rlust eller skada av n\u00e5got slag.<\/p>","protected":false},"excerpt":{"rendered":"<p>Welcome to Changzhou Canbo Travel Products Co., LTD! These terms and conditions outline the rules and regulations for the use of Changzhou Canbo Travel Products Co., LTD&#8217;s Website, located at https:\/\/canbopet.com. By accessing this website, we assume you accept these terms and conditions. Do not continue to use the website if you do not agree&#8230;<\/p>","protected":false},"author":1,"featured_media":0,"parent":0,"menu_order":0,"comment_status":"closed","ping_status":"closed","template":"","meta":{"_seopress_robots_primary_cat":"","_seopress_titles_title":"","_seopress_titles_desc":"","_seopress_robots_index":"","footnotes":""},"class_list":["post-3319","page","type-page","status-publish"],"meta_box":[],"_links":{"self":[{"href":"https:\/\/canbopet.com\/sv\/wp-json\/wp\/v2\/pages\/3319","targetHints":{"allow":["GET"]}}],"collection":[{"href":"https:\/\/canbopet.com\/sv\/wp-json\/wp\/v2\/pages"}],"about":[{"href":"https:\/\/canbopet.com\/sv\/wp-json\/wp\/v2\/types\/page"}],"author":[{"embeddable":true,"href":"https:\/\/canbopet.com\/sv\/wp-json\/wp\/v2\/users\/1"}],"replies":[{"embeddable":true,"href":"https:\/\/canbopet.com\/sv\/wp-json\/wp\/v2\/comments?post=3319"}],"version-history":[{"count":0,"href":"https:\/\/canbopet.com\/sv\/wp-json\/wp\/v2\/pages\/3319\/revisions"}],"wp:attachment":[{"href":"https:\/\/canbopet.com\/sv\/wp-json\/wp\/v2\/media?parent=3319"}],"curies":[{"name":"wp","href":"https:\/\/api.w.org\/{rel}","templated":true}]}}