{"id":3,"date":"2020-11-30T11:12:39","date_gmt":"2020-11-30T11:12:39","guid":{"rendered":"https:\/\/canbopet.com\/?page_id=3"},"modified":"2026-01-27T19:38:57","modified_gmt":"2026-01-28T03:38:57","slug":"privacy-policy","status":"publish","type":"page","link":"https:\/\/canbopet.com\/tr\/privacy-policy\/","title":{"rendered":"Gizlilik Politikas\u0131"},"content":{"rendered":"<style>.elementor-3 .elementor-element.elementor-element-7ec1c6c1{--display:flex;--gap:40px 40px;--row-gap:40px;--column-gap:40px;--margin-top:150px;--margin-bottom:0px;--margin-left:0px;--margin-right:0px;--padding-top:10px;--padding-bottom:10px;--padding-left:20px;--padding-right:20px;}.elementor-3 .elementor-element.elementor-element-64404b6{text-align:center;}.elementor-3 .elementor-element.elementor-element-64404b6 .elementor-heading-title{font-family:\"Jost\", Sans-serif;font-size:50px;}.elementor-3 .elementor-element.elementor-element-6f224d78{font-family:\"Jost\", Sans-serif;font-size:20px;line-height:40px;}:root{--page-title-display:none;}body.elementor-page-3{margin:0px 0px 0px 0px;}@media(max-width:767px){.elementor-3 .elementor-element.elementor-element-64404b6 .elementor-heading-title{font-size:30px;}.elementor-3 .elementor-element.elementor-element-6f224d78{font-size:18px;}}<\/style>\t\t<div data-elementor-type=\"wp-page\" data-elementor-id=\"3\" class=\"elementor elementor-3\" data-elementor-post-type=\"page\">\n\t\t\t\t<div class=\"elementor-element elementor-element-7ec1c6c1 e-flex e-con-boxed elementor-repeater-item-default_padding elementor-repeater-item-none elementor-repeater-item-none_hover e-con e-parent\" data-id=\"7ec1c6c1\" data-element_type=\"container\" data-e-type=\"container\" data-settings=\"{&quot;ang_container_spacing_size&quot;:&quot;default_padding&quot;}\">\n\t\t\t\t\t<div class=\"e-con-inner\">\n\t\t\t\t<div class=\"elementor-element elementor-element-64404b6 elementor-repeater-item-none elementor-repeater-item-none_hover elementor-widget elementor-widget-heading\" data-id=\"64404b6\" data-element_type=\"widget\" data-e-type=\"widget\" data-widget_type=\"heading.default\">\n\t\t\t\t<div class=\"elementor-widget-container\">\n\t\t\t\t\t<h2 class=\"elementor-heading-title elementor-size-default\">Gizlilik Politikas\u0131<\/h2>\t\t\t\t<\/div>\n\t\t\t\t<\/div>\n\t\t\t\t<div class=\"elementor-element elementor-element-6f224d78 elementor-repeater-item-none elementor-repeater-item-none_hover elementor-widget elementor-widget-text-editor\" data-id=\"6f224d78\" data-element_type=\"widget\" data-e-type=\"widget\" data-widget_type=\"text-editor.default\">\n\t\t\t\t<div class=\"elementor-widget-container\">\n\t\t\t\t\t\t\t\t\t\n<p>Gizlili\u011finiz bizim i\u00e7in \u00f6nemlidir. Changzhou Canbo Travel Products Co, LTD'nin politikas\u0131, gizlili\u011finize sayg\u0131 duymak ve web sitemiz de dahil olmak \u00fczere hakk\u0131n\u0131zda toplayabilece\u011fimiz ki\u015fisel bilgilerle ilgili y\u00fcr\u00fcrl\u00fckteki yasa ve d\u00fczenlemelere uymakt\u0131r, <a href=\"https:\/\/canbopet.com\/tr\/\">https:\/\/canbopet.com<\/a>, ve sahip oldu\u011fumuz ve i\u015fletti\u011fimiz di\u011fer siteler.<\/p>\n\n<p>Bu politika 20 A\u011fustos 2024 tarihinden itibaren ge\u00e7erlidir ve en son 20 A\u011fustos 2024 tarihinde g\u00fcncellenmi\u015ftir.<\/p>\n\n<p><strong>Toplad\u0131\u011f\u0131m\u0131z Bilgiler<\/strong><\/p>\n\n<p>Toplad\u0131\u011f\u0131m\u0131z bilgiler, hem hizmetlerimizi ve promosyonlar\u0131m\u0131z\u0131 kullan\u0131rken veya bunlara kat\u0131l\u0131rken bize bilerek ve aktif olarak sa\u011flad\u0131\u011f\u0131n\u0131z bilgileri hem de \u00fcr\u00fcnlerimize ve hizmetlerimize eri\u015fim s\u0131ras\u0131nda cihazlar\u0131n\u0131z taraf\u0131ndan otomatik olarak g\u00f6nderilen bilgileri i\u00e7erir.<\/p>\n\n<p><strong>G\u00fcnl\u00fck Verileri<\/strong><\/p>\n\n<p>Web sitemizi ziyaret etti\u011finizde, sunucular\u0131m\u0131z web taray\u0131c\u0131n\u0131z taraf\u0131ndan sa\u011flanan standart verileri otomatik olarak kaydedebilir. Bu veriler aras\u0131nda cihaz\u0131n\u0131z\u0131n \u0130nternet Protokol\u00fc (IP) adresi, taray\u0131c\u0131n\u0131z\u0131n t\u00fcr\u00fc ve s\u00fcr\u00fcm\u00fc, ziyaret etti\u011finiz sayfalar, ziyaretinizin saati ve tarihi, her sayfada ge\u00e7irilen s\u00fcre, ziyaretinizle ilgili di\u011fer ayr\u0131nt\u0131lar ve kar\u015f\u0131la\u015fabilece\u011finiz hatalarla birlikte ortaya \u00e7\u0131kan teknik ayr\u0131nt\u0131lar yer alabilir.<\/p>\n\n<p>L\u00fctfen bu bilgilerin tek ba\u015f\u0131na ki\u015fisel olarak tan\u0131mlay\u0131c\u0131 olmayabilece\u011fini, ancak di\u011fer verilerle birle\u015ftirilerek ki\u015filerin ki\u015fisel olarak tan\u0131mlanmas\u0131n\u0131n m\u00fcmk\u00fcn olabilece\u011fini unutmay\u0131n.<\/p>\n\n<p><strong>Ki\u015fisel Bilgiler<\/strong><\/p>\n\n<p>A\u015fa\u011f\u0131dakilerden birini veya daha fazlas\u0131n\u0131 i\u00e7erebilecek ki\u015fisel bilgiler isteyebiliriz:<\/p>\n\n<ul class=\"wp-block-list\">\n<li>\u0130sim<\/li>\n\n<li>E-posta adresi<\/li>\n<\/ul>\n\n<p><strong>Ki\u015fisel Bilgilerinizin \u0130\u015flenmesi i\u00e7in Me\u015fru Sebepler<\/strong><\/p>\n\n<p>Ki\u015fisel bilgilerinizi yaln\u0131zca bunu yapmak i\u00e7in me\u015fru bir nedenimiz oldu\u011funda toplar ve kullan\u0131r\u0131z. Bu gibi durumlarda, yaln\u0131zca size hizmetlerimizi sunmak i\u00e7in makul \u00f6l\u00e7\u00fcde gerekli olan ki\u015fisel bilgileri toplar\u0131z.<\/p>\n\n<p><strong>Bilgilerin Toplanmas\u0131 ve Kullan\u0131m\u0131<\/strong><\/p>\n\n<p>Web sitemizde a\u015fa\u011f\u0131dakilerden herhangi birini yapt\u0131\u011f\u0131n\u0131zda sizden ki\u015fisel bilgiler toplayabiliriz:<\/p>\n\n<ul class=\"wp-block-list\">\n<li>\u0130\u00e7eri\u011fimize eri\u015fmek i\u00e7in bir mobil cihaz veya web taray\u0131c\u0131s\u0131 kullanmak<\/li>\n\n<li>E-posta, sosyal medya veya di\u011fer benzer teknolojiler arac\u0131l\u0131\u011f\u0131yla bizimle ileti\u015fime ge\u00e7in<\/li>\n\n<li>Sosyal medyada bizden bahsedin<\/li>\n<\/ul>\n\n<p>Bilgileri a\u015fa\u011f\u0131daki ama\u00e7lar i\u00e7in toplayabilir, tutabilir, kullanabilir ve if\u015fa edebiliriz ve ki\u015fisel bilgiler bu ama\u00e7larla uyumsuz bir \u015fekilde daha fazla i\u015flenmeyecektir:<\/p>\n\n<ul class=\"wp-block-list\">\n<li>Web sitemizdeki deneyiminizi \u00f6zelle\u015ftirmenizi veya ki\u015fiselle\u015ftirmenizi sa\u011flamak i\u00e7in<\/li>\n\n<li>Web sitemizi, ilgili uygulamalar\u0131 ve ilgili sosyal medya platformlar\u0131n\u0131 i\u015fletmek ve geli\u015ftirmek de dahil olmak \u00fczere analitik, pazar ara\u015ft\u0131rmas\u0131 ve i\u015f geli\u015ftirme i\u00e7in<\/li>\n<\/ul>\n\n<p>Hakk\u0131n\u0131zda toplad\u0131\u011f\u0131m\u0131z bilgileri, di\u011fer g\u00fcvenilir kaynaklardan ald\u0131\u011f\u0131m\u0131z genel bilgiler veya ara\u015ft\u0131rma verileriyle birle\u015ftirebilece\u011fimizi l\u00fctfen unutmay\u0131n.<\/p>\n\n<p><strong>Ki\u015fisel Bilgilerinizin G\u00fcvenli\u011fi<\/strong><\/p>\n\n<p>Ki\u015fisel bilgileri toplad\u0131\u011f\u0131m\u0131zda ve i\u015fledi\u011fimizde ve bu bilgileri saklad\u0131\u011f\u0131m\u0131zda, kay\u0131p ve h\u0131rs\u0131zl\u0131\u011f\u0131n yan\u0131 s\u0131ra yetkisiz eri\u015fimi, if\u015fay\u0131, kopyalamay\u0131, kullanmay\u0131 veya de\u011fi\u015ftirmeyi \u00f6nlemek i\u00e7in ticari olarak kabul edilebilir yollarla koruyaca\u011f\u0131z.<\/p>\n\n<p>Bize sa\u011flad\u0131\u011f\u0131n\u0131z ki\u015fisel bilgileri korumak i\u00e7in elimizden geleni yapacak olsak da, hi\u00e7bir elektronik iletim veya depolama y\u00f6nteminin 100% g\u00fcvenli olmad\u0131\u011f\u0131n\u0131 ve hi\u00e7 kimsenin mutlak veri g\u00fcvenli\u011fini garanti edemeyece\u011fini bildiririz. Herhangi bir veri ihlali ile ilgili olarak bizim i\u00e7in ge\u00e7erli olan yasalara uyaca\u011f\u0131z.<\/p>\n\n<p>Herhangi bir \u015fifreyi ve genel g\u00fcvenlik g\u00fcc\u00fcn\u00fc se\u00e7mek ve hizmetlerimizin s\u0131n\u0131rlar\u0131 dahilinde kendi bilgilerinizin g\u00fcvenli\u011fini sa\u011flamak sizin sorumlulu\u011funuzdad\u0131r.<\/p>\n\n<p><strong>Ki\u015fisel Bilgilerinizi Ne Kadar S\u00fcre Sakl\u0131yoruz?<\/strong><\/p>\n\n<p>Ki\u015fisel bilgilerinizi yaln\u0131zca ihtiyac\u0131m\u0131z oldu\u011fu s\u00fcrece saklar\u0131z. Bu s\u00fcre, bu gizlilik politikas\u0131na uygun olarak bilgilerinizi ne i\u00e7in kulland\u0131\u011f\u0131m\u0131za ba\u011fl\u0131 olabilir. Ki\u015fisel bilgileriniz art\u0131k gerekli de\u011filse, sizi tan\u0131mlayan t\u00fcm ayr\u0131nt\u0131lar\u0131 kald\u0131rarak silece\u011fiz veya anonim hale getirece\u011fiz.<\/p>\n\n<p>Bununla birlikte, gerekirse, ki\u015fisel bilgilerinizi yasal, muhasebe veya raporlama y\u00fck\u00fcml\u00fcl\u00fc\u011f\u00fcne uymak veya kamu yarar\u0131na ar\u015fivleme ama\u00e7lar\u0131, bilimsel veya tarihi ara\u015ft\u0131rma ama\u00e7lar\u0131 veya istatistiksel ama\u00e7lar i\u00e7in saklayabiliriz.<\/p>\n\n<p><strong>\u00c7ocuklar\u0131n Gizlili\u011fi<\/strong><\/p>\n\n<p>\u00dcr\u00fcn veya hizmetlerimizin hi\u00e7birini do\u011frudan 13 ya\u015f\u0131n alt\u0131ndaki \u00e7ocuklara y\u00f6nelik olarak sunmuyoruz ve 13 ya\u015f\u0131n alt\u0131ndaki \u00e7ocuklar hakk\u0131nda bilerek ki\u015fisel bilgi toplam\u0131yoruz.<\/p>\n\n<p><strong>Ki\u015fisel Bilgilerin Uluslararas\u0131 Aktar\u0131m\u0131<\/strong><\/p>\n\n<p>Toplad\u0131\u011f\u0131m\u0131z ki\u015fisel bilgiler, bizim veya ortaklar\u0131m\u0131z\u0131n, i\u015ftiraklerimizin ve \u00fc\u00e7\u00fcnc\u00fc taraf sa\u011flay\u0131c\u0131lar\u0131n tesislerinin bulundu\u011fu yerlerde saklan\u0131r ve\/veya i\u015flenir. Ki\u015fisel bilgilerinizi saklad\u0131\u011f\u0131m\u0131z, i\u015fledi\u011fimiz veya aktard\u0131\u011f\u0131m\u0131z konumlar\u0131n, bilgileri ilk olarak sa\u011flad\u0131\u011f\u0131n\u0131z \u00fclkeyle ayn\u0131 veri koruma yasalar\u0131na sahip olmayabilece\u011fini l\u00fctfen unutmay\u0131n. Ki\u015fisel bilgilerinizi di\u011fer \u00fclkelerdeki \u00fc\u00e7\u00fcnc\u00fc taraflara aktar\u0131rsak: (1) bu aktar\u0131mlar\u0131 y\u00fcr\u00fcrl\u00fckteki yasalar\u0131n gerekliliklerine uygun olarak ger\u00e7ekle\u015ftirece\u011fiz; ve (2) aktar\u0131lan ki\u015fisel bilgileri bu gizlilik politikas\u0131na uygun olarak koruyaca\u011f\u0131z.<\/p>\n\n<p><strong>Haklar\u0131n\u0131z ve Ki\u015fisel Bilgilerinizin Kontrol\u00fc<\/strong><\/p>\n\n<p>Web sitemizdeki deneyiminizin etkilenebilece\u011fi anlay\u0131\u015f\u0131yla, ki\u015fisel bilgilerinizi bizden saklama hakk\u0131n\u0131 her zaman sakl\u0131 tutars\u0131n\u0131z. Ki\u015fisel bilgileriniz \u00fczerindeki haklar\u0131n\u0131zdan herhangi birini kulland\u0131\u011f\u0131n\u0131z i\u00e7in size kar\u015f\u0131 ayr\u0131mc\u0131l\u0131k yapmayaca\u011f\u0131z. Bize ki\u015fisel bilgilerinizi verirseniz, bu bilgileri bu gizlilik politikas\u0131na uygun olarak toplayaca\u011f\u0131m\u0131z\u0131, tutaca\u011f\u0131m\u0131z\u0131, kullanaca\u011f\u0131m\u0131z\u0131 ve if\u015fa edece\u011fimizi anlars\u0131n\u0131z. Hakk\u0131n\u0131zda tuttu\u011fumuz ki\u015fisel bilgilerin ayr\u0131nt\u0131lar\u0131n\u0131 talep etme hakk\u0131n\u0131 sakl\u0131 tutars\u0131n\u0131z.<\/p>\n\n<p>Sizinle ilgili ki\u015fisel bilgileri \u00fc\u00e7\u00fcnc\u00fc bir taraftan al\u0131rsak, bu bilgileri bu gizlilik politikas\u0131nda belirtildi\u011fi \u015fekilde koruyaca\u011f\u0131z. Ba\u015fka biri hakk\u0131nda ki\u015fisel bilgi sa\u011flayan bir \u00fc\u00e7\u00fcnc\u00fc taraf iseniz, ki\u015fisel bilgileri bize sa\u011flamak i\u00e7in s\u00f6z konusu ki\u015finin iznine sahip oldu\u011funuzu beyan ve garanti edersiniz.<\/p>\n\n<p>Ki\u015fisel bilgilerinizi do\u011frudan pazarlama amac\u0131yla kullanmam\u0131z\u0131 daha \u00f6nce kabul ettiyseniz, fikrinizi istedi\u011finiz zaman de\u011fi\u015ftirebilirsiniz. Size e-posta veritaban\u0131m\u0131zdan \u00e7\u0131kma veya ileti\u015fimden vazge\u00e7me olana\u011f\u0131 sa\u011flayaca\u011f\u0131z. Kimli\u011finizi do\u011frulamam\u0131za yard\u0131mc\u0131 olmas\u0131 i\u00e7in sizden belirli bilgiler talep etmemiz gerekebilece\u011fini l\u00fctfen unutmay\u0131n.<\/p>\n\n<p>Hakk\u0131n\u0131zda tuttu\u011fumuz herhangi bir bilginin yanl\u0131\u015f, g\u00fcncel olmayan, eksik, ilgisiz veya yan\u0131lt\u0131c\u0131 oldu\u011funu d\u00fc\u015f\u00fcn\u00fcyorsan\u0131z, l\u00fctfen bu gizlilik politikas\u0131nda verilen ayr\u0131nt\u0131lar\u0131 kullanarak bizimle ileti\u015fime ge\u00e7in. Yanl\u0131\u015f, eksik, yan\u0131lt\u0131c\u0131 veya g\u00fcncel olmad\u0131\u011f\u0131 tespit edilen bilgileri d\u00fczeltmek i\u00e7in makul ad\u0131mlar\u0131 ataca\u011f\u0131z.<\/p>\n\n<p>\u0130lgili bir veri koruma yasas\u0131n\u0131 ihlal etti\u011fimizi d\u00fc\u015f\u00fcn\u00fcyor ve bir \u015fikayette bulunmak istiyorsan\u0131z, l\u00fctfen a\u015fa\u011f\u0131daki bilgileri kullanarak bizimle ileti\u015fime ge\u00e7in ve iddia edilen ihlalin t\u00fcm ayr\u0131nt\u0131lar\u0131n\u0131 bize bildirin. \u015eikayetinizi derhal inceleyece\u011fiz ve incelememizin sonucunu ve \u015fikayetinizle ilgilenmek i\u00e7in ataca\u011f\u0131m\u0131z ad\u0131mlar\u0131 belirterek size yaz\u0131l\u0131 olarak yan\u0131t verece\u011fiz. Ayr\u0131ca, \u015fikayetinizle ilgili olarak bir d\u00fczenleyici kurum veya veri koruma yetkilisi ile ileti\u015fime ge\u00e7me hakk\u0131na da sahipsiniz.<\/p>\n\n<p><strong>\u00c7erezlerin Kullan\u0131m\u0131<\/strong><\/p>\n\n<p>Siz ve sitemizdeki faaliyetleriniz hakk\u0131nda bilgi toplamak i\u00e7in \u201c\u00e7erezler\u201d kullan\u0131yoruz. \u00c7erez, web sitemizin bilgisayar\u0131n\u0131zda depolad\u0131\u011f\u0131 ve her ziyaretinizde eri\u015fti\u011fi k\u00fc\u00e7\u00fck bir veri par\u00e7as\u0131d\u0131r, b\u00f6ylece sitemizi nas\u0131l kulland\u0131\u011f\u0131n\u0131z\u0131 anlayabiliriz. Bu, belirledi\u011finiz tercihlere g\u00f6re size i\u00e7erik sunmam\u0131za yard\u0131mc\u0131 olur.<\/p>\n\n<p><strong>Politikam\u0131z\u0131n S\u0131n\u0131rlar\u0131<\/strong><\/p>\n\n<p>Web sitemiz bizim taraf\u0131m\u0131zdan i\u015fletilmeyen harici sitelere ba\u011flant\u0131 verebilir. L\u00fctfen bu sitelerin i\u00e7eri\u011fi ve politikalar\u0131 \u00fczerinde hi\u00e7bir kontrol\u00fcm\u00fcz olmad\u0131\u011f\u0131n\u0131 ve ilgili gizlilik uygulamalar\u0131 i\u00e7in sorumluluk veya y\u00fck\u00fcml\u00fcl\u00fck kabul edemeyece\u011fimizi unutmay\u0131n.<\/p>\n\n<p><strong>Bu Politikadaki De\u011fi\u015fiklikler<\/strong><\/p>\n\n<p>Kendi takdirimize ba\u011fl\u0131 olarak, i\u015f s\u00fcre\u00e7lerimizdeki g\u00fcncellemeleri, mevcut kabul edilebilir uygulamalar\u0131 veya yasal veya d\u00fczenleyici de\u011fi\u015fiklikleri yans\u0131tmak i\u00e7in gizlilik politikam\u0131z\u0131 de\u011fi\u015ftirebiliriz. Bu gizlilik politikas\u0131n\u0131 de\u011fi\u015ftirmeye karar verirsek, de\u011fi\u015fiklikleri burada, bu gizlilik politikas\u0131na eri\u015fti\u011finiz ayn\u0131 ba\u011flant\u0131da yay\u0131nlayaca\u011f\u0131z.<\/p>\n\n<p>Yasalar gerektiriyorsa, izninizi alaca\u011f\u0131z veya ki\u015fisel bilgilerinizin yeni kullan\u0131mlar\u0131na, uygun oldu\u011fu \u015fekilde, kat\u0131lman\u0131za veya kat\u0131lmaman\u0131za izin verece\u011fiz.<\/p>\n\n<p><strong>Bize Ula\u015f\u0131n<\/strong><\/p>\n\n<p>Gizlili\u011finizle ilgili her t\u00fcrl\u00fc soru veya endi\u015feniz i\u00e7in a\u015fa\u011f\u0131daki bilgileri kullanarak bizimle ileti\u015fime ge\u00e7ebilirsiniz:<\/p>\n\n<p>Changzhou Canbo Seyahat \u00dcr\u00fcnleri A.\u015e., LTD<br \/><a href=\"https:\/\/canbopet.com\/tr\/\">https:\/\/canbopet.com<\/a><\/p>\n\t\t\t\t\t\t\t\t<\/div>\n\t\t\t\t<\/div>\n\t\t\t\t\t<\/div>\n\t\t\t\t<\/div>\n\t\t\t\t<\/div>","protected":false},"excerpt":{"rendered":"<p>Privacy Policy Your privacy is important to us. It is Changzhou Canbo Travel Products Co., LTD&#8217;s policy to respect your privacy and comply with any applicable law and regulation regarding any personal information we may collect about you, including across our website, https:\/\/canbopet.com, and other sites we own and operate. This policy is effective as&#8230;<\/p>","protected":false},"author":1,"featured_media":0,"parent":0,"menu_order":0,"comment_status":"closed","ping_status":"open","template":"","meta":{"_seopress_robots_primary_cat":"","_seopress_titles_title":"","_seopress_titles_desc":"","_seopress_robots_index":"","footnotes":""},"class_list":["post-3","page","type-page","status-publish"],"meta_box":[],"_links":{"self":[{"href":"https:\/\/canbopet.com\/tr\/wp-json\/wp\/v2\/pages\/3","targetHints":{"allow":["GET"]}}],"collection":[{"href":"https:\/\/canbopet.com\/tr\/wp-json\/wp\/v2\/pages"}],"about":[{"href":"https:\/\/canbopet.com\/tr\/wp-json\/wp\/v2\/types\/page"}],"author":[{"embeddable":true,"href":"https:\/\/canbopet.com\/tr\/wp-json\/wp\/v2\/users\/1"}],"replies":[{"embeddable":true,"href":"https:\/\/canbopet.com\/tr\/wp-json\/wp\/v2\/comments?post=3"}],"version-history":[{"count":0,"href":"https:\/\/canbopet.com\/tr\/wp-json\/wp\/v2\/pages\/3\/revisions"}],"wp:attachment":[{"href":"https:\/\/canbopet.com\/tr\/wp-json\/wp\/v2\/media?parent=3"}],"curies":[{"name":"wp","href":"https:\/\/api.w.org\/{rel}","templated":true}]}}