{"id":3319,"date":"2024-08-20T04:51:11","date_gmt":"2024-08-20T12:51:11","guid":{"rendered":"https:\/\/canbopet.com\/?page_id=3319"},"modified":"2024-08-20T05:10:41","modified_gmt":"2024-08-20T13:10:41","slug":"terms-of-services","status":"publish","type":"page","link":"https:\/\/canbopet.com\/tr\/terms-of-services\/","title":{"rendered":"\u015eartlar ve Ko\u015fullar"},"content":{"rendered":"<p>Changzhou Canbo Seyahat \u00dcr\u00fcnleri Co, LTD'ye ho\u015f geldiniz!<\/p>\n\n\n\n<p>Bu h\u00fck\u00fcm ve ko\u015fullar, Changzhou Canbo Travel Products Co., LTD'nin \u015fu adreste bulunan Web Sitesinin kullan\u0131m\u0131na ili\u015fkin kural ve d\u00fczenlemeleri ana hatlar\u0131yla belirtir <a href=\"https:\/\/canbopet.com\/tr\/\">https:\/\/canbopet.com<\/a>.<\/p>\n\n\n\n<p>Bu web sitesine eri\u015ferek, bu h\u00fck\u00fcm ve ko\u015fullar\u0131 kabul etti\u011finizi varsay\u0131yoruz. Bu sayfada belirtilen t\u00fcm h\u00fck\u00fcm ve ko\u015fullar\u0131 kabul etmiyorsan\u0131z web sitesini kullanmaya devam etmeyin.<\/p>\n\n\n\n<p><strong>\u00c7erezler:<\/strong><\/p>\n\n\n\n<p>\u00c7erez kullan\u0131m\u0131n\u0131 kullan\u0131yoruz. Web sitemize eri\u015ferek, \u00e7erezleri gizlilik politikam\u0131zla uyumlu olarak kullanmay\u0131 kabul etmi\u015f olursunuz. \u00c7erezler \u00e7evrimi\u00e7i deneyiminizi ki\u015fiselle\u015ftirmek i\u00e7in kullan\u0131l\u0131r ve baz\u0131lar\u0131 web sitemizin \u00e7al\u0131\u015fmas\u0131 i\u00e7in gereklidir. \u00c7erez tercihlerinizi taray\u0131c\u0131 ayarlar\u0131n\u0131zdan y\u00f6netebilirsiniz.<\/p>\n\n\n\n<p><strong>Ruhsat:<\/strong><\/p>\n\n\n\n<p>Aksi belirtilmedik\u00e7e, Changzhou Canbo Travel Products Co, LTD ve\/veya lisans\u00f6rleri bu web sitesindeki t\u00fcm materyallerin fikri m\u00fclkiyet haklar\u0131na sahiptir. T\u00fcm fikri m\u00fclkiyet haklar\u0131 sakl\u0131d\u0131r. Web sitemizdeki materyallere, bu h\u00fck\u00fcm ve ko\u015fullarda belirtilen k\u0131s\u0131tlamalara tabi olarak kendi ki\u015fisel kullan\u0131m\u0131n\u0131z i\u00e7in eri\u015febilirsiniz.<\/p>\n\n\n\n<p>Yapmamal\u0131s\u0131n:<\/p>\n\n\n\n<ul class=\"wp-block-list\">\n<li>Web sitemizdeki materyalleri kopyalamak veya yeniden yay\u0131nlamak<\/li>\n\n\n\n<li>Web sitemizdeki materyalleri satmak, kiralamak veya alt lisans vermek<\/li>\n\n\n\n<li>Web sitemizdeki materyalleri \u00e7o\u011faltmak, \u00e7o\u011faltmak veya kopyalamak<\/li>\n\n\n\n<li>Web sitemizdeki i\u00e7eri\u011fi yeniden da\u011f\u0131tmak<\/li>\n<\/ul>\n\n\n\n<p>\u0130\u015fbu S\u00f6zle\u015fme, i\u015fbu S\u00f6zle\u015fme tarihinde ba\u015flayacakt\u0131r.<\/p>\n\n\n\n<p><strong>Kullan\u0131c\u0131 Yorumlar\u0131:<\/strong><\/p>\n\n\n\n<p>Web sitemizin belirli alanlar\u0131 kullan\u0131c\u0131lar\u0131n yorum g\u00f6ndermesine veya bilgi payla\u015fmas\u0131na izin verebilir. Changzhou Canbo Travel Products Co, LTD, web sitesinde g\u00f6r\u00fcnmeden \u00f6nce yorumlar\u0131 filtrelemez, d\u00fczenlemez, yay\u0131nlamaz veya g\u00f6zden ge\u00e7irmez. Yorumlar, onlar\u0131 g\u00f6nderen ki\u015finin g\u00f6r\u00fc\u015flerini yans\u0131t\u0131r ve \u015firketin g\u00f6r\u00fc\u015flerini yans\u0131tmak zorunda de\u011fildir.<\/p>\n\n\n\n<p>T\u00fcm yorumlar\u0131 izleme ve uygunsuz, sald\u0131rgan veya bu H\u00fck\u00fcm ve Ko\u015fullar\u0131 ihlal eden yorumlar\u0131 kald\u0131rma hakk\u0131m\u0131z\u0131 sakl\u0131 tutar\u0131z.<\/p>\n\n\n\n<p>\u015eunlar\u0131 garanti ve beyan edersiniz:<\/p>\n\n\n\n<ul class=\"wp-block-list\">\n<li>Yorumlar\u0131 web sitemizde yay\u0131nlama hakk\u0131na sahipsiniz ve bunu yapmak i\u00e7in gerekli t\u00fcm lisans ve izinlere sahipsiniz;<\/li>\n\n\n\n<li>Yorumlar herhangi bir \u00fc\u00e7\u00fcnc\u00fc taraf\u0131n fikri m\u00fclkiyet hakk\u0131n\u0131 ihlal etmemektedir;<\/li>\n\n\n\n<li>Yorumlar karalay\u0131c\u0131, iftira niteli\u011finde, sald\u0131rgan veya ba\u015fka bir \u015fekilde yasa d\u0131\u015f\u0131 materyal i\u00e7ermez;<\/li>\n\n\n\n<li>Yorumlar, i\u015f istemek veya tan\u0131tmak ya da yasa d\u0131\u015f\u0131 faaliyetler sunmak i\u00e7in kullan\u0131lmayacakt\u0131r.<\/li>\n<\/ul>\n\n\n\n<p>Changzhou Canbo Travel Products Co., LTD'ye yorumlar\u0131n\u0131z\u0131 herhangi bir bi\u00e7imde, formatta veya medyada kullanmak, \u00e7o\u011faltmak, d\u00fczenlemek ve ba\u015fkalar\u0131na kullanma, \u00e7o\u011faltma ve d\u00fczenleme yetkisi vermek i\u00e7in m\u00fcnhas\u0131r olmayan bir lisans verirsiniz.<\/p>\n\n\n\n<p><strong>\u0130\u00e7eri\u011fimize K\u00f6pr\u00fc Olu\u015fturma:<\/strong><\/p>\n\n\n\n<p>A\u015fa\u011f\u0131daki kurulu\u015flar \u00f6nceden yaz\u0131l\u0131 onay almaks\u0131z\u0131n Web Sitemize ba\u011flant\u0131 verebilirler:<\/p>\n\n\n\n<ul class=\"wp-block-list\">\n<li>Devlet kurumlar\u0131;<\/li>\n\n\n\n<li>Arama motorlar\u0131;<\/li>\n\n\n\n<li>Haber kurulu\u015flar\u0131;<\/li>\n\n\n\n<li>\u00c7evrimi\u00e7i dizin da\u011f\u0131t\u0131c\u0131lar\u0131, listelenen di\u011fer i\u015fletmelere k\u00f6pr\u00fc olu\u015fturduklar\u0131 gibi Web Sitemize de ba\u011flant\u0131 verebilirler;<\/li>\n\n\n\n<li>Kar amac\u0131 g\u00fctmeyen kurulu\u015flar, yard\u0131m ama\u00e7l\u0131 al\u0131\u015fveri\u015f merkezleri ve yard\u0131m ama\u00e7l\u0131 ba\u011f\u0131\u015f toplama gruplar\u0131 hari\u00e7 olmak \u00fczere sistem genelinde Akredite \u0130\u015fletmeler.<\/li>\n<\/ul>\n\n\n\n<p>Di\u011fer kurulu\u015flardan gelen ba\u011flant\u0131 taleplerini, a\u015fa\u011f\u0131daki hususlara karar vermemiz halinde de\u011ferlendirebilir ve onaylayabiliriz: (a) ba\u011flant\u0131n\u0131n bizi olumsuz g\u00f6stermeyece\u011fine; (b) kurulu\u015fun bizimle herhangi bir olumsuz kayd\u0131 bulunmad\u0131\u011f\u0131na; (c) k\u00f6pr\u00fcn\u00fcn g\u00f6r\u00fcn\u00fcrl\u00fc\u011f\u00fcn\u00fcn faydas\u0131n\u0131n Changzhou Canbo Travel Products Co., LTD'nin yoklu\u011funu telafi etti\u011fine; ve (d) ba\u011flant\u0131n\u0131n genel kaynak bilgileri ba\u011flam\u0131nda oldu\u011funa karar verirsek.<\/p>\n\n\n\n<p>Onaylanm\u0131\u015f kurulu\u015flar Web Sitemize a\u015fa\u011f\u0131daki \u015fekilde k\u00f6pr\u00fc ba\u011flant\u0131 verebilir:<\/p>\n\n\n\n<ul class=\"wp-block-list\">\n<li>Kurumsal ad\u0131m\u0131z\u0131 kullanarak; veya<\/li>\n\n\n\n<li>Ba\u011flant\u0131 verilen tek tip kaynak konumland\u0131r\u0131c\u0131s\u0131n\u0131n kullan\u0131m\u0131yla; veya<\/li>\n\n\n\n<li>Ba\u011flant\u0131 verilen taraf\u0131n sitesindeki i\u00e7eri\u011fin ba\u011flam\u0131 ve bi\u00e7imi i\u00e7inde anlaml\u0131 olan, ba\u011flant\u0131 verilen Web Sitemizin ba\u015fka herhangi bir tan\u0131m\u0131n\u0131 kullanarak.<\/li>\n<\/ul>\n\n\n\n<p>Changzhou Canbo Travel Products Co., LTD'nin logosunun veya di\u011fer sanat eserlerinin ticari marka lisans s\u00f6zle\u015fmesi olmadan ba\u011flant\u0131 i\u00e7in kullan\u0131lmas\u0131na izin verilmeyecektir.<\/p>\n\n\n\n<p><strong>\u0130\u00e7erik Sorumlulu\u011fu:<\/strong><\/p>\n\n\n\n<p>Web sitenizde g\u00f6r\u00fcnen herhangi bir i\u00e7erikten sorumlu tutulamay\u0131z. Web sitenizdeki i\u00e7erikten kaynaklanan t\u00fcm iddialara kar\u015f\u0131 bizi korumay\u0131 ve savunmay\u0131 kabul edersiniz. Herhangi bir web sitesinde hakaret, m\u00fcstehcenlik veya su\u00e7 olarak yorumlanabilecek veya herhangi bir \u00fc\u00e7\u00fcnc\u00fc taraf\u0131n haklar\u0131n\u0131 ihlal eden veya ihlal edilmesini savunan hi\u00e7bir ba\u011flant\u0131 (ba\u011flant\u0131lar) g\u00f6r\u00fcnmemelidir.<\/p>\n\n\n\n<p><strong>Haklar\u0131n Sakl\u0131 Tutulmas\u0131:<\/strong><\/p>\n\n\n\n<p>Web Sitemizdeki t\u00fcm ba\u011flant\u0131lar\u0131 veya belirli bir ba\u011flant\u0131y\u0131 kald\u0131rman\u0131z\u0131 talep etme hakk\u0131m\u0131z\u0131 sakl\u0131 tutar\u0131z. Talep \u00fczerine Web Sitemize olan t\u00fcm ba\u011flant\u0131lar\u0131 derhal kald\u0131rmay\u0131 kabul edersiniz. Ayr\u0131ca, bu h\u00fck\u00fcm ve ko\u015fullar\u0131 ve ba\u011flant\u0131 politikas\u0131n\u0131 herhangi bir zamanda de\u011fi\u015ftirme hakk\u0131m\u0131z\u0131 sakl\u0131 tutar\u0131z. Web Sitemize s\u00fcrekli olarak ba\u011flant\u0131 vererek, bu ba\u011flant\u0131 h\u00fck\u00fcm ve ko\u015fullar\u0131na ba\u011fl\u0131 kalmay\u0131 ve bunlara uymay\u0131 kabul etmi\u015f olursunuz.<\/p>\n\n\n\n<p><strong>Web sitemizden ba\u011flant\u0131lar\u0131n kald\u0131r\u0131lmas\u0131:<\/strong><\/p>\n\n\n\n<p>Web sitemizde herhangi bir nedenle rahats\u0131z edici bir ba\u011flant\u0131 bulursan\u0131z, istedi\u011finiz zaman bizimle ileti\u015fime ge\u00e7mekte ve bizi bilgilendirmekte \u00f6zg\u00fcrs\u00fcn\u00fcz. Ba\u011flant\u0131lar\u0131 kald\u0131rma taleplerini de\u011ferlendirece\u011fiz, ancak bunu yapmak veya do\u011frudan yan\u0131t vermek zorunda de\u011filiz.<\/p>\n\n\n\n<p><strong>Sorumluluk reddi:<\/strong><\/p>\n\n\n\n<p>Y\u00fcr\u00fcrl\u00fckteki yasalar\u0131n izin verdi\u011fi azami \u00f6l\u00e7\u00fcde, web sitemiz ve bu web sitesinin kullan\u0131m\u0131 ile ilgili t\u00fcm beyanlar\u0131, garantileri ve ko\u015fullar\u0131 hari\u00e7 tutuyoruz. Bu feragatnamedeki hi\u00e7bir \u015fey:<\/p>\n\n\n\n<ul class=\"wp-block-list\">\n<li>\u00d6l\u00fcm veya ki\u015fisel yaralanma i\u00e7in bizim veya sizin sorumlulu\u011funuzu s\u0131n\u0131rlamak veya hari\u00e7 tutmak;<\/li>\n\n\n\n<li>Doland\u0131r\u0131c\u0131l\u0131k veya hileli yanl\u0131\u015f beyandan dolay\u0131 bizim veya sizin sorumlulu\u011funuzu s\u0131n\u0131rland\u0131rmak veya hari\u00e7 tutmak;<\/li>\n\n\n\n<li>Bizim veya sizin y\u00fck\u00fcml\u00fcl\u00fcklerinizden herhangi birini y\u00fcr\u00fcrl\u00fckteki yasalar kapsam\u0131nda izin verilmeyen herhangi bir \u015fekilde s\u0131n\u0131rland\u0131rmak; veya<\/li>\n\n\n\n<li>Y\u00fcr\u00fcrl\u00fckteki yasalar uyar\u0131nca hari\u00e7 tutulamayacak olan bizim veya sizin y\u00fck\u00fcml\u00fcl\u00fcklerinizi hari\u00e7 tutmak.<\/li>\n<\/ul>\n\n\n\n<p>Bu B\u00f6l\u00fcmde ve bu feragatnamenin ba\u015fka yerlerinde belirtilen sorumluluk s\u0131n\u0131rlamalar\u0131 ve yasaklar\u0131, s\u00f6zle\u015fmeden, haks\u0131z fiilden ve yasal g\u00f6revin ihlalinden do\u011fan sorumluluklar da dahil olmak \u00fczere feragatname kapsam\u0131nda ortaya \u00e7\u0131kan t\u00fcm sorumluluklar\u0131 y\u00f6netir.<\/p>\n\n\n\n<p>Web sitesi ve web sitesindeki bilgi ve hizmetler \u00fccretsiz olarak sa\u011fland\u0131\u011f\u0131 s\u00fcrece, herhangi bir kay\u0131p veya zarardan sorumlu olmayaca\u011f\u0131z.<\/p>","protected":false},"excerpt":{"rendered":"<p>Welcome to Changzhou Canbo Travel Products Co., LTD! These terms and conditions outline the rules and regulations for the use of Changzhou Canbo Travel Products Co., LTD&#8217;s Website, located at https:\/\/canbopet.com. By accessing this website, we assume you accept these terms and conditions. Do not continue to use the website if you do not agree&#8230;<\/p>","protected":false},"author":1,"featured_media":0,"parent":0,"menu_order":0,"comment_status":"closed","ping_status":"closed","template":"","meta":{"_seopress_robots_primary_cat":"","_seopress_titles_title":"","_seopress_titles_desc":"","_seopress_robots_index":"","footnotes":""},"class_list":["post-3319","page","type-page","status-publish"],"meta_box":[],"_links":{"self":[{"href":"https:\/\/canbopet.com\/tr\/wp-json\/wp\/v2\/pages\/3319","targetHints":{"allow":["GET"]}}],"collection":[{"href":"https:\/\/canbopet.com\/tr\/wp-json\/wp\/v2\/pages"}],"about":[{"href":"https:\/\/canbopet.com\/tr\/wp-json\/wp\/v2\/types\/page"}],"author":[{"embeddable":true,"href":"https:\/\/canbopet.com\/tr\/wp-json\/wp\/v2\/users\/1"}],"replies":[{"embeddable":true,"href":"https:\/\/canbopet.com\/tr\/wp-json\/wp\/v2\/comments?post=3319"}],"version-history":[{"count":0,"href":"https:\/\/canbopet.com\/tr\/wp-json\/wp\/v2\/pages\/3319\/revisions"}],"wp:attachment":[{"href":"https:\/\/canbopet.com\/tr\/wp-json\/wp\/v2\/media?parent=3319"}],"curies":[{"name":"wp","href":"https:\/\/api.w.org\/{rel}","templated":true}]}}