{"id":3,"date":"2020-11-30T11:12:39","date_gmt":"2020-11-30T11:12:39","guid":{"rendered":"https:\/\/canbopet.com\/?page_id=3"},"modified":"2026-01-27T19:38:57","modified_gmt":"2026-01-28T03:38:57","slug":"privacy-policy","status":"publish","type":"page","link":"https:\/\/canbopet.com\/vi\/privacy-policy\/","title":{"rendered":"Ch\u00ednh s\u00e1ch b\u1ea3o m\u1eadt"},"content":{"rendered":"<style>.elementor-3 .elementor-element.elementor-element-7ec1c6c1{--display:flex;--gap:40px 40px;--row-gap:40px;--column-gap:40px;--margin-top:150px;--margin-bottom:0px;--margin-left:0px;--margin-right:0px;--padding-top:10px;--padding-bottom:10px;--padding-left:20px;--padding-right:20px;}.elementor-3 .elementor-element.elementor-element-64404b6{text-align:center;}.elementor-3 .elementor-element.elementor-element-64404b6 .elementor-heading-title{font-family:\"Jost\", Sans-serif;font-size:50px;}.elementor-3 .elementor-element.elementor-element-6f224d78{font-family:\"Jost\", Sans-serif;font-size:20px;line-height:40px;}:root{--page-title-display:none;}body.elementor-page-3{margin:0px 0px 0px 0px;}@media(max-width:767px){.elementor-3 .elementor-element.elementor-element-64404b6 .elementor-heading-title{font-size:30px;}.elementor-3 .elementor-element.elementor-element-6f224d78{font-size:18px;}}<\/style>\t\t<div data-elementor-type=\"wp-page\" data-elementor-id=\"3\" class=\"elementor elementor-3\" data-elementor-post-type=\"page\">\n\t\t\t\t<div class=\"elementor-element elementor-element-7ec1c6c1 e-flex e-con-boxed elementor-repeater-item-default_padding elementor-repeater-item-none elementor-repeater-item-none_hover e-con e-parent\" data-id=\"7ec1c6c1\" data-element_type=\"container\" data-e-type=\"container\" data-settings=\"{&quot;ang_container_spacing_size&quot;:&quot;default_padding&quot;}\">\n\t\t\t\t\t<div class=\"e-con-inner\">\n\t\t\t\t<div class=\"elementor-element elementor-element-64404b6 elementor-repeater-item-none elementor-repeater-item-none_hover elementor-widget elementor-widget-heading\" data-id=\"64404b6\" data-element_type=\"widget\" data-e-type=\"widget\" data-widget_type=\"heading.default\">\n\t\t\t\t<div class=\"elementor-widget-container\">\n\t\t\t\t\t<h2 class=\"elementor-heading-title elementor-size-default\">Ch\u00ednh s\u00e1ch b\u1ea3o m\u1eadt<\/h2>\t\t\t\t<\/div>\n\t\t\t\t<\/div>\n\t\t\t\t<div class=\"elementor-element elementor-element-6f224d78 elementor-repeater-item-none elementor-repeater-item-none_hover elementor-widget elementor-widget-text-editor\" data-id=\"6f224d78\" data-element_type=\"widget\" data-e-type=\"widget\" data-widget_type=\"text-editor.default\">\n\t\t\t\t<div class=\"elementor-widget-container\">\n\t\t\t\t\t\t\t\t\t\n<p>Ch\u00fang t\u00f4i r\u1ea5t coi tr\u1ecdng quy\u1ec1n ri\u00eang t\u01b0 c\u1ee7a qu\u00fd kh\u00e1ch. Ch\u00ednh s\u00e1ch c\u1ee7a C\u00f4ng ty TNHH S\u1ea3n ph\u1ea9m Du l\u1ecbch Changzhou Canbo l\u00e0 t\u00f4n tr\u1ecdng quy\u1ec1n ri\u00eang t\u01b0 c\u1ee7a qu\u00fd kh\u00e1ch v\u00e0 tu\u00e2n th\u1ee7 m\u1ecdi lu\u1eadt ph\u00e1p v\u00e0 quy \u0111\u1ecbnh hi\u1ec7n h\u00e0nh li\u00ean quan \u0111\u1ebfn b\u1ea5t k\u1ef3 th\u00f4ng tin c\u00e1 nh\u00e2n n\u00e0o m\u00e0 ch\u00fang t\u00f4i c\u00f3 th\u1ec3 thu th\u1eadp v\u1ec1 qu\u00fd kh\u00e1ch, bao g\u1ed3m c\u1ea3 tr\u00ean trang web c\u1ee7a ch\u00fang t\u00f4i, <a href=\"https:\/\/canbopet.com\/vi\/\">https:\/\/canbopet.com<\/a>, c\u00f9ng c\u00e1c trang web kh\u00e1c m\u00e0 ch\u00fang t\u00f4i s\u1edf h\u1eefu v\u00e0 v\u1eadn h\u00e0nh.<\/p>\n\n<p>Ch\u00ednh s\u00e1ch n\u00e0y c\u00f3 hi\u1ec7u l\u1ef1c k\u1ec3 t\u1eeb ng\u00e0y 20 th\u00e1ng 8 n\u0103m 2024 v\u00e0 \u0111\u01b0\u1ee3c c\u1eadp nh\u1eadt l\u1ea7n cu\u1ed1i v\u00e0o ng\u00e0y 20 th\u00e1ng 8 n\u0103m 2024.<\/p>\n\n<p><strong>Th\u00f4ng tin ch\u00fang t\u00f4i thu th\u1eadp<\/strong><\/p>\n\n<p>Th\u00f4ng tin m\u00e0 ch\u00fang t\u00f4i thu th\u1eadp bao g\u1ed3m c\u1ea3 th\u00f4ng tin m\u00e0 b\u1ea1n ch\u1ee7 \u0111\u1ed9ng v\u00e0 t\u1ef1 nguy\u1ec7n cung c\u1ea5p cho ch\u00fang t\u00f4i khi s\u1eed d\u1ee5ng ho\u1eb7c tham gia b\u1ea5t k\u1ef3 d\u1ecbch v\u1ee5 hay ch\u01b0\u01a1ng tr\u00ecnh khuy\u1ebfn m\u00e3i n\u00e0o c\u1ee7a ch\u00fang t\u00f4i, c\u0169ng nh\u01b0 b\u1ea5t k\u1ef3 th\u00f4ng tin n\u00e0o \u0111\u01b0\u1ee3c thi\u1ebft b\u1ecb c\u1ee7a b\u1ea1n t\u1ef1 \u0111\u1ed9ng g\u1eedi \u0111i trong qu\u00e1 tr\u00ecnh truy c\u1eadp c\u00e1c s\u1ea3n ph\u1ea9m v\u00e0 d\u1ecbch v\u1ee5 c\u1ee7a ch\u00fang t\u00f4i.<\/p>\n\n<p><strong>D\u1eef li\u1ec7u nh\u1eadt k\u00fd<\/strong><\/p>\n\n<p>Khi b\u1ea1n truy c\u1eadp trang web c\u1ee7a ch\u00fang t\u00f4i, c\u00e1c m\u00e1y ch\u1ee7 c\u1ee7a ch\u00fang t\u00f4i c\u00f3 th\u1ec3 t\u1ef1 \u0111\u1ed9ng ghi l\u1ea1i c\u00e1c d\u1eef li\u1ec7u ti\u00eau chu\u1ea9n do tr\u00ecnh duy\u1ec7t web c\u1ee7a b\u1ea1n cung c\u1ea5p. C\u00e1c d\u1eef li\u1ec7u n\u00e0y c\u00f3 th\u1ec3 bao g\u1ed3m \u0111\u1ecba ch\u1ec9 Giao th\u1ee9c Internet (IP) c\u1ee7a thi\u1ebft b\u1ecb, lo\u1ea1i v\u00e0 phi\u00ean b\u1ea3n tr\u00ecnh duy\u1ec7t, c\u00e1c trang b\u1ea1n truy c\u1eadp, th\u1eddi gian v\u00e0 ng\u00e0y truy c\u1eadp, th\u1eddi gian b\u1ea1n d\u00e0nh cho m\u1ed7i trang, c\u00e1c th\u00f4ng tin chi ti\u1ebft kh\u00e1c v\u1ec1 l\u1ea7n truy c\u1eadp c\u1ee7a b\u1ea1n, c\u0169ng nh\u01b0 c\u00e1c th\u00f4ng tin k\u1ef9 thu\u1eadt li\u00ean quan \u0111\u1ebfn b\u1ea5t k\u1ef3 l\u1ed7i n\u00e0o b\u1ea1n c\u00f3 th\u1ec3 g\u1eb7p ph\u1ea3i.<\/p>\n\n<p>Xin l\u01b0u \u00fd r\u1eb1ng m\u1eb7c d\u00f9 b\u1ea3n th\u00e2n th\u00f4ng tin n\u00e0y c\u00f3 th\u1ec3 kh\u00f4ng \u0111\u1ee7 \u0111\u1ec3 x\u00e1c \u0111\u1ecbnh danh t\u00ednh c\u00e1 nh\u00e2n, nh\u01b0ng khi k\u1ebft h\u1ee3p v\u1edbi c\u00e1c d\u1eef li\u1ec7u kh\u00e1c, n\u00f3 c\u00f3 th\u1ec3 \u0111\u01b0\u1ee3c s\u1eed d\u1ee5ng \u0111\u1ec3 x\u00e1c \u0111\u1ecbnh danh t\u00ednh c\u1ee7a t\u1eebng c\u00e1 nh\u00e2n.<\/p>\n\n<p><strong>Th\u00f4ng tin c\u00e1 nh\u00e2n<\/strong><\/p>\n\n<p>Ch\u00fang t\u00f4i c\u00f3 th\u1ec3 y\u00eau c\u1ea7u cung c\u1ea5p th\u00f4ng tin c\u00e1 nh\u00e2n, bao g\u1ed3m m\u1ed9t ho\u1eb7c nhi\u1ec1u n\u1ed9i dung sau:<\/p>\n\n<ul class=\"wp-block-list\">\n<li>T\u00ean<\/li>\n\n<li>\u0110\u1ecba ch\u1ec9 email<\/li>\n<\/ul>\n\n<p><strong>C\u00e1c l\u00fd do h\u1ee3p ph\u00e1p \u0111\u1ec3 x\u1eed l\u00fd th\u00f4ng tin c\u00e1 nh\u00e2n c\u1ee7a b\u1ea1n<\/strong><\/p>\n\n<p>Ch\u00fang t\u00f4i ch\u1ec9 thu th\u1eadp v\u00e0 s\u1eed d\u1ee5ng th\u00f4ng tin c\u00e1 nh\u00e2n c\u1ee7a b\u1ea1n khi c\u00f3 l\u00fd do ch\u00ednh \u0111\u00e1ng. Trong nh\u1eefng tr\u01b0\u1eddng h\u1ee3p \u0111\u00f3, ch\u00fang t\u00f4i ch\u1ec9 thu th\u1eadp nh\u1eefng th\u00f4ng tin c\u00e1 nh\u00e2n th\u1ef1c s\u1ef1 c\u1ea7n thi\u1ebft \u0111\u1ec3 cung c\u1ea5p d\u1ecbch v\u1ee5 cho b\u1ea1n.<\/p>\n\n<p><strong>Thu th\u1eadp v\u00e0 s\u1eed d\u1ee5ng th\u00f4ng tin<\/strong><\/p>\n\n<p>Ch\u00fang t\u00f4i c\u00f3 th\u1ec3 thu th\u1eadp th\u00f4ng tin c\u00e1 nh\u00e2n c\u1ee7a b\u1ea1n khi b\u1ea1n th\u1ef1c hi\u1ec7n b\u1ea5t k\u1ef3 h\u00e0nh \u0111\u1ed9ng n\u00e0o sau \u0111\u00e2y tr\u00ean trang web c\u1ee7a ch\u00fang t\u00f4i:<\/p>\n\n<ul class=\"wp-block-list\">\n<li>H\u00e3y s\u1eed d\u1ee5ng thi\u1ebft b\u1ecb di \u0111\u1ed9ng ho\u1eb7c tr\u00ecnh duy\u1ec7t web \u0111\u1ec3 truy c\u1eadp n\u1ed9i dung c\u1ee7a ch\u00fang t\u00f4i<\/li>\n\n<li>H\u00e3y li\u00ean h\u1ec7 v\u1edbi ch\u00fang t\u00f4i qua email, m\u1ea1ng x\u00e3 h\u1ed9i ho\u1eb7c c\u00e1c n\u1ec1n t\u1ea3ng t\u01b0\u01a1ng t\u1ef1 kh\u00e1c<\/li>\n\n<li>H\u00e3y chia s\u1ebb v\u1ec1 ch\u00fang t\u00f4i tr\u00ean m\u1ea1ng x\u00e3 h\u1ed9i<\/li>\n<\/ul>\n\n<p>Ch\u00fang t\u00f4i c\u00f3 th\u1ec3 thu th\u1eadp, l\u01b0u gi\u1eef, s\u1eed d\u1ee5ng v\u00e0 ti\u1ebft l\u1ed9 th\u00f4ng tin cho c\u00e1c m\u1ee5c \u0111\u00edch sau \u0111\u00e2y, v\u00e0 th\u00f4ng tin c\u00e1 nh\u00e2n s\u1ebd kh\u00f4ng \u0111\u01b0\u1ee3c x\u1eed l\u00fd th\u00eam theo c\u00e1ch tr\u00e1i v\u1edbi c\u00e1c m\u1ee5c \u0111\u00edch n\u00e0y:<\/p>\n\n<ul class=\"wp-block-list\">\n<li>\u0110\u1ec3 gi\u00fap b\u1ea1n t\u00f9y ch\u1ec9nh ho\u1eb7c c\u00e1 nh\u00e2n h\u00f3a tr\u1ea3i nghi\u1ec7m c\u1ee7a m\u00ecnh tr\u00ean trang web c\u1ee7a ch\u00fang t\u00f4i<\/li>\n\n<li>\u0110\u1ec3 ph\u1ee5c v\u1ee5 cho c\u00e1c ho\u1ea1t \u0111\u1ed9ng ph\u00e2n t\u00edch, nghi\u00ean c\u1ee9u th\u1ecb tr\u01b0\u1eddng v\u00e0 ph\u00e1t tri\u1ec3n kinh doanh, bao g\u1ed3m v\u1eadn h\u00e0nh v\u00e0 c\u1ea3i thi\u1ec7n trang web, c\u00e1c \u1ee9ng d\u1ee5ng li\u00ean quan c\u0169ng nh\u01b0 c\u00e1c n\u1ec1n t\u1ea3ng m\u1ea1ng x\u00e3 h\u1ed9i li\u00ean quan<\/li>\n<\/ul>\n\n<p>Xin l\u01b0u \u00fd r\u1eb1ng ch\u00fang t\u00f4i c\u00f3 th\u1ec3 k\u1ebft h\u1ee3p th\u00f4ng tin m\u00e0 ch\u00fang t\u00f4i thu th\u1eadp v\u1ec1 qu\u00fd v\u1ecb v\u1edbi th\u00f4ng tin chung ho\u1eb7c d\u1eef li\u1ec7u nghi\u00ean c\u1ee9u m\u00e0 ch\u00fang t\u00f4i nh\u1eadn \u0111\u01b0\u1ee3c t\u1eeb c\u00e1c ngu\u1ed3n \u0111\u00e1ng tin c\u1eady kh\u00e1c.<\/p>\n\n<p><strong>B\u1ea3o m\u1eadt th\u00f4ng tin c\u00e1 nh\u00e2n c\u1ee7a b\u1ea1n<\/strong><\/p>\n\n<p>Khi thu th\u1eadp v\u00e0 x\u1eed l\u00fd th\u00f4ng tin c\u00e1 nh\u00e2n, c\u0169ng nh\u01b0 trong su\u1ed1t th\u1eddi gian l\u01b0u gi\u1eef th\u00f4ng tin n\u00e0y, ch\u00fang t\u00f4i s\u1ebd b\u1ea3o v\u1ec7 th\u00f4ng tin \u0111\u00f3 b\u1eb1ng c\u00e1c bi\u1ec7n ph\u00e1p ph\u00f9 h\u1ee3p v\u1ec1 m\u1eb7t th\u01b0\u01a1ng m\u1ea1i nh\u1eb1m ng\u0103n ch\u1eb7n vi\u1ec7c m\u1ea5t m\u00e1t v\u00e0 tr\u1ed9m c\u1eafp, c\u0169ng nh\u01b0 vi\u1ec7c truy c\u1eadp, ti\u1ebft l\u1ed9, sao ch\u00e9p, s\u1eed d\u1ee5ng ho\u1eb7c s\u1eeda \u0111\u1ed5i tr\u00e1i ph\u00e9p.<\/p>\n\n<p>M\u1eb7c d\u00f9 ch\u00fang t\u00f4i s\u1ebd n\u1ed7 l\u1ef1c h\u1ebft s\u1ee9c \u0111\u1ec3 b\u1ea3o v\u1ec7 th\u00f4ng tin c\u00e1 nh\u00e2n m\u00e0 qu\u00fd kh\u00e1ch cung c\u1ea5p cho ch\u00fang t\u00f4i, ch\u00fang t\u00f4i xin l\u01b0u \u00fd r\u1eb1ng kh\u00f4ng c\u00f3 ph\u01b0\u01a1ng th\u1ee9c truy\u1ec1n t\u1ea3i ho\u1eb7c l\u01b0u tr\u1eef \u0111i\u1ec7n t\u1eed n\u00e0o l\u00e0 an to\u00e0n 100%, v\u00e0 kh\u00f4ng ai c\u00f3 th\u1ec3 \u0111\u1ea3m b\u1ea3o an ninh d\u1eef li\u1ec7u tuy\u1ec7t \u0111\u1ed1i. Ch\u00fang t\u00f4i s\u1ebd tu\u00e2n th\u1ee7 c\u00e1c quy \u0111\u1ecbnh ph\u00e1p lu\u1eadt hi\u1ec7n h\u00e0nh trong tr\u01b0\u1eddng h\u1ee3p x\u1ea3y ra s\u1ef1 c\u1ed1 r\u00f2 r\u1ec9 d\u1eef li\u1ec7u.<\/p>\n\n<p>B\u1ea1n ch\u1ecbu tr\u00e1ch nhi\u1ec7m trong vi\u1ec7c l\u1ef1a ch\u1ecdn m\u1eadt kh\u1ea9u v\u00e0 \u0111\u1ea3m b\u1ea3o m\u1ee9c \u0111\u1ed9 b\u1ea3o m\u1eadt c\u1ee7a m\u1eadt kh\u1ea9u \u0111\u00f3, \u0111\u1ed3ng th\u1eddi \u0111\u1ea3m b\u1ea3o an to\u00e0n cho th\u00f4ng tin c\u00e1 nh\u00e2n c\u1ee7a b\u1ea1n trong ph\u1ea1m vi c\u00e1c d\u1ecbch v\u1ee5 c\u1ee7a ch\u00fang t\u00f4i.<\/p>\n\n<p><strong>Ch\u00fang t\u00f4i l\u01b0u gi\u1eef th\u00f4ng tin c\u00e1 nh\u00e2n c\u1ee7a qu\u00fd kh\u00e1ch trong bao l\u00e2u<\/strong><\/p>\n\n<p>Ch\u00fang t\u00f4i ch\u1ec9 l\u01b0u gi\u1eef th\u00f4ng tin c\u00e1 nh\u00e2n c\u1ee7a b\u1ea1n trong th\u1eddi gian c\u1ea7n thi\u1ebft. Th\u1eddi gian n\u00e0y c\u00f3 th\u1ec3 ph\u1ee5 thu\u1ed9c v\u00e0o m\u1ee5c \u0111\u00edch s\u1eed d\u1ee5ng th\u00f4ng tin c\u1ee7a b\u1ea1n, theo quy \u0111\u1ecbnh t\u1ea1i ch\u00ednh s\u00e1ch b\u1ea3o m\u1eadt n\u00e0y. N\u1ebfu th\u00f4ng tin c\u00e1 nh\u00e2n c\u1ee7a b\u1ea1n kh\u00f4ng c\u00f2n c\u1ea7n thi\u1ebft, ch\u00fang t\u00f4i s\u1ebd x\u00f3a ho\u1eb7c \u1ea9n danh h\u00f3a th\u00f4ng tin \u0111\u00f3 b\u1eb1ng c\u00e1ch lo\u1ea1i b\u1ecf t\u1ea5t c\u1ea3 c\u00e1c chi ti\u1ebft c\u00f3 th\u1ec3 x\u00e1c \u0111\u1ecbnh danh t\u00ednh c\u1ee7a b\u1ea1n.<\/p>\n\n<p>Tuy nhi\u00ean, n\u1ebfu c\u1ea7n thi\u1ebft, ch\u00fang t\u00f4i c\u00f3 th\u1ec3 l\u01b0u gi\u1eef th\u00f4ng tin c\u00e1 nh\u00e2n c\u1ee7a qu\u00fd v\u1ecb \u0111\u1ec3 tu\u00e2n th\u1ee7 c\u00e1c ngh\u0129a v\u1ee5 ph\u00e1p l\u00fd, k\u1ebf to\u00e1n ho\u1eb7c b\u00e1o c\u00e1o, ho\u1eb7c \u0111\u1ec3 l\u01b0u tr\u1eef v\u00ec l\u1ee3i \u00edch c\u00f4ng c\u1ed9ng, ph\u1ee5c v\u1ee5 m\u1ee5c \u0111\u00edch nghi\u00ean c\u1ee9u khoa h\u1ecdc ho\u1eb7c l\u1ecbch s\u1eed, ho\u1eb7c cho m\u1ee5c \u0111\u00edch th\u1ed1ng k\u00ea.<\/p>\n\n<p><strong>Quy\u1ec1n ri\u00eang t\u01b0 c\u1ee7a tr\u1ebb em<\/strong><\/p>\n\n<p>Ch\u00fang t\u00f4i kh\u00f4ng nh\u1eafm m\u1ee5c ti\u00eau b\u1ea5t k\u1ef3 s\u1ea3n ph\u1ea9m hay d\u1ecbch v\u1ee5 n\u00e0o c\u1ee7a m\u00ecnh tr\u1ef1c ti\u1ebfp \u0111\u1ebfn tr\u1ebb em d\u01b0\u1edbi 13 tu\u1ed5i, v\u00e0 ch\u00fang t\u00f4i kh\u00f4ng c\u1ed1 \u00fd thu th\u1eadp th\u00f4ng tin c\u00e1 nh\u00e2n c\u1ee7a tr\u1ebb em d\u01b0\u1edbi 13 tu\u1ed5i.<\/p>\n\n<p><strong>Vi\u1ec7c chuy\u1ec3n giao th\u00f4ng tin c\u00e1 nh\u00e2n ra n\u01b0\u1edbc ngo\u00e0i<\/strong><\/p>\n\n<p>Th\u00f4ng tin c\u00e1 nh\u00e2n m\u00e0 ch\u00fang t\u00f4i thu th\u1eadp \u0111\u01b0\u1ee3c l\u01b0u tr\u1eef v\u00e0\/ho\u1eb7c x\u1eed l\u00fd t\u1ea1i c\u00e1c \u0111\u1ecba \u0111i\u1ec3m n\u01a1i ch\u00fang t\u00f4i ho\u1eb7c c\u00e1c \u0111\u1ed1i t\u00e1c, c\u00f4ng ty li\u00ean k\u1ebft v\u00e0 nh\u00e0 cung c\u1ea5p b\u00ean th\u1ee9 ba c\u1ee7a ch\u00fang t\u00f4i c\u00f3 c\u01a1 s\u1edf ho\u1ea1t \u0111\u1ed9ng. Xin l\u01b0u \u00fd r\u1eb1ng c\u00e1c \u0111\u1ecba \u0111i\u1ec3m m\u00e0 ch\u00fang t\u00f4i l\u01b0u tr\u1eef, x\u1eed l\u00fd ho\u1eb7c chuy\u1ec3n giao th\u00f4ng tin c\u00e1 nh\u00e2n c\u1ee7a b\u1ea1n c\u00f3 th\u1ec3 kh\u00f4ng \u00e1p d\u1ee5ng c\u00e1c lu\u1eadt b\u1ea3o v\u1ec7 d\u1eef li\u1ec7u gi\u1ed1ng nh\u01b0 qu\u1ed1c gia n\u01a1i b\u1ea1n ban \u0111\u1ea7u cung c\u1ea5p th\u00f4ng tin. N\u1ebfu ch\u00fang t\u00f4i chuy\u1ec3n giao th\u00f4ng tin c\u00e1 nh\u00e2n c\u1ee7a b\u1ea1n cho c\u00e1c b\u00ean th\u1ee9 ba \u1edf c\u00e1c qu\u1ed1c gia kh\u00e1c: (1) ch\u00fang t\u00f4i s\u1ebd th\u1ef1c hi\u1ec7n c\u00e1c chuy\u1ec3n giao \u0111\u00f3 theo c\u00e1c y\u00eau c\u1ea7u c\u1ee7a lu\u1eadt ph\u00e1p hi\u1ec7n h\u00e0nh; v\u00e0 (2) ch\u00fang t\u00f4i s\u1ebd b\u1ea3o v\u1ec7 th\u00f4ng tin c\u00e1 nh\u00e2n \u0111\u01b0\u1ee3c chuy\u1ec3n giao theo ch\u00ednh s\u00e1ch b\u1ea3o m\u1eadt n\u00e0y.<\/p>\n\n<p><strong>Quy\u1ec1n c\u1ee7a b\u1ea1n v\u00e0 vi\u1ec7c qu\u1ea3n l\u00fd th\u00f4ng tin c\u00e1 nh\u00e2n<\/strong><\/p>\n\n<p>Qu\u00fd v\u1ecb lu\u00f4n c\u00f3 quy\u1ec1n t\u1eeb ch\u1ed1i cung c\u1ea5p th\u00f4ng tin c\u00e1 nh\u00e2n cho ch\u00fang t\u00f4i, tuy nhi\u00ean xin l\u01b0u \u00fd r\u1eb1ng \u0111i\u1ec1u n\u00e0y c\u00f3 th\u1ec3 \u1ea3nh h\u01b0\u1edfng \u0111\u1ebfn tr\u1ea3i nghi\u1ec7m c\u1ee7a qu\u00fd v\u1ecb khi s\u1eed d\u1ee5ng trang web c\u1ee7a ch\u00fang t\u00f4i. Ch\u00fang t\u00f4i s\u1ebd kh\u00f4ng ph\u00e2n bi\u1ec7t \u0111\u1ed1i x\u1eed v\u1edbi qu\u00fd v\u1ecb v\u00ec vi\u1ec7c qu\u00fd v\u1ecb th\u1ef1c hi\u1ec7n b\u1ea5t k\u1ef3 quy\u1ec1n n\u00e0o li\u00ean quan \u0111\u1ebfn th\u00f4ng tin c\u00e1 nh\u00e2n c\u1ee7a m\u00ecnh. N\u1ebfu qu\u00fd v\u1ecb cung c\u1ea5p th\u00f4ng tin c\u00e1 nh\u00e2n cho ch\u00fang t\u00f4i, qu\u00fd v\u1ecb hi\u1ec3u r\u1eb1ng ch\u00fang t\u00f4i s\u1ebd thu th\u1eadp, l\u01b0u tr\u1eef, s\u1eed d\u1ee5ng v\u00e0 ti\u1ebft l\u1ed9 th\u00f4ng tin \u0111\u00f3 theo ch\u00ednh s\u00e1ch b\u1ea3o m\u1eadt n\u00e0y. Qu\u00fd v\u1ecb c\u00f3 quy\u1ec1n y\u00eau c\u1ea7u cung c\u1ea5p chi ti\u1ebft v\u1ec1 b\u1ea5t k\u1ef3 th\u00f4ng tin c\u00e1 nh\u00e2n n\u00e0o m\u00e0 ch\u00fang t\u00f4i \u0111ang l\u01b0u tr\u1eef v\u1ec1 qu\u00fd v\u1ecb.<\/p>\n\n<p>N\u1ebfu ch\u00fang t\u00f4i nh\u1eadn \u0111\u01b0\u1ee3c th\u00f4ng tin c\u00e1 nh\u00e2n v\u1ec1 b\u1ea1n t\u1eeb m\u1ed9t b\u00ean th\u1ee9 ba, ch\u00fang t\u00f4i s\u1ebd b\u1ea3o v\u1ec7 th\u00f4ng tin \u0111\u00f3 theo quy \u0111\u1ecbnh trong ch\u00ednh s\u00e1ch b\u1ea3o m\u1eadt n\u00e0y. N\u1ebfu b\u1ea1n l\u00e0 b\u00ean th\u1ee9 ba cung c\u1ea5p th\u00f4ng tin c\u00e1 nh\u00e2n v\u1ec1 ng\u01b0\u1eddi kh\u00e1c, b\u1ea1n cam k\u1ebft v\u00e0 \u0111\u1ea3m b\u1ea3o r\u1eb1ng b\u1ea1n \u0111\u00e3 c\u00f3 s\u1ef1 \u0111\u1ed3ng \u00fd c\u1ee7a ng\u01b0\u1eddi \u0111\u00f3 \u0111\u1ec3 cung c\u1ea5p th\u00f4ng tin c\u00e1 nh\u00e2n cho ch\u00fang t\u00f4i.<\/p>\n\n<p>N\u1ebfu tr\u01b0\u1edbc \u0111\u00e2y qu\u00fd kh\u00e1ch \u0111\u00e3 \u0111\u1ed3ng \u00fd cho ch\u00fang t\u00f4i s\u1eed d\u1ee5ng th\u00f4ng tin c\u00e1 nh\u00e2n c\u1ee7a qu\u00fd kh\u00e1ch cho m\u1ee5c \u0111\u00edch ti\u1ebfp th\u1ecb tr\u1ef1c ti\u1ebfp, qu\u00fd kh\u00e1ch c\u00f3 th\u1ec3 thay \u0111\u1ed5i quy\u1ebft \u0111\u1ecbnh b\u1ea5t c\u1ee9 l\u00fac n\u00e0o. Ch\u00fang t\u00f4i s\u1ebd cung c\u1ea5p cho qu\u00fd kh\u00e1ch t\u00f9y ch\u1ecdn h\u1ee7y \u0111\u0103ng k\u00fd kh\u1ecfi c\u01a1 s\u1edf d\u1eef li\u1ec7u email c\u1ee7a ch\u00fang t\u00f4i ho\u1eb7c t\u1eeb ch\u1ed1i nh\u1eadn c\u00e1c th\u00f4ng tin li\u00ean l\u1ea1c. Xin l\u01b0u \u00fd r\u1eb1ng ch\u00fang t\u00f4i c\u00f3 th\u1ec3 c\u1ea7n y\u00eau c\u1ea7u qu\u00fd kh\u00e1ch cung c\u1ea5p m\u1ed9t s\u1ed1 th\u00f4ng tin c\u1ee5 th\u1ec3 \u0111\u1ec3 gi\u00fap ch\u00fang t\u00f4i x\u00e1c minh danh t\u00ednh c\u1ee7a qu\u00fd kh\u00e1ch.<\/p>\n\n<p>N\u1ebfu qu\u00fd v\u1ecb cho r\u1eb1ng b\u1ea5t k\u1ef3 th\u00f4ng tin n\u00e0o m\u00e0 ch\u00fang t\u00f4i l\u01b0u gi\u1eef v\u1ec1 qu\u00fd v\u1ecb l\u00e0 kh\u00f4ng ch\u00ednh x\u00e1c, \u0111\u00e3 l\u1ed7i th\u1eddi, kh\u00f4ng \u0111\u1ea7y \u0111\u1ee7, kh\u00f4ng li\u00ean quan ho\u1eb7c g\u00e2y hi\u1ec3u l\u1ea7m, vui l\u00f2ng li\u00ean h\u1ec7 v\u1edbi ch\u00fang t\u00f4i theo th\u00f4ng tin li\u00ean l\u1ea1c \u0111\u01b0\u1ee3c n\u00eau trong ch\u00ednh s\u00e1ch b\u1ea3o m\u1eadt n\u00e0y. Ch\u00fang t\u00f4i s\u1ebd th\u1ef1c hi\u1ec7n c\u00e1c bi\u1ec7n ph\u00e1p h\u1ee3p l\u00fd \u0111\u1ec3 \u0111i\u1ec1u ch\u1ec9nh b\u1ea5t k\u1ef3 th\u00f4ng tin n\u00e0o \u0111\u01b0\u1ee3c x\u00e1c \u0111\u1ecbnh l\u00e0 kh\u00f4ng ch\u00ednh x\u00e1c, kh\u00f4ng \u0111\u1ea7y \u0111\u1ee7, g\u00e2y hi\u1ec3u l\u1ea7m ho\u1eb7c \u0111\u00e3 l\u1ed7i th\u1eddi.<\/p>\n\n<p>N\u1ebfu qu\u00fd v\u1ecb cho r\u1eb1ng ch\u00fang t\u00f4i \u0111\u00e3 vi ph\u1ea1m lu\u1eadt b\u1ea3o v\u1ec7 d\u1eef li\u1ec7u c\u00f3 li\u00ean quan v\u00e0 mu\u1ed1n g\u1eedi khi\u1ebfu n\u1ea1i, vui l\u00f2ng li\u00ean h\u1ec7 v\u1edbi ch\u00fang t\u00f4i theo th\u00f4ng tin d\u01b0\u1edbi \u0111\u00e2y v\u00e0 cung c\u1ea5p \u0111\u1ea7y \u0111\u1ee7 chi ti\u1ebft v\u1ec1 h\u00e0nh vi vi ph\u1ea1m \u0111\u01b0\u1ee3c cho l\u00e0 \u0111\u00e3 x\u1ea3y ra. Ch\u00fang t\u00f4i s\u1ebd nhanh ch\u00f3ng \u0111i\u1ec1u tra khi\u1ebfu n\u1ea1i c\u1ee7a qu\u00fd v\u1ecb v\u00e0 tr\u1ea3 l\u1eddi b\u1eb1ng v\u0103n b\u1ea3n, n\u00eau r\u00f5 k\u1ebft qu\u1ea3 \u0111i\u1ec1u tra c\u0169ng nh\u01b0 c\u00e1c bi\u1ec7n ph\u00e1p m\u00e0 ch\u00fang t\u00f4i s\u1ebd th\u1ef1c hi\u1ec7n \u0111\u1ec3 gi\u1ea3i quy\u1ebft khi\u1ebfu n\u1ea1i c\u1ee7a qu\u00fd v\u1ecb. Qu\u00fd v\u1ecb c\u0169ng c\u00f3 quy\u1ec1n li\u00ean h\u1ec7 v\u1edbi c\u01a1 quan qu\u1ea3n l\u00fd ho\u1eb7c c\u01a1 quan b\u1ea3o v\u1ec7 d\u1eef li\u1ec7u li\u00ean quan \u0111\u1ebfn khi\u1ebfu n\u1ea1i c\u1ee7a m\u00ecnh.<\/p>\n\n<p><strong>Vi\u1ec7c s\u1eed d\u1ee5ng cookie<\/strong><\/p>\n\n<p>Ch\u00fang t\u00f4i s\u1eed d\u1ee5ng \u201ccookie\u201d \u0111\u1ec3 thu th\u1eadp th\u00f4ng tin v\u1ec1 b\u1ea1n v\u00e0 ho\u1ea1t \u0111\u1ed9ng c\u1ee7a b\u1ea1n tr\u00ean trang web c\u1ee7a ch\u00fang t\u00f4i. Cookie l\u00e0 m\u1ed9t \u0111o\u1ea1n d\u1eef li\u1ec7u nh\u1ecf m\u00e0 trang web c\u1ee7a ch\u00fang t\u00f4i l\u01b0u tr\u1eef tr\u00ean m\u00e1y t\u00ednh c\u1ee7a b\u1ea1n v\u00e0 truy c\u1eadp m\u1ed7i khi b\u1ea1n gh\u00e9 th\u0103m, gi\u00fap ch\u00fang t\u00f4i hi\u1ec3u c\u00e1ch b\u1ea1n s\u1eed d\u1ee5ng trang web. \u0110i\u1ec1u n\u00e0y gi\u00fap ch\u00fang t\u00f4i cung c\u1ea5p n\u1ed9i dung ph\u00f9 h\u1ee3p v\u1edbi c\u00e1c t\u00f9y ch\u1ecdn m\u00e0 b\u1ea1n \u0111\u00e3 thi\u1ebft l\u1eadp.<\/p>\n\n<p><strong>Ph\u1ea1m vi \u00e1p d\u1ee5ng c\u1ee7a ch\u00ednh s\u00e1ch c\u1ee7a ch\u00fang t\u00f4i<\/strong><\/p>\n\n<p>Trang web c\u1ee7a ch\u00fang t\u00f4i c\u00f3 th\u1ec3 ch\u1ee9a c\u00e1c li\u00ean k\u1ebft \u0111\u1ebfn c\u00e1c trang web b\u00ean ngo\u00e0i kh\u00f4ng do ch\u00fang t\u00f4i qu\u1ea3n l\u00fd. Xin l\u01b0u \u00fd r\u1eb1ng ch\u00fang t\u00f4i kh\u00f4ng ki\u1ec3m so\u00e1t n\u1ed9i dung v\u00e0 ch\u00ednh s\u00e1ch c\u1ee7a c\u00e1c trang web \u0111\u00f3 v\u00e0 kh\u00f4ng ch\u1ecbu tr\u00e1ch nhi\u1ec7m v\u1ec1 c\u00e1c bi\u1ec7n ph\u00e1p b\u1ea3o v\u1ec7 quy\u1ec1n ri\u00eang t\u01b0 c\u1ee7a h\u1ecd.<\/p>\n\n<p><strong>Nh\u1eefng thay \u0111\u1ed5i \u0111\u1ed1i v\u1edbi Ch\u00ednh s\u00e1ch n\u00e0y<\/strong><\/p>\n\n<p>Theo quy\u1ebft \u0111\u1ecbnh c\u1ee7a ch\u00fang t\u00f4i, ch\u00fang t\u00f4i c\u00f3 th\u1ec3 \u0111i\u1ec1u ch\u1ec9nh ch\u00ednh s\u00e1ch b\u1ea3o m\u1eadt \u0111\u1ec3 ph\u1ea3n \u00e1nh nh\u1eefng thay \u0111\u1ed5i trong quy tr\u00ecnh kinh doanh, c\u00e1c ti\u00eau chu\u1ea9n th\u1ef1c h\u00e0nh hi\u1ec7n h\u00e0nh, ho\u1eb7c nh\u1eefng thay \u0111\u1ed5i v\u1ec1 ph\u00e1p lu\u1eadt v\u00e0 quy \u0111\u1ecbnh. N\u1ebfu ch\u00fang t\u00f4i quy\u1ebft \u0111\u1ecbnh \u0111i\u1ec1u ch\u1ec9nh ch\u00ednh s\u00e1ch b\u1ea3o m\u1eadt n\u00e0y, ch\u00fang t\u00f4i s\u1ebd \u0111\u0103ng t\u1ea3i c\u00e1c n\u1ed9i dung \u0111i\u1ec1u ch\u1ec9nh t\u1ea1i \u0111\u00e2y, t\u1ea1i c\u00f9ng li\u00ean k\u1ebft m\u00e0 qu\u00fd v\u1ecb \u0111ang s\u1eed d\u1ee5ng \u0111\u1ec3 truy c\u1eadp ch\u00ednh s\u00e1ch b\u1ea3o m\u1eadt n\u00e0y.<\/p>\n\n<p>N\u1ebfu ph\u00e1p lu\u1eadt y\u00eau c\u1ea7u, ch\u00fang t\u00f4i s\u1ebd xin s\u1ef1 \u0111\u1ed3ng \u00fd c\u1ee7a qu\u00fd kh\u00e1ch ho\u1eb7c cho ph\u00e9p qu\u00fd kh\u00e1ch ch\u1ecdn tham gia ho\u1eb7c t\u1eeb ch\u1ed1i, t\u00f9y theo t\u1eebng tr\u01b0\u1eddng h\u1ee3p c\u1ee5 th\u1ec3, \u0111\u1ed1i v\u1edbi b\u1ea5t k\u1ef3 h\u00ecnh th\u1ee9c s\u1eed d\u1ee5ng m\u1edbi n\u00e0o \u0111\u1ed1i v\u1edbi th\u00f4ng tin c\u00e1 nh\u00e2n c\u1ee7a qu\u00fd kh\u00e1ch.<\/p>\n\n<p><strong>Li\u00ean h\u1ec7 v\u1edbi ch\u00fang t\u00f4i<\/strong><\/p>\n\n<p>N\u1ebfu c\u00f3 b\u1ea5t k\u1ef3 th\u1eafc m\u1eafc ho\u1eb7c lo ng\u1ea1i n\u00e0o li\u00ean quan \u0111\u1ebfn quy\u1ec1n ri\u00eang t\u01b0 c\u1ee7a qu\u00fd kh\u00e1ch, qu\u00fd kh\u00e1ch c\u00f3 th\u1ec3 li\u00ean h\u1ec7 v\u1edbi ch\u00fang t\u00f4i qua c\u00e1c th\u00f4ng tin sau:<\/p>\n\n<p>C\u00f4ng ty TNHH S\u1ea3n ph\u1ea9m Du l\u1ecbch Changzhou Canbo<br \/><a href=\"https:\/\/canbopet.com\/vi\/\">https:\/\/canbopet.com<\/a><\/p>\n\t\t\t\t\t\t\t\t<\/div>\n\t\t\t\t<\/div>\n\t\t\t\t\t<\/div>\n\t\t\t\t<\/div>\n\t\t\t\t<\/div>","protected":false},"excerpt":{"rendered":"<p>Privacy Policy Your privacy is important to us. It is Changzhou Canbo Travel Products Co., LTD&#8217;s policy to respect your privacy and comply with any applicable law and regulation regarding any personal information we may collect about you, including across our website, https:\/\/canbopet.com, and other sites we own and operate. This policy is effective as&#8230;<\/p>","protected":false},"author":1,"featured_media":0,"parent":0,"menu_order":0,"comment_status":"closed","ping_status":"open","template":"","meta":{"_seopress_robots_primary_cat":"","_seopress_titles_title":"","_seopress_titles_desc":"","_seopress_robots_index":"","footnotes":""},"class_list":["post-3","page","type-page","status-publish"],"meta_box":[],"_links":{"self":[{"href":"https:\/\/canbopet.com\/vi\/wp-json\/wp\/v2\/pages\/3","targetHints":{"allow":["GET"]}}],"collection":[{"href":"https:\/\/canbopet.com\/vi\/wp-json\/wp\/v2\/pages"}],"about":[{"href":"https:\/\/canbopet.com\/vi\/wp-json\/wp\/v2\/types\/page"}],"author":[{"embeddable":true,"href":"https:\/\/canbopet.com\/vi\/wp-json\/wp\/v2\/users\/1"}],"replies":[{"embeddable":true,"href":"https:\/\/canbopet.com\/vi\/wp-json\/wp\/v2\/comments?post=3"}],"version-history":[{"count":0,"href":"https:\/\/canbopet.com\/vi\/wp-json\/wp\/v2\/pages\/3\/revisions"}],"wp:attachment":[{"href":"https:\/\/canbopet.com\/vi\/wp-json\/wp\/v2\/media?parent=3"}],"curies":[{"name":"wp","href":"https:\/\/api.w.org\/{rel}","templated":true}]}}