{"id":3319,"date":"2024-08-20T04:51:11","date_gmt":"2024-08-20T12:51:11","guid":{"rendered":"https:\/\/canbopet.com\/?page_id=3319"},"modified":"2024-08-20T05:10:41","modified_gmt":"2024-08-20T13:10:41","slug":"terms-of-services","status":"publish","type":"page","link":"https:\/\/canbopet.com\/vi\/terms-of-services\/","title":{"rendered":"\u0110i\u1ec1u kho\u1ea3n v\u00e0 \u0110i\u1ec1u ki\u1ec7n"},"content":{"rendered":"<p>Ch\u00e0o m\u1eebng qu\u00fd kh\u00e1ch \u0111\u1ebfn v\u1edbi C\u00f4ng ty TNHH S\u1ea3n ph\u1ea9m Du l\u1ecbch Changzhou Canbo!<\/p>\n\n\n\n<p>C\u00e1c \u0111i\u1ec1u kho\u1ea3n v\u00e0 \u0111i\u1ec1u ki\u1ec7n n\u00e0y n\u00eau r\u00f5 c\u00e1c quy t\u1eafc v\u00e0 quy \u0111\u1ecbnh v\u1ec1 vi\u1ec7c s\u1eed d\u1ee5ng trang web c\u1ee7a C\u00f4ng ty TNHH S\u1ea3n ph\u1ea9m Du l\u1ecbch Changzhou Canbo, c\u00f3 \u0111\u1ecba ch\u1ec9 t\u1ea1i <a href=\"https:\/\/canbopet.com\/vi\/\">https:\/\/canbopet.com<\/a>.<\/p>\n\n\n\n<p>Khi truy c\u1eadp trang web n\u00e0y, ch\u00fang t\u00f4i coi nh\u01b0 b\u1ea1n \u0111\u00e3 ch\u1ea5p nh\u1eadn c\u00e1c \u0111i\u1ec1u kho\u1ea3n v\u00e0 \u0111i\u1ec1u ki\u1ec7n n\u00e0y. Vui l\u00f2ng kh\u00f4ng ti\u1ebfp t\u1ee5c s\u1eed d\u1ee5ng trang web n\u1ebfu b\u1ea1n kh\u00f4ng \u0111\u1ed3ng \u00fd v\u1edbi t\u1ea5t c\u1ea3 c\u00e1c \u0111i\u1ec1u kho\u1ea3n v\u00e0 \u0111i\u1ec1u ki\u1ec7n \u0111\u01b0\u1ee3c n\u00eau tr\u00ean trang n\u00e0y.<\/p>\n\n\n\n<p><strong>Cookie:<\/strong><\/p>\n\n\n\n<p>Ch\u00fang t\u00f4i s\u1eed d\u1ee5ng cookie. Khi truy c\u1eadp trang web c\u1ee7a ch\u00fang t\u00f4i, b\u1ea1n \u0111\u1ed3ng \u00fd v\u1edbi vi\u1ec7c s\u1eed d\u1ee5ng cookie theo ch\u00ednh s\u00e1ch b\u1ea3o m\u1eadt c\u1ee7a ch\u00fang t\u00f4i. Cookie \u0111\u01b0\u1ee3c s\u1eed d\u1ee5ng \u0111\u1ec3 c\u00e1 nh\u00e2n h\u00f3a tr\u1ea3i nghi\u1ec7m tr\u1ef1c tuy\u1ebfn c\u1ee7a b\u1ea1n, v\u00e0 m\u1ed9t s\u1ed1 cookie l\u00e0 c\u1ea7n thi\u1ebft cho ho\u1ea1t \u0111\u1ed9ng c\u1ee7a trang web. B\u1ea1n c\u00f3 th\u1ec3 qu\u1ea3n l\u00fd c\u00e0i \u0111\u1eb7t cookie th\u00f4ng qua c\u00e0i \u0111\u1eb7t tr\u00ecnh duy\u1ec7t c\u1ee7a m\u00ecnh.<\/p>\n\n\n\n<p><strong>Gi\u1ea5y ph\u00e9p:<\/strong><\/p>\n\n\n\n<p>Tr\u1eeb khi c\u00f3 quy \u0111\u1ecbnh kh\u00e1c, C\u00f4ng ty TNHH S\u1ea3n ph\u1ea9m Du l\u1ecbch Changzhou Canbo v\u00e0\/ho\u1eb7c c\u00e1c b\u00ean c\u1ea5p ph\u00e9p c\u1ee7a c\u00f4ng ty n\u00e0y s\u1edf h\u1eefu quy\u1ec1n s\u1edf h\u1eefu tr\u00ed tu\u1ec7 \u0111\u1ed1i v\u1edbi t\u1ea5t c\u1ea3 c\u00e1c t\u00e0i li\u1ec7u tr\u00ean trang web n\u00e0y. T\u1ea5t c\u1ea3 c\u00e1c quy\u1ec1n s\u1edf h\u1eefu tr\u00ed tu\u1ec7 \u0111\u1ec1u \u0111\u01b0\u1ee3c b\u1ea3o l\u01b0u. Qu\u00fd v\u1ecb c\u00f3 th\u1ec3 truy c\u1eadp c\u00e1c t\u00e0i li\u1ec7u t\u1eeb trang web c\u1ee7a ch\u00fang t\u00f4i \u0111\u1ec3 s\u1eed d\u1ee5ng cho m\u1ee5c \u0111\u00edch c\u00e1 nh\u00e2n, tu\u00e2n th\u1ee7 c\u00e1c h\u1ea1n ch\u1ebf \u0111\u01b0\u1ee3c quy \u0111\u1ecbnh trong c\u00e1c \u0111i\u1ec1u kho\u1ea3n v\u00e0 \u0111i\u1ec1u ki\u1ec7n n\u00e0y.<\/p>\n\n\n\n<p>B\u1ea1n kh\u00f4ng \u0111\u01b0\u1ee3c:<\/p>\n\n\n\n<ul class=\"wp-block-list\">\n<li>Sao ch\u00e9p ho\u1eb7c \u0111\u0103ng l\u1ea1i n\u1ed9i dung t\u1eeb trang web c\u1ee7a ch\u00fang t\u00f4i<\/li>\n\n\n\n<li>B\u00e1n, cho thu\u00ea ho\u1eb7c c\u1ea5p ph\u00e9p l\u1ea1i t\u00e0i li\u1ec7u t\u1eeb trang web c\u1ee7a ch\u00fang t\u00f4i<\/li>\n\n\n\n<li>Sao ch\u00e9p, nh\u00e2n b\u1ea3n ho\u1eb7c sao l\u01b0u n\u1ed9i dung t\u1eeb trang web c\u1ee7a ch\u00fang t\u00f4i<\/li>\n\n\n\n<li>Ph\u00e2n ph\u1ed1i l\u1ea1i n\u1ed9i dung t\u1eeb trang web c\u1ee7a ch\u00fang t\u00f4i<\/li>\n<\/ul>\n\n\n\n<p>H\u1ee3p \u0111\u1ed3ng n\u00e0y c\u00f3 hi\u1ec7u l\u1ef1c k\u1ec3 t\u1eeb ng\u00e0y k\u00fd.<\/p>\n\n\n\n<p><strong>Nh\u1eadn x\u00e9t c\u1ee7a ng\u01b0\u1eddi d\u00f9ng:<\/strong><\/p>\n\n\n\n<p>M\u1ed9t s\u1ed1 ph\u1ea7n tr\u00ean trang web c\u1ee7a ch\u00fang t\u00f4i c\u00f3 th\u1ec3 cho ph\u00e9p ng\u01b0\u1eddi d\u00f9ng \u0111\u0103ng b\u00ecnh lu\u1eadn ho\u1eb7c chia s\u1ebb th\u00f4ng tin. C\u00f4ng ty TNHH S\u1ea3n ph\u1ea9m Du l\u1ecbch Changzhou Canbo kh\u00f4ng l\u1ecdc, ch\u1ec9nh s\u1eeda, \u0111\u0103ng t\u1ea3i ho\u1eb7c ki\u1ec3m duy\u1ec7t c\u00e1c b\u00ecnh lu\u1eadn tr\u01b0\u1edbc khi ch\u00fang xu\u1ea5t hi\u1ec7n tr\u00ean trang web. C\u00e1c b\u00ecnh lu\u1eadn ph\u1ea3n \u00e1nh quan \u0111i\u1ec3m c\u1ee7a ng\u01b0\u1eddi \u0111\u0103ng v\u00e0 kh\u00f4ng nh\u1ea5t thi\u1ebft ph\u1ea3n \u00e1nh quan \u0111i\u1ec3m c\u1ee7a c\u00f4ng ty.<\/p>\n\n\n\n<p>Ch\u00fang t\u00f4i c\u00f3 quy\u1ec1n theo d\u00f5i t\u1ea5t c\u1ea3 c\u00e1c b\u00ecnh lu\u1eadn v\u00e0 x\u00f3a b\u1ea5t k\u1ef3 b\u00ecnh lu\u1eadn n\u00e0o kh\u00f4ng ph\u00f9 h\u1ee3p, mang t\u00ednh x\u00fac ph\u1ea1m ho\u1eb7c vi ph\u1ea1m c\u00e1c \u0110i\u1ec1u kho\u1ea3n v\u00e0 \u0110i\u1ec1u ki\u1ec7n n\u00e0y.<\/p>\n\n\n\n<p>B\u1ea1n cam k\u1ebft v\u00e0 kh\u1eb3ng \u0111\u1ecbnh r\u1eb1ng:<\/p>\n\n\n\n<ul class=\"wp-block-list\">\n<li>B\u1ea1n c\u00f3 quy\u1ec1n \u0111\u0103ng b\u00ecnh lu\u1eadn tr\u00ean trang web c\u1ee7a ch\u00fang t\u00f4i v\u00e0 \u0111\u00e3 c\u00f3 \u0111\u1ea7y \u0111\u1ee7 c\u00e1c gi\u1ea5y ph\u00e9p v\u00e0 s\u1ef1 \u0111\u1ed3ng \u00fd c\u1ea7n thi\u1ebft \u0111\u1ec3 th\u1ef1c hi\u1ec7n vi\u1ec7c n\u00e0y;<\/li>\n\n\n\n<li>C\u00e1c b\u00ecnh lu\u1eadn n\u00e0y kh\u00f4ng vi ph\u1ea1m b\u1ea5t k\u1ef3 quy\u1ec1n s\u1edf h\u1eefu tr\u00ed tu\u1ec7 n\u00e0o c\u1ee7a b\u00ean th\u1ee9 ba;<\/li>\n\n\n\n<li>C\u00e1c b\u00ecnh lu\u1eadn kh\u00f4ng ch\u1ee9a n\u1ed9i dung ph\u1ec9 b\u00e1ng, vu kh\u1ed1ng, x\u00fac ph\u1ea1m ho\u1eb7c vi ph\u1ea1m ph\u00e1p lu\u1eadt d\u01b0\u1edbi b\u1ea5t k\u1ef3 h\u00ecnh th\u1ee9c n\u00e0o;<\/li>\n\n\n\n<li>C\u00e1c b\u00ecnh lu\u1eadn s\u1ebd kh\u00f4ng \u0111\u01b0\u1ee3c s\u1eed d\u1ee5ng \u0111\u1ec3 ch\u00e0o m\u1eddi ho\u1eb7c qu\u1ea3ng b\u00e1 ho\u1ea1t \u0111\u1ed9ng kinh doanh, hay \u0111\u1ec3 gi\u1edbi thi\u1ec7u c\u00e1c ho\u1ea1t \u0111\u1ed9ng vi ph\u1ea1m ph\u00e1p lu\u1eadt.<\/li>\n<\/ul>\n\n\n\n<p>B\u1eb1ng v\u0103n b\u1ea3n n\u00e0y, qu\u00fd v\u1ecb c\u1ea5p cho C\u00f4ng ty TNHH S\u1ea3n ph\u1ea9m Du l\u1ecbch Changzhou Canbo gi\u1ea5y ph\u00e9p kh\u00f4ng \u0111\u1ed9c quy\u1ec1n \u0111\u1ec3 s\u1eed d\u1ee5ng, sao ch\u00e9p, ch\u1ec9nh s\u1eeda v\u00e0 cho ph\u00e9p ng\u01b0\u1eddi kh\u00e1c s\u1eed d\u1ee5ng, sao ch\u00e9p v\u00e0 ch\u1ec9nh s\u1eeda b\u1ea5t k\u1ef3 b\u00ecnh lu\u1eadn n\u00e0o c\u1ee7a qu\u00fd v\u1ecb d\u01b0\u1edbi b\u1ea5t k\u1ef3 h\u00ecnh th\u1ee9c, \u0111\u1ecbnh d\u1ea1ng ho\u1eb7c ph\u01b0\u01a1ng ti\u1ec7n truy\u1ec1n th\u00f4ng n\u00e0o.<\/p>\n\n\n\n<p><strong>\u0110\u1eb7t li\u00ean k\u1ebft \u0111\u1ebfn n\u1ed9i dung c\u1ee7a ch\u00fang t\u00f4i:<\/strong><\/p>\n\n\n\n<p>C\u00e1c t\u1ed5 ch\u1ee9c sau \u0111\u00e2y c\u00f3 th\u1ec3 \u0111\u1eb7t li\u00ean k\u1ebft \u0111\u1ebfn Trang web c\u1ee7a ch\u00fang t\u00f4i m\u00e0 kh\u00f4ng c\u1ea7n s\u1ef1 ch\u1ea5p thu\u1eadn tr\u01b0\u1edbc b\u1eb1ng v\u0103n b\u1ea3n:<\/p>\n\n\n\n<ul class=\"wp-block-list\">\n<li>C\u00e1c c\u01a1 quan nh\u00e0 n\u01b0\u1edbc;<\/li>\n\n\n\n<li>C\u00f4ng c\u1ee5 t\u00ecm ki\u1ebfm;<\/li>\n\n\n\n<li>C\u00e1c c\u01a1 quan truy\u1ec1n th\u00f4ng;<\/li>\n\n\n\n<li>C\u00e1c nh\u00e0 ph\u00e2n ph\u1ed1i danh b\u1ea1 tr\u1ef1c tuy\u1ebfn c\u00f3 th\u1ec3 \u0111\u1eb7t li\u00ean k\u1ebft \u0111\u1ebfn Trang web c\u1ee7a ch\u00fang t\u00f4i theo c\u00e1ch t\u01b0\u01a1ng t\u1ef1 nh\u01b0 khi h\u1ecd \u0111\u1eb7t li\u00ean k\u1ebft \u0111\u1ebfn c\u00e1c doanh nghi\u1ec7p kh\u00e1c \u0111\u01b0\u1ee3c li\u1ec7t k\u00ea;<\/li>\n\n\n\n<li>C\u00e1c doanh nghi\u1ec7p \u0111\u01b0\u1ee3c c\u00f4ng nh\u1eadn tr\u00ean to\u00e0n h\u1ec7 th\u1ed1ng, tr\u1eeb c\u00e1c t\u1ed5 ch\u1ee9c phi l\u1ee3i nhu\u1eadn \u0111i v\u1eadn \u0111\u1ed9ng quy\u00ean g\u00f3p, c\u00e1c trung t\u00e2m th\u01b0\u01a1ng m\u1ea1i t\u1eeb thi\u1ec7n v\u00e0 c\u00e1c nh\u00f3m g\u00e2y qu\u1ef9 t\u1eeb thi\u1ec7n.<\/li>\n<\/ul>\n\n\n\n<p>Ch\u00fang t\u00f4i c\u00f3 th\u1ec3 xem x\u00e9t v\u00e0 ch\u1ea5p thu\u1eadn c\u00e1c y\u00eau c\u1ea7u \u0111\u1eb7t li\u00ean k\u1ebft t\u1eeb c\u00e1c t\u1ed5 ch\u1ee9c kh\u00e1c n\u1ebfu ch\u00fang t\u00f4i x\u00e1c \u0111\u1ecbnh r\u1eb1ng: (a) li\u00ean k\u1ebft \u0111\u00f3 s\u1ebd kh\u00f4ng g\u00e2y \u1ea3nh h\u01b0\u1edfng ti\u00eau c\u1ef1c \u0111\u1ebfn h\u00ecnh \u1ea3nh c\u1ee7a ch\u00fang t\u00f4i; (b) t\u1ed5 ch\u1ee9c \u0111\u00f3 kh\u00f4ng c\u00f3 b\u1ea5t k\u1ef3 h\u1ed3 s\u01a1 ti\u00eau c\u1ef1c n\u00e0o v\u1edbi ch\u00fang t\u00f4i; (c) l\u1ee3i \u00edch t\u1eeb vi\u1ec7c t\u0103ng c\u01b0\u1eddng kh\u1ea3 n\u0103ng hi\u1ec3n th\u1ecb c\u1ee7a li\u00ean k\u1ebft b\u00f9 \u0111\u1eafp cho vi\u1ec7c kh\u00f4ng \u0111\u1ec1 c\u1eadp \u0111\u1ebfn C\u00f4ng ty TNHH S\u1ea3n ph\u1ea9m Du l\u1ecbch Changzhou Canbo; v\u00e0 (d) li\u00ean k\u1ebft \u0111\u00f3 n\u1eb1m trong b\u1ed1i c\u1ea3nh cung c\u1ea5p th\u00f4ng tin t\u00e0i nguy\u00ean chung.<\/p>\n\n\n\n<p>C\u00e1c t\u1ed5 ch\u1ee9c \u0111\u01b0\u1ee3c ph\u00ea duy\u1ec7t c\u00f3 th\u1ec3 \u0111\u1eb7t li\u00ean k\u1ebft \u0111\u1ebfn Trang web c\u1ee7a ch\u00fang t\u00f4i nh\u01b0 sau:<\/p>\n\n\n\n<ul class=\"wp-block-list\">\n<li>B\u1eb1ng c\u00e1ch s\u1eed d\u1ee5ng t\u00ean c\u00f4ng ty c\u1ee7a ch\u00fang t\u00f4i; ho\u1eb7c<\/li>\n\n\n\n<li>B\u1eb1ng c\u00e1ch s\u1eed d\u1ee5ng \u0111\u1ecba ch\u1ec9 URL \u0111\u01b0\u1ee3c li\u00ean k\u1ebft \u0111\u1ebfn; ho\u1eb7c<\/li>\n\n\n\n<li>B\u1eb1ng c\u00e1ch s\u1eed d\u1ee5ng b\u1ea5t k\u1ef3 m\u00f4 t\u1ea3 n\u00e0o kh\u00e1c v\u1ec1 Trang web c\u1ee7a ch\u00fang t\u00f4i \u0111\u01b0\u1ee3c li\u00ean k\u1ebft \u0111\u1ebfn, mi\u1ec5n l\u00e0 m\u00f4 t\u1ea3 \u0111\u00f3 ph\u00f9 h\u1ee3p v\u1edbi b\u1ed1i c\u1ea3nh v\u00e0 \u0111\u1ecbnh d\u1ea1ng n\u1ed9i dung tr\u00ean trang web c\u1ee7a b\u00ean li\u00ean k\u1ebft.<\/li>\n<\/ul>\n\n\n\n<p>Kh\u00f4ng \u0111\u01b0\u1ee3c ph\u00e9p s\u1eed d\u1ee5ng logo ho\u1eb7c c\u00e1c t\u00e1c ph\u1ea9m ngh\u1ec7 thu\u1eadt kh\u00e1c c\u1ee7a C\u00f4ng ty TNHH S\u1ea3n ph\u1ea9m Du l\u1ecbch Changzhou Canbo \u0111\u1ec3 \u0111\u1eb7t li\u00ean k\u1ebft n\u1ebfu kh\u00f4ng c\u00f3 th\u1ecfa thu\u1eadn c\u1ea5p ph\u00e9p nh\u00e3n hi\u1ec7u.<\/p>\n\n\n\n<p><strong>Tr\u00e1ch nhi\u1ec7m v\u1ec1 n\u1ed9i dung:<\/strong><\/p>\n\n\n\n<p>Ch\u00fang t\u00f4i s\u1ebd kh\u00f4ng ch\u1ecbu tr\u00e1ch nhi\u1ec7m \u0111\u1ed1i v\u1edbi b\u1ea5t k\u1ef3 n\u1ed9i dung n\u00e0o xu\u1ea5t hi\u1ec7n tr\u00ean trang web c\u1ee7a qu\u00fd v\u1ecb. Qu\u00fd v\u1ecb \u0111\u1ed3ng \u00fd b\u1ea3o v\u1ec7 v\u00e0 b\u1ed3i th\u01b0\u1eddng cho ch\u00fang t\u00f4i tr\u01b0\u1edbc m\u1ecdi khi\u1ebfu n\u1ea1i ph\u00e1t sinh t\u1eeb n\u1ed9i dung tr\u00ean trang web c\u1ee7a qu\u00fd v\u1ecb. Kh\u00f4ng \u0111\u01b0\u1ee3c ph\u00e9p \u0111\u0103ng b\u1ea5t k\u1ef3 li\u00ean k\u1ebft n\u00e0o tr\u00ean b\u1ea5t k\u1ef3 trang web n\u00e0o c\u00f3 th\u1ec3 b\u1ecb coi l\u00e0 vu kh\u1ed1ng, khi\u00eau d\u00e2m, ho\u1eb7c vi ph\u1ea1m ph\u00e1p lu\u1eadt, ho\u1eb7c vi ph\u1ea1m ho\u1eb7c khuy\u1ebfn kh\u00edch vi ph\u1ea1m quy\u1ec1n c\u1ee7a b\u00ean th\u1ee9 ba.<\/p>\n\n\n\n<p><strong>Duy tr\u00ec c\u00e1c quy\u1ec1n:<\/strong><\/p>\n\n\n\n<p>Ch\u00fang t\u00f4i c\u00f3 quy\u1ec1n y\u00eau c\u1ea7u qu\u00fd v\u1ecb g\u1ee1 b\u1ecf t\u1ea5t c\u1ea3 c\u00e1c li\u00ean k\u1ebft ho\u1eb7c b\u1ea5t k\u1ef3 li\u00ean k\u1ebft c\u1ee5 th\u1ec3 n\u00e0o d\u1eabn \u0111\u1ebfn Trang web c\u1ee7a ch\u00fang t\u00f4i. Qu\u00fd v\u1ecb \u0111\u1ed3ng \u00fd g\u1ee1 b\u1ecf ngay l\u1eadp t\u1ee9c t\u1ea5t c\u1ea3 c\u00e1c li\u00ean k\u1ebft d\u1eabn \u0111\u1ebfn Trang web c\u1ee7a ch\u00fang t\u00f4i khi nh\u1eadn \u0111\u01b0\u1ee3c y\u00eau c\u1ea7u. Ch\u00fang t\u00f4i c\u0169ng c\u00f3 quy\u1ec1n s\u1eeda \u0111\u1ed5i c\u00e1c \u0111i\u1ec1u kho\u1ea3n v\u00e0 \u0111i\u1ec1u ki\u1ec7n n\u00e0y c\u0169ng nh\u01b0 ch\u00ednh s\u00e1ch li\u00ean k\u1ebft c\u1ee7a m\u00ecnh v\u00e0o b\u1ea5t k\u1ef3 th\u1eddi \u0111i\u1ec3m n\u00e0o. B\u1eb1ng vi\u1ec7c ti\u1ebfp t\u1ee5c \u0111\u1eb7t li\u00ean k\u1ebft \u0111\u1ebfn Trang web c\u1ee7a ch\u00fang t\u00f4i, qu\u00fd v\u1ecb \u0111\u1ed3ng \u00fd tu\u00e2n th\u1ee7 v\u00e0 ch\u1ea5p h\u00e0nh c\u00e1c \u0111i\u1ec1u kho\u1ea3n v\u00e0 \u0111i\u1ec1u ki\u1ec7n li\u00ean k\u1ebft n\u00e0y.<\/p>\n\n\n\n<p><strong>X\u00f3a c\u00e1c li\u00ean k\u1ebft kh\u1ecfi trang web c\u1ee7a ch\u00fang t\u00f4i:<\/strong><\/p>\n\n\n\n<p>N\u1ebfu b\u1ea1n ph\u00e1t hi\u1ec7n b\u1ea5t k\u1ef3 li\u00ean k\u1ebft n\u00e0o tr\u00ean Trang web c\u1ee7a ch\u00fang t\u00f4i c\u00f3 n\u1ed9i dung g\u00e2y ph\u1ea3n c\u1ea3m v\u00ec b\u1ea5t k\u1ef3 l\u00fd do g\u00ec, b\u1ea1n c\u00f3 th\u1ec3 li\u00ean h\u1ec7 v\u00e0 th\u00f4ng b\u00e1o cho ch\u00fang t\u00f4i b\u1ea5t c\u1ee9 l\u00fac n\u00e0o. Ch\u00fang t\u00f4i s\u1ebd xem x\u00e9t c\u00e1c y\u00eau c\u1ea7u g\u1ee1 b\u1ecf li\u00ean k\u1ebft nh\u01b0ng kh\u00f4ng c\u00f3 ngh\u0129a v\u1ee5 ph\u1ea3i th\u1ef1c hi\u1ec7n \u0111i\u1ec1u \u0111\u00f3 ho\u1eb7c tr\u1ea3 l\u1eddi tr\u1ef1c ti\u1ebfp.<\/p>\n\n\n\n<p><strong>L\u01b0u \u00fd:<\/strong><\/p>\n\n\n\n<p>Trong ph\u1ea1m vi t\u1ed1i \u0111a \u0111\u01b0\u1ee3c ph\u00e1p lu\u1eadt hi\u1ec7n h\u00e0nh cho ph\u00e9p, ch\u00fang t\u00f4i lo\u1ea1i tr\u1eeb m\u1ecdi tuy\u00ean b\u1ed1, b\u1ea3o \u0111\u1ea3m v\u00e0 \u0111i\u1ec1u ki\u1ec7n li\u00ean quan \u0111\u1ebfn trang web c\u1ee7a ch\u00fang t\u00f4i v\u00e0 vi\u1ec7c s\u1eed d\u1ee5ng trang web n\u00e0y. Kh\u00f4ng c\u00f3 n\u1ed9i dung n\u00e0o trong tuy\u00ean b\u1ed1 mi\u1ec5n tr\u1eeb tr\u00e1ch nhi\u1ec7m n\u00e0y s\u1ebd:<\/p>\n\n\n\n<ul class=\"wp-block-list\">\n<li>H\u1ea1n ch\u1ebf ho\u1eb7c lo\u1ea1i tr\u1eeb tr\u00e1ch nhi\u1ec7m c\u1ee7a ch\u00fang t\u00f4i ho\u1eb7c c\u1ee7a qu\u00fd v\u1ecb \u0111\u1ed1i v\u1edbi tr\u01b0\u1eddng h\u1ee3p t\u1eed vong ho\u1eb7c th\u01b0\u01a1ng t\u00edch c\u00e1 nh\u00e2n;<\/li>\n\n\n\n<li>H\u1ea1n ch\u1ebf ho\u1eb7c lo\u1ea1i tr\u1eeb tr\u00e1ch nhi\u1ec7m c\u1ee7a ch\u00fang t\u00f4i ho\u1eb7c c\u1ee7a qu\u00fd v\u1ecb \u0111\u1ed1i v\u1edbi h\u00e0nh vi gian l\u1eadn ho\u1eb7c tuy\u00ean b\u1ed1 sai s\u1ef1 th\u1eadt nh\u1eb1m m\u1ee5c \u0111\u00edch gian l\u1eadn;<\/li>\n\n\n\n<li>H\u1ea1n ch\u1ebf b\u1ea5t k\u1ef3 tr\u00e1ch nhi\u1ec7m ph\u00e1p l\u00fd n\u00e0o c\u1ee7a ch\u00fang t\u00f4i ho\u1eb7c c\u1ee7a qu\u00fd v\u1ecb theo b\u1ea5t k\u1ef3 c\u00e1ch n\u00e0o kh\u00f4ng \u0111\u01b0\u1ee3c ph\u00e1p lu\u1eadt hi\u1ec7n h\u00e0nh cho ph\u00e9p; ho\u1eb7c<\/li>\n\n\n\n<li>Lo\u1ea1i tr\u1eeb b\u1ea5t k\u1ef3 tr\u00e1ch nhi\u1ec7m ph\u00e1p l\u00fd n\u00e0o c\u1ee7a ch\u00fang t\u00f4i ho\u1eb7c c\u1ee7a qu\u00fd v\u1ecb m\u00e0 theo lu\u1eadt hi\u1ec7n h\u00e0nh kh\u00f4ng \u0111\u01b0\u1ee3c ph\u00e9p lo\u1ea1i tr\u1eeb.<\/li>\n<\/ul>\n\n\n\n<p>C\u00e1c gi\u1edbi h\u1ea1n v\u00e0 mi\u1ec5n tr\u1eeb tr\u00e1ch nhi\u1ec7m \u0111\u01b0\u1ee3c quy \u0111\u1ecbnh t\u1ea1i M\u1ee5c n\u00e0y v\u00e0 c\u00e1c ph\u1ea7n kh\u00e1c trong tuy\u00ean b\u1ed1 mi\u1ec5n tr\u1eeb tr\u00e1ch nhi\u1ec7m n\u00e0y \u00e1p d\u1ee5ng \u0111\u1ed1i v\u1edbi m\u1ecdi tr\u00e1ch nhi\u1ec7m ph\u00e1t sinh theo tuy\u00ean b\u1ed1 mi\u1ec5n tr\u1eeb tr\u00e1ch nhi\u1ec7m n\u00e0y, bao g\u1ed3m tr\u00e1ch nhi\u1ec7m ph\u00e1t sinh t\u1eeb h\u1ee3p \u0111\u1ed3ng, t\u1eeb h\u00e0nh vi x\u00e2m ph\u1ea1m d\u00e2n s\u1ef1 v\u00e0 do vi ph\u1ea1m ngh\u0129a v\u1ee5 theo lu\u1eadt \u0111\u1ecbnh.<\/p>\n\n\n\n<p>Mi\u1ec5n l\u00e0 trang web c\u00f9ng c\u00e1c th\u00f4ng tin v\u00e0 d\u1ecbch v\u1ee5 tr\u00ean trang web \u0111\u01b0\u1ee3c cung c\u1ea5p mi\u1ec5n ph\u00ed, ch\u00fang t\u00f4i s\u1ebd kh\u00f4ng ch\u1ecbu tr\u00e1ch nhi\u1ec7m \u0111\u1ed1i v\u1edbi b\u1ea5t k\u1ef3 t\u1ed5n th\u1ea5t ho\u1eb7c thi\u1ec7t h\u1ea1i n\u00e0o d\u01b0\u1edbi b\u1ea5t k\u1ef3 h\u00ecnh th\u1ee9c n\u00e0o.<\/p>","protected":false},"excerpt":{"rendered":"<p>Welcome to Changzhou Canbo Travel Products Co., LTD! These terms and conditions outline the rules and regulations for the use of Changzhou Canbo Travel Products Co., LTD&#8217;s Website, located at https:\/\/canbopet.com. By accessing this website, we assume you accept these terms and conditions. Do not continue to use the website if you do not agree&#8230;<\/p>","protected":false},"author":1,"featured_media":0,"parent":0,"menu_order":0,"comment_status":"closed","ping_status":"closed","template":"","meta":{"_seopress_robots_primary_cat":"","_seopress_titles_title":"","_seopress_titles_desc":"","_seopress_robots_index":"","footnotes":""},"class_list":["post-3319","page","type-page","status-publish"],"meta_box":[],"_links":{"self":[{"href":"https:\/\/canbopet.com\/vi\/wp-json\/wp\/v2\/pages\/3319","targetHints":{"allow":["GET"]}}],"collection":[{"href":"https:\/\/canbopet.com\/vi\/wp-json\/wp\/v2\/pages"}],"about":[{"href":"https:\/\/canbopet.com\/vi\/wp-json\/wp\/v2\/types\/page"}],"author":[{"embeddable":true,"href":"https:\/\/canbopet.com\/vi\/wp-json\/wp\/v2\/users\/1"}],"replies":[{"embeddable":true,"href":"https:\/\/canbopet.com\/vi\/wp-json\/wp\/v2\/comments?post=3319"}],"version-history":[{"count":0,"href":"https:\/\/canbopet.com\/vi\/wp-json\/wp\/v2\/pages\/3319\/revisions"}],"wp:attachment":[{"href":"https:\/\/canbopet.com\/vi\/wp-json\/wp\/v2\/media?parent=3319"}],"curies":[{"name":"wp","href":"https:\/\/api.w.org\/{rel}","templated":true}]}}